{"id":554481,"date":"2025-05-02T08:41:38","date_gmt":"2025-05-02T06:41:38","guid":{"rendered":"https:\/\/compassion.ch\/?page_id=554481"},"modified":"2025-05-07T10:55:17","modified_gmt":"2025-05-07T08:55:17","slug":"storia-di-compassion","status":"publish","type":"page","link":"https:\/\/devcomp.site\/it\/storia-di-compassion\/","title":{"rendered":"La storia di Compassion"},"content":{"rendered":"\t\t<div data-elementor-type=\"wp-page\" data-elementor-id=\"554481\" class=\"elementor elementor-554481 elementor-553898\" data-elementor-post-type=\"page\">\n\t\t\t\t<div class=\"elementor-element elementor-element-fef0617 e-con-full e-flex e-con e-parent\" data-id=\"fef0617\" data-element_type=\"container\" data-e-type=\"container\" data-settings=\"{&quot;background_background&quot;:&quot;classic&quot;}\">\n\t\t<div class=\"elementor-element elementor-element-b58b046 e-con-full e-flex e-con e-child\" data-id=\"b58b046\" data-element_type=\"container\" data-e-type=\"container\">\n\t\t\t\t<div class=\"elementor-element elementor-element-af380fc title elementor-widget elementor-widget-heading\" data-id=\"af380fc\" data-element_type=\"widget\" data-e-type=\"widget\" data-widget_type=\"heading.default\">\n\t\t\t\t<div class=\"elementor-widget-container\">\n\t\t\t\t\t<h1 class=\"elementor-heading-title elementor-size-default\">La storia di Compassion\n<\/h1>\t\t\t\t<\/div>\n\t\t\t\t<\/div>\n\t\t\t\t<div class=\"elementor-element elementor-element-0e3afe6 elementor-widget elementor-widget-text-editor\" data-id=\"0e3afe6\" data-element_type=\"widget\" data-e-type=\"widget\" data-widget_type=\"text-editor.default\">\n\t\t\t\t<div class=\"elementor-widget-container\">\n\t\t\t\t\t\t\t\t\t<p class=\"p1\" style=\"text-align: center;\">Da oltre 70 anni investiamo nello sviluppo del bambino<\/p>\t\t\t\t\t\t\t\t<\/div>\n\t\t\t\t<\/div>\n\t\t\t\t<\/div>\n\t\t<div class=\"elementor-element elementor-element-ae35b96 e-con-full e-flex e-con e-child\" data-id=\"ae35b96\" data-element_type=\"container\" data-e-type=\"container\">\n\t\t\t\t<div class=\"elementor-element elementor-element-77e532e elementor-widget elementor-widget-image\" data-id=\"77e532e\" data-element_type=\"widget\" data-e-type=\"widget\" data-widget_type=\"image.default\">\n\t\t\t\t<div class=\"elementor-widget-container\">\n\t\t\t\t\t\t\t\t\t\t\t\t\t\t\t<img fetchpriority=\"high\" decoding=\"async\" width=\"1080\" height=\"1080\" src=\"https:\/\/devcomp.site\/wp-content\/uploads\/2025\/04\/swanson.jpg\" class=\"attachment-full size-full wp-image-553904\" alt=\"\" srcset=\"https:\/\/devcomp.site\/wp-content\/uploads\/2025\/04\/swanson.jpg 1080w, https:\/\/devcomp.site\/wp-content\/uploads\/2025\/04\/swanson-300x300.jpg 300w, https:\/\/devcomp.site\/wp-content\/uploads\/2025\/04\/swanson-1024x1024.jpg 1024w, https:\/\/devcomp.site\/wp-content\/uploads\/2025\/04\/swanson-150x150.jpg 150w, https:\/\/devcomp.site\/wp-content\/uploads\/2025\/04\/swanson-768x768.jpg 768w\" sizes=\"(max-width: 1080px) 100vw, 1080px\" \/>\t\t\t\t\t\t\t\t\t\t\t\t\t\t\t<\/div>\n\t\t\t\t<\/div>\n\t\t\t\t<\/div>\n\t\t\t\t<\/div>\n\t\t<div class=\"elementor-element elementor-element-287d8a2 e-flex e-con-boxed e-con e-parent\" data-id=\"287d8a2\" data-element_type=\"container\" data-e-type=\"container\">\n\t\t\t\t\t<div class=\"e-con-inner\">\n\t\t<div class=\"elementor-element elementor-element-41f37ed e-con-full e-flex e-con e-child\" data-id=\"41f37ed\" data-element_type=\"container\" data-e-type=\"container\">\n\t\t\t\t<div class=\"elementor-element elementor-element-97984df elementor-widget elementor-widget-image\" data-id=\"97984df\" data-element_type=\"widget\" data-e-type=\"widget\" data-widget_type=\"image.default\">\n\t\t\t\t<div class=\"elementor-widget-container\">\n\t\t\t\t\t\t\t\t\t\t\t\t\t\t\t<img decoding=\"async\" width=\"1080\" height=\"1080\" src=\"https:\/\/devcomp.site\/wp-content\/uploads\/2025\/04\/histoire.jpg\" class=\"attachment-full size-full wp-image-553901\" alt=\"L&#039;histoire de Compassion d\u00e9bute en 1952 en Cor\u00e9e\" srcset=\"https:\/\/devcomp.site\/wp-content\/uploads\/2025\/04\/histoire.jpg 1080w, https:\/\/devcomp.site\/wp-content\/uploads\/2025\/04\/histoire-300x300.jpg 300w, https:\/\/devcomp.site\/wp-content\/uploads\/2025\/04\/histoire-1024x1024.jpg 1024w, https:\/\/devcomp.site\/wp-content\/uploads\/2025\/04\/histoire-150x150.jpg 150w, https:\/\/devcomp.site\/wp-content\/uploads\/2025\/04\/histoire-768x768.jpg 768w\" sizes=\"(max-width: 1080px) 100vw, 1080px\" \/>\t\t\t\t\t\t\t\t\t\t\t\t\t\t\t<\/div>\n\t\t\t\t<\/div>\n\t\t\t\t<\/div>\n\t\t<div class=\"elementor-element elementor-element-22750be e-con-full e-flex e-con e-child\" data-id=\"22750be\" data-element_type=\"container\" data-e-type=\"container\">\n\t\t\t\t<div class=\"elementor-element elementor-element-3d31d91 elementor-widget elementor-widget-text-editor\" data-id=\"3d31d91\" data-element_type=\"widget\" data-e-type=\"widget\" data-widget_type=\"text-editor.default\">\n\t\t\t\t<div class=\"elementor-widget-container\">\n\t\t\t\t\t\t\t\t\t<p>Il lavoro di Compassion ha avuto inizio in Corea, in modo del tutto inaspettato. Siamo nel 1952 e la Corea \u00e8 in guerra da due anni. Il pastore Everett Swanson intraprende un viaggio per incoraggiare i soldati americani e, in quell\u2019occasione, la storia di un cappotto cattura la sua attenzione sugli orfani di guerra di cui nessuno si prende cura.<\/p>\t\t\t\t\t\t\t\t<\/div>\n\t\t\t\t<\/div>\n\t\t\t\t<div class=\"elementor-element elementor-element-a1bc257 elementor-widget elementor-widget-heading\" data-id=\"a1bc257\" data-element_type=\"widget\" data-e-type=\"widget\" data-widget_type=\"heading.default\">\n\t\t\t\t<div class=\"elementor-widget-container\">\n\t\t\t\t\t<h4 class=\"elementor-heading-title elementor-size-default\">Tutto ha inizio con un cappotto...<\/h4>\t\t\t\t<\/div>\n\t\t\t\t<\/div>\n\t\t\t\t<div class=\"elementor-element elementor-element-0655a7f elementor-view-default elementor-widget elementor-widget-icon\" data-id=\"0655a7f\" data-element_type=\"widget\" data-e-type=\"widget\" data-widget_type=\"icon.default\">\n\t\t\t\t<div class=\"elementor-widget-container\">\n\t\t\t\t\t\t\t<div class=\"elementor-icon-wrapper\">\n\t\t\t<a class=\"elementor-icon\" href=\"#movie\">\n\t\t\t<i aria-hidden=\"true\" class=\"fas fa-arrow-down\"><\/i>\t\t\t<\/a>\n\t\t<\/div>\n\t\t\t\t\t\t<\/div>\n\t\t\t\t<\/div>\n\t\t\t\t<\/div>\n\t\t\t\t\t<\/div>\n\t\t\t\t<\/div>\n\t\t<div class=\"elementor-element elementor-element-228abce e-flex e-con-boxed e-con e-parent\" data-id=\"228abce\" data-element_type=\"container\" data-e-type=\"container\" data-settings=\"{&quot;background_background&quot;:&quot;classic&quot;}\">\n\t\t\t\t\t<div class=\"e-con-inner\">\n\t\t<div class=\"elementor-element elementor-element-30ba49e e-con-full e-flex e-con e-child\" data-id=\"30ba49e\" data-element_type=\"container\" data-e-type=\"container\" id=\"movie\">\n\t\t\t\t<div class=\"elementor-element elementor-element-6a7df76 elementor-widget elementor-widget-video\" data-id=\"6a7df76\" data-element_type=\"widget\" data-e-type=\"widget\" data-settings=\"{&quot;video_type&quot;:&quot;vimeo&quot;}\" data-widget_type=\"video.default\">\n\t\t\t\t<div class=\"elementor-widget-container\">\n\t\t\t\t\t\t\t<div class=\"elementor-wrapper elementor-open-inline\">\n\t\t\t<iframe class=\"elementor-video-iframe\" allowfullscreen allow=\"clipboard-write\" title=\"vimeo Video Player\" src=\"https:\/\/player.vimeo.com\/video\/1078224510?color&amp;autopause=0&amp;loop=0&amp;muted=0&amp;title=1&amp;portrait=1&amp;byline=1#t=\"><\/iframe>\t\t<\/div>\n\t\t\t\t\t\t<\/div>\n\t\t\t\t<\/div>\n\t\t\t\t<\/div>\n\t\t\t\t\t<\/div>\n\t\t\t\t<\/div>\n\t\t<div class=\"elementor-element elementor-element-b027b6b e-flex e-con-boxed e-con e-parent\" data-id=\"b027b6b\" data-element_type=\"container\" data-e-type=\"container\" data-settings=\"{&quot;background_background&quot;:&quot;classic&quot;}\">\n\t\t\t\t\t<div class=\"e-con-inner\">\n\t\t<div class=\"elementor-element elementor-element-f30d49a e-con-full e-flex e-con e-child\" data-id=\"f30d49a\" data-element_type=\"container\" data-e-type=\"container\">\n\t\t\t\t<div class=\"elementor-element elementor-element-5d33343 elementor-widget elementor-widget-text-editor\" data-id=\"5d33343\" data-element_type=\"widget\" data-e-type=\"widget\" data-widget_type=\"text-editor.default\">\n\t\t\t\t<div class=\"elementor-widget-container\">\n\t\t\t\t\t\t\t\t\t<p>Al suo ritorno negli Stati Uniti, Everett \u00e8 determinato a intervenire a favore di questi bambini. Riceve due assegni da 50 e 1.000 dollari e torna in Corea con l&#8217;obiettivo di aprire un orfanotrofio che possa accogliere 35 bambini. Nel frattempo, la moglie e un suo amico, il dottor Hemwall, si occupano di raccogliere medicine e donazioni. Ben presto, Everett Swanson avvia un programma di sostegno. In dieci anni, in Corea, vengono sostenuti 10.000 bambini poveri o orfani.<\/p><p>Nel 1962, Everett Swanson rinomina la \u00abSwanson Evangelical Association\u00bb in \u00abCompassion\u00bb, ispirato dalla parola di Ges\u00f9: \u00abHo compassione di questa gente, perch\u00e9 sono gi\u00e0 tre giorni che stanno con me e non hanno nulla da mangiare. Non voglio mandarli via digiuni, perch\u00e9 potrebbero venir meno lungo il cammino\u00bb (Matteo 15:32).<\/p><p>Inizialmente l&#8217;ONG ha lavorato con il proprio orfanotrofio, successivamente ha collaborato con le scuole e, infine, ha optato per una partnership con le chiese locali. In collaborazione con queste ultime, Compassion ha aperto numerosi centri di sviluppo infantile.<\/p>\t\t\t\t\t\t\t\t<\/div>\n\t\t\t\t<\/div>\n\t\t\t\t<div class=\"elementor-element elementor-element-aa4ebbb elementor-widget elementor-widget-heading\" data-id=\"aa4ebbb\" data-element_type=\"widget\" data-e-type=\"widget\" data-widget_type=\"heading.default\">\n\t\t\t\t<div class=\"elementor-widget-container\">\n\t\t\t\t\t<h4 class=\"elementor-heading-title elementor-size-default\">Una delle pi\u00f9 grandi ONG per lo sviluppo dell'infanzia<\/h4>\t\t\t\t<\/div>\n\t\t\t\t<\/div>\n\t\t\t\t<div class=\"elementor-element elementor-element-77c8e2a elementor-widget elementor-widget-text-editor\" data-id=\"77c8e2a\" data-element_type=\"widget\" data-e-type=\"widget\" data-widget_type=\"text-editor.default\">\n\t\t\t\t<div class=\"elementor-widget-container\">\n\t\t\t\t\t\t\t\t\t<p>Nel corso degli anni, l&#8217;organizzazione Compassion \u00e8 diventata una delle pi\u00f9 grandi ONG cristiane impegnate nello lo sviluppo dell&#8217;infanzia. La sua attivit\u00e0 si \u00e8 estesa in Paesi dell\u2019Africa, dell\u2019Asia e dell&#8217;America Latina, continenti accomunati da un elevato tasso di povert\u00e0. Attualmente, Compassion sostiene oltre 2,3 milioni di bambini e le loro famiglie in 29 Paesi del Sud del mondo.<\/p>\t\t\t\t\t\t\t\t<\/div>\n\t\t\t\t<\/div>\n\t\t\t\t<div class=\"elementor-element elementor-element-adb5024 elementor-widget elementor-widget-heading\" data-id=\"adb5024\" data-element_type=\"widget\" data-e-type=\"widget\" data-widget_type=\"heading.default\">\n\t\t\t\t<div class=\"elementor-widget-container\">\n\t\t\t\t\t<h4 class=\"elementor-heading-title elementor-size-default\">La Corea cambia ruolo<\/h4>\t\t\t\t<\/div>\n\t\t\t\t<\/div>\n\t\t\t\t<div class=\"elementor-element elementor-element-ef4e366 elementor-widget elementor-widget-text-editor\" data-id=\"ef4e366\" data-element_type=\"widget\" data-e-type=\"widget\" data-widget_type=\"text-editor.default\">\n\t\t\t\t<div class=\"elementor-widget-container\">\n\t\t\t\t\t\t\t\t\t<p>La Corea del Sud continua a svolgere un ruolo chiave nell&#8217;opera di Compassion. Tuttavia, nel 1993 Compassion ha smesso di fornire sostegno ai bambini coreani, in quanto lo sviluppo di questa nazione non lo richiedeva pi\u00f9. D\u2019altra parte, dal 2003, sostenitori e donatori si sono impegnati a loro volta nella lotta contro l&#8217;estrema povert\u00e0 e oggi, attraverso Compassion Corea, sostengono oltre 140.000 bambini bisognosi.<\/p>\t\t\t\t\t\t\t\t<\/div>\n\t\t\t\t<\/div>\n\t\t\t\t<div class=\"elementor-element elementor-element-aca2b24 elementor-widget elementor-widget-heading\" data-id=\"aca2b24\" data-element_type=\"widget\" data-e-type=\"widget\" data-widget_type=\"heading.default\">\n\t\t\t\t<div class=\"elementor-widget-container\">\n\t\t\t\t\t<h2 class=\"elementor-heading-title elementor-size-default\">La speranza continua qui<\/h2>\t\t\t\t<\/div>\n\t\t\t\t<\/div>\n\t\t\t\t<div class=\"elementor-element elementor-element-59348ff elementor-widget-divider--view-line_icon elementor-hidden-tablet elementor-hidden-mobile elementor-view-default elementor-widget-divider--element-align-center elementor-widget elementor-widget-divider\" data-id=\"59348ff\" data-element_type=\"widget\" data-e-type=\"widget\" data-widget_type=\"divider.default\">\n\t\t\t\t<div class=\"elementor-widget-container\">\n\t\t\t\t\t\t\t<div class=\"elementor-divider\">\n\t\t\t<span class=\"elementor-divider-separator\">\n\t\t\t\t\t\t\t<div class=\"elementor-icon elementor-divider__element\">\n\t\t\t\t\t<svg xmlns=\"http:\/\/www.w3.org\/2000\/svg\" id=\"Calque_1\" width=\"500\" height=\"212.685\" viewBox=\"0 0 500 212.685\"><path d=\"M462.326,146.997c-2.269-3.461-4.418-6.943-6.485-10.445-13.798-27.361-23.212-55.334-29.078-85.732-1.926-9.96-19.064-7.515-17.731,2.7.094.774.249,1.515.357,2.283l-.007.007c.007.04.013.074.02.114,3.024,21.758,8.445,42.075,16.606,61.489-122.069-84.654-283.101-45.065-391.884,51.388-4.35,3.859,2.014,9.785,6.364,6.236,110.453-90.122,274.078-126.055,390.564-31.3-31.334,1.583-62.667,3.178-94.008,4.768-11.67.593-11.313,18.128.418,18.169,36.472.135,72.944.269,109.409.404,4.788.013,7.502-2.936,8.296-6.458,6.283-.64,10.936-7.865,7.158-13.623\"><\/path><\/svg><\/div>\n\t\t\t\t\t\t<\/span>\n\t\t<\/div>\n\t\t\t\t\t\t<\/div>\n\t\t\t\t<\/div>\n\t\t<div class=\"elementor-element elementor-element-d31db63 e-con-full e-flex e-con e-child\" data-id=\"d31db63\" data-element_type=\"container\" data-e-type=\"container\">\n\t\t\t\t<div class=\"elementor-element elementor-element-ee3056e elementor-align-center elementor-widget__width-initial elementor-mobile-align-justify elementor-widget-mobile__width-inherit elementor-widget elementor-widget-button\" data-id=\"ee3056e\" data-element_type=\"widget\" data-e-type=\"widget\" data-widget_type=\"button.default\">\n\t\t\t\t<div class=\"elementor-widget-container\">\n\t\t\t\t\t\t\t\t\t<div class=\"elementor-button-wrapper\">\n\t\t\t\t\t<a class=\"elementor-button elementor-button-link elementor-size-sm\" href=\"https:\/\/devcomp.site\/it\/sostegno-individuale\/sostieni-un-bambino\/\">\n\t\t\t\t\t\t<span class=\"elementor-button-content-wrapper\">\n\t\t\t\t\t\t\t\t\t<span class=\"elementor-button-text\">Desidero sostenere un bambino<\/span>\n\t\t\t\t\t<\/span>\n\t\t\t\t\t<\/a>\n\t\t\t\t<\/div>\n\t\t\t\t\t\t\t\t<\/div>\n\t\t\t\t<\/div>\n\t\t\t\t<div class=\"elementor-element elementor-element-1207553 elementor-align-left elementor-widget__width-initial elementor-mobile-align-justify elementor-widget-mobile__width-inherit elementor-widget elementor-widget-button\" data-id=\"1207553\" data-element_type=\"widget\" data-e-type=\"widget\" data-widget_type=\"button.default\">\n\t\t\t\t<div class=\"elementor-widget-container\">\n\t\t\t\t\t\t\t\t\t<div class=\"elementor-button-wrapper\">\n\t\t\t\t\t<a class=\"elementor-button elementor-button-link elementor-size-sm\" href=\"https:\/\/devcomp.site\/it\/donare\/\">\n\t\t\t\t\t\t<span class=\"elementor-button-content-wrapper\">\n\t\t\t\t\t\t\t\t\t<span class=\"elementor-button-text\">Faccio una donazione<\/span>\n\t\t\t\t\t<\/span>\n\t\t\t\t\t<\/a>\n\t\t\t\t<\/div>\n\t\t\t\t\t\t\t\t<\/div>\n\t\t\t\t<\/div>\n\t\t\t\t<\/div>\n\t\t<div class=\"elementor-element elementor-element-acde188 e-con-full e-flex e-con e-child\" data-id=\"acde188\" data-element_type=\"container\" data-e-type=\"container\">\n\t\t\t\t<\/div>\n\t\t\t\t<\/div>\n\t\t\t\t\t<\/div>\n\t\t\t\t<\/div>\n\t\t\t\t<\/div>\n\t\t","protected":false},"excerpt":{"rendered":"<p>La storia di Compassion Da oltre 70 anni investiamo nello sviluppo del bambino Il lavoro di Compassion ha avuto inizio in Corea, in modo del tutto inaspettato. Siamo nel 1952 e la Corea \u00e8 in guerra da due anni. Il<span class=\"excerpt_more\">&#8230;<\/span><\/p>\n","protected":false},"author":8,"featured_media":0,"parent":0,"menu_order":0,"comment_status":"closed","ping_status":"closed","template":"","meta":{"give_campaign_id":0,"footnotes":""},"class_list":["post-554481","page","type-page","status-publish","hentry"],"campaignId":"","_links":{"self":[{"href":"https:\/\/devcomp.site\/it\/wp-json\/wp\/v2\/pages\/554481","targetHints":{"allow":["GET"]}}],"collection":[{"href":"https:\/\/devcomp.site\/it\/wp-json\/wp\/v2\/pages"}],"about":[{"href":"https:\/\/devcomp.site\/it\/wp-json\/wp\/v2\/types\/page"}],"author":[{"embeddable":true,"href":"https:\/\/devcomp.site\/it\/wp-json\/wp\/v2\/users\/8"}],"replies":[{"embeddable":true,"href":"https:\/\/devcomp.site\/it\/wp-json\/wp\/v2\/comments?post=554481"}],"version-history":[{"count":20,"href":"https:\/\/devcomp.site\/it\/wp-json\/wp\/v2\/pages\/554481\/revisions"}],"predecessor-version":[{"id":554676,"href":"https:\/\/devcomp.site\/it\/wp-json\/wp\/v2\/pages\/554481\/revisions\/554676"}],"wp:attachment":[{"href":"https:\/\/devcomp.site\/it\/wp-json\/wp\/v2\/media?parent=554481"}],"curies":[{"name":"wp","href":"https:\/\/api.w.org\/{rel}","templated":true}]}}