{"id":260913,"date":"2021-04-06T09:11:00","date_gmt":"2021-04-06T07:11:00","guid":{"rendered":"https:\/\/compassion.ch\/prier-avec-compassion\/"},"modified":"2025-06-06T10:53:22","modified_gmt":"2025-06-06T08:53:22","slug":"pregare-con-compassion","status":"publish","type":"page","link":"https:\/\/devcomp.site\/it\/pregare-con-compassion\/","title":{"rendered":"Pregare con Compassion"},"content":{"rendered":"\t\t<div data-elementor-type=\"wp-post\" data-elementor-id=\"260913\" class=\"elementor elementor-260913 elementor-252365\" data-elementor-post-type=\"page\">\n\t\t\t\t<div class=\"elementor-element elementor-element-ada8678 e-con-full e-flex e-con e-parent\" data-id=\"ada8678\" data-element_type=\"container\" data-e-type=\"container\">\n\t\t\t\t<div class=\"elementor-element elementor-element-beb4b01 elementor-widget elementor-widget-heading\" data-id=\"beb4b01\" data-element_type=\"widget\" data-e-type=\"widget\" data-widget_type=\"heading.default\">\n\t\t\t\t<div class=\"elementor-widget-container\">\n\t\t\t\t\t<h2 class=\"elementor-heading-title elementor-size-default\">PREGHIAMO PER I BAMBINI<\/h2>\t\t\t\t<\/div>\n\t\t\t\t<\/div>\n\t\t\t\t<\/div>\n\t\t<div class=\"elementor-element elementor-element-8845cd5 e-flex e-con-boxed e-con e-parent\" data-id=\"8845cd5\" data-element_type=\"container\" data-e-type=\"container\" data-settings=\"{&quot;background_background&quot;:&quot;classic&quot;,&quot;shape_divider_top&quot;:&quot;pyramids&quot;,&quot;shape_divider_bottom&quot;:&quot;pyramids&quot;}\">\n\t\t\t\t\t<div class=\"e-con-inner\">\n\t\t\t\t<div class=\"elementor-shape elementor-shape-top\" aria-hidden=\"true\" data-negative=\"false\">\n\t\t\t<svg xmlns=\"http:\/\/www.w3.org\/2000\/svg\" viewBox=\"0 0 1000 100\" preserveAspectRatio=\"none\">\n\t<path class=\"elementor-shape-fill\" d=\"M761.9,44.1L643.1,27.2L333.8,98L0,3.8V0l1000,0v3.9\"\/>\n<\/svg>\t\t<\/div>\n\t\t\t\t<div class=\"elementor-shape elementor-shape-bottom\" aria-hidden=\"true\" data-negative=\"false\">\n\t\t\t<svg xmlns=\"http:\/\/www.w3.org\/2000\/svg\" viewBox=\"0 0 1000 100\" preserveAspectRatio=\"none\">\n\t<path class=\"elementor-shape-fill\" d=\"M761.9,44.1L643.1,27.2L333.8,98L0,3.8V0l1000,0v3.9\"\/>\n<\/svg>\t\t<\/div>\n\t\t<div class=\"elementor-element elementor-element-63e7dae e-con-full e-flex e-con e-child\" data-id=\"63e7dae\" data-element_type=\"container\" data-e-type=\"container\" id=\"1\">\n\t\t\t\t<div class=\"elementor-element elementor-element-d51e347 elementor-widget elementor-widget-image\" data-id=\"d51e347\" data-element_type=\"widget\" data-e-type=\"widget\" id=\"afrique\" data-widget_type=\"image.default\">\n\t\t\t\t<div class=\"elementor-widget-container\">\n\t\t\t\t\t\t\t\t\t\t\t\t\t\t\t<img fetchpriority=\"high\" decoding=\"async\" width=\"1200\" height=\"800\" src=\"https:\/\/devcomp.site\/wp-content\/uploads\/2025\/05\/tg.jpg\" class=\"attachment-full size-full wp-image-556023\" alt=\"\" srcset=\"https:\/\/devcomp.site\/wp-content\/uploads\/2025\/05\/tg.jpg 1200w, https:\/\/devcomp.site\/wp-content\/uploads\/2025\/05\/tg-300x200.jpg 300w, https:\/\/devcomp.site\/wp-content\/uploads\/2025\/05\/tg-1024x683.jpg 1024w, https:\/\/devcomp.site\/wp-content\/uploads\/2025\/05\/tg-768x512.jpg 768w, https:\/\/devcomp.site\/wp-content\/uploads\/2025\/05\/tg-600x400.jpg 600w, https:\/\/devcomp.site\/wp-content\/uploads\/2025\/05\/tg-272x182.jpg 272w\" sizes=\"(max-width: 1200px) 100vw, 1200px\" \/>\t\t\t\t\t\t\t\t\t\t\t\t\t\t\t<\/div>\n\t\t\t\t<\/div>\n\t\t\t\t<div class=\"elementor-element elementor-element-896f0e7 elementor-widget elementor-widget-heading\" data-id=\"896f0e7\" data-element_type=\"widget\" data-e-type=\"widget\" data-widget_type=\"heading.default\">\n\t\t\t\t<div class=\"elementor-widget-container\">\n\t\t\t\t\t<h3 class=\"elementor-heading-title elementor-size-default\">Togo \u2013 Le tempeste distruggono vite<\/h3>\t\t\t\t<\/div>\n\t\t\t\t<\/div>\n\t\t\t\t<div class=\"elementor-element elementor-element-75611e5 elementor-widget elementor-widget-text-editor\" data-id=\"75611e5\" data-element_type=\"widget\" data-e-type=\"widget\" data-widget_type=\"text-editor.default\">\n\t\t\t\t<div class=\"elementor-widget-container\">\n\t\t\t\t\t\t\t\t\t<p><span style=\"font-weight: 400;\">Il mese scorso vi abbiamo informato degli attentati terroristici di matrice islamista e dell&#8217;omicidio di un pastore. Da allora, <\/span><b>le capanne di quattro bambini sostenuti sono state incendiate.<\/b><\/p><p><span style=\"font-weight: 400;\">A peggiorare la situazione, si sono aggiunti i venti violenti e le piogge torrenziali insolite che hanno colpito il sud del Togo, dove vengono sostenuti oltre 78.000 bambini.<\/span><b> L&#8217;edificio di una chiesa partner \u00e8 stato gravemente danneggiato, cos\u00ec come il centro infantile di un&#8217;altra chiesa.<\/b> <b>Anche le capanne di 31 bambini sostenuti sono state danneggiate o distrutte. <\/b><span style=\"font-weight: 400;\">Le nostre 352 chiese partner sparse in tutto il Paese stanno facendo tutto il possibile per aiutare le persone colpite, fornendo loro alloggi temporanei, cibo e vestiti e aiutandole a ricostruire le loro case.<\/span><\/p><p><span style=\"font-weight: 400;\">Vi chiediamo di pregare per le <\/span><b>35 famiglie colpite<\/b><span style=\"font-weight: 400;\">, che hanno perso tutto e dipendono dagli aiuti esterni per sopravvivere. Pregate per <\/span><b>le chiese e i responsabili<\/b><span style=\"font-weight: 400;\"> che si impegnano ad aiutare le persone in difficolt\u00e0 in un ambiente segnato dal terrore. Pregate affinch\u00e9 <\/span><b>i programmi di Compassion<\/b><span style=\"font-weight: 400;\"> possano riprendere al pi\u00f9 presto nelle infrastrutture danneggiate.<\/span><\/p>\t\t\t\t\t\t\t\t<\/div>\n\t\t\t\t<\/div>\n\t\t\t\t<\/div>\n\t\t\t\t\t<\/div>\n\t\t\t\t<\/div>\n\t\t<div class=\"elementor-element elementor-element-4efd9b6 e-flex e-con-boxed e-con e-parent\" data-id=\"4efd9b6\" data-element_type=\"container\" data-e-type=\"container\" id=\"2\" data-settings=\"{&quot;background_background&quot;:&quot;classic&quot;}\">\n\t\t\t\t\t<div class=\"e-con-inner\">\n\t\t<div class=\"elementor-element elementor-element-0e099a7 e-con-full e-flex e-con e-child\" data-id=\"0e099a7\" data-element_type=\"container\" data-e-type=\"container\" id=\"2\">\n\t\t\t\t<div class=\"elementor-element elementor-element-75441e6 elementor-widget elementor-widget-image\" data-id=\"75441e6\" data-element_type=\"widget\" data-e-type=\"widget\" id=\"latine\" data-widget_type=\"image.default\">\n\t\t\t\t<div class=\"elementor-widget-container\">\n\t\t\t\t\t\t\t\t\t\t\t\t\t\t\t<img decoding=\"async\" width=\"1200\" height=\"800\" src=\"https:\/\/devcomp.site\/wp-content\/uploads\/2025\/05\/ho.jpg\" class=\"attachment-full size-full wp-image-556026\" alt=\"\" srcset=\"https:\/\/devcomp.site\/wp-content\/uploads\/2025\/05\/ho.jpg 1200w, https:\/\/devcomp.site\/wp-content\/uploads\/2025\/05\/ho-300x200.jpg 300w, https:\/\/devcomp.site\/wp-content\/uploads\/2025\/05\/ho-1024x683.jpg 1024w, https:\/\/devcomp.site\/wp-content\/uploads\/2025\/05\/ho-768x512.jpg 768w, https:\/\/devcomp.site\/wp-content\/uploads\/2025\/05\/ho-600x400.jpg 600w, https:\/\/devcomp.site\/wp-content\/uploads\/2025\/05\/ho-272x182.jpg 272w\" sizes=\"(max-width: 1200px) 100vw, 1200px\" \/>\t\t\t\t\t\t\t\t\t\t\t\t\t\t\t<\/div>\n\t\t\t\t<\/div>\n\t\t\t\t<div class=\"elementor-element elementor-element-ca2d596 elementor-widget elementor-widget-heading\" data-id=\"ca2d596\" data-element_type=\"widget\" data-e-type=\"widget\" data-widget_type=\"heading.default\">\n\t\t\t\t<div class=\"elementor-widget-container\">\n\t\t\t\t\t<h3 class=\"elementor-heading-title elementor-size-default\">Honduras \u2013 Speranza grazie alla formazione professionale<\/h3>\t\t\t\t<\/div>\n\t\t\t\t<\/div>\n\t\t\t\t<div class=\"elementor-element elementor-element-7eebcf8 elementor-widget elementor-widget-text-editor\" data-id=\"7eebcf8\" data-element_type=\"widget\" data-e-type=\"widget\" data-widget_type=\"text-editor.default\">\n\t\t\t\t<div class=\"elementor-widget-container\">\n\t\t\t\t\t\t\t\t\t<p><span style=\"font-weight: 400;\">Il centro di sviluppo infantile \u00abJardin d&#8217;Eden\u00bb accoglie e sostiene 226 bambini. Le loro famiglie vivono con meno di 1,80 CHF al giorno e sono regolarmente minacciate dalle bande del quartiere. La maggior parte di queste famiglie non ha una fonte di reddito stabile e sopravvive grazie a lavori occasionali.<\/span><\/p><p><b>La formazione dei giovani in mestieri qualificati <\/b><span style=\"font-weight: 400;\">\u00e8 un elemento importante del programma di sostegno e rappresenta una base essenziale che permette alle famiglie di uscire dalla povert\u00e0 estrema e di guardare al futuro con speranza. Il \u00abJardin d&#8217;Eden\u00bb offre a giovani come <\/span><b>Angelli, Daniel e Kerlin<\/b><span style=\"font-weight: 400;\"> diversi corsi di formazione in vari mestieri, come parrucchiere, cappellaio, saldatore o tappezziere, e <\/span><b>fornisce loro consulenza e supporto per avviare e gestire la propria attivit\u00e0.<\/b><\/p><p><span style=\"font-weight: 400;\">Vi chiediamo di pregare per Angelli, Daniel, Kerlin e tutti i giovani che partecipano a questi programmi, affinch\u00e9 possano <\/span><b>completare con successo la loro formazione <\/b><span style=\"font-weight: 400;\">e avere cos\u00ec reali possibilit\u00e0 di costruire un futuro migliore per se stessi e per le loro famiglie.<\/span><\/p>\t\t\t\t\t\t\t\t<\/div>\n\t\t\t\t<\/div>\n\t\t\t\t<\/div>\n\t\t\t\t\t<\/div>\n\t\t\t\t<\/div>\n\t\t<div class=\"elementor-element elementor-element-6808555 e-flex e-con-boxed e-con e-parent\" data-id=\"6808555\" data-element_type=\"container\" data-e-type=\"container\" data-settings=\"{&quot;background_background&quot;:&quot;classic&quot;,&quot;shape_divider_top&quot;:&quot;pyramids&quot;,&quot;shape_divider_bottom&quot;:&quot;pyramids&quot;}\">\n\t\t\t\t\t<div class=\"e-con-inner\">\n\t\t\t\t<div class=\"elementor-shape elementor-shape-top\" aria-hidden=\"true\" data-negative=\"false\">\n\t\t\t<svg xmlns=\"http:\/\/www.w3.org\/2000\/svg\" viewBox=\"0 0 1000 100\" preserveAspectRatio=\"none\">\n\t<path class=\"elementor-shape-fill\" d=\"M761.9,44.1L643.1,27.2L333.8,98L0,3.8V0l1000,0v3.9\"\/>\n<\/svg>\t\t<\/div>\n\t\t\t\t<div class=\"elementor-shape elementor-shape-bottom\" aria-hidden=\"true\" data-negative=\"false\">\n\t\t\t<svg xmlns=\"http:\/\/www.w3.org\/2000\/svg\" viewBox=\"0 0 1000 100\" preserveAspectRatio=\"none\">\n\t<path class=\"elementor-shape-fill\" d=\"M761.9,44.1L643.1,27.2L333.8,98L0,3.8V0l1000,0v3.9\"\/>\n<\/svg>\t\t<\/div>\n\t\t<div class=\"elementor-element elementor-element-feff771 e-con-full e-flex e-con e-child\" data-id=\"feff771\" data-element_type=\"container\" data-e-type=\"container\" id=\"3\">\n\t\t\t\t<div class=\"elementor-element elementor-element-f51f26c elementor-widget elementor-widget-image\" data-id=\"f51f26c\" data-element_type=\"widget\" data-e-type=\"widget\" data-widget_type=\"image.default\">\n\t\t\t\t<div class=\"elementor-widget-container\">\n\t\t\t\t\t\t\t\t\t\t\t\t\t\t\t<img decoding=\"async\" width=\"1200\" height=\"800\" src=\"https:\/\/devcomp.site\/wp-content\/uploads\/2025\/05\/ph.jpg\" class=\"attachment-full size-full wp-image-556029\" alt=\"\" srcset=\"https:\/\/devcomp.site\/wp-content\/uploads\/2025\/05\/ph.jpg 1200w, https:\/\/devcomp.site\/wp-content\/uploads\/2025\/05\/ph-300x200.jpg 300w, https:\/\/devcomp.site\/wp-content\/uploads\/2025\/05\/ph-1024x683.jpg 1024w, https:\/\/devcomp.site\/wp-content\/uploads\/2025\/05\/ph-768x512.jpg 768w, https:\/\/devcomp.site\/wp-content\/uploads\/2025\/05\/ph-600x400.jpg 600w, https:\/\/devcomp.site\/wp-content\/uploads\/2025\/05\/ph-272x182.jpg 272w\" sizes=\"(max-width: 1200px) 100vw, 1200px\" \/>\t\t\t\t\t\t\t\t\t\t\t\t\t\t\t<\/div>\n\t\t\t\t<\/div>\n\t\t\t\t<div class=\"elementor-element elementor-element-3f643e6 elementor-widget elementor-widget-heading\" data-id=\"3f643e6\" data-element_type=\"widget\" data-e-type=\"widget\" data-widget_type=\"heading.default\">\n\t\t\t\t<div class=\"elementor-widget-container\">\n\t\t\t\t\t<h3 class=\"elementor-heading-title elementor-size-default\">Filippine \u2013 Alloggi precari<\/h3>\t\t\t\t<\/div>\n\t\t\t\t<\/div>\n\t\t\t\t<div class=\"elementor-element elementor-element-aaaf78c elementor-widget elementor-widget-text-editor\" data-id=\"aaaf78c\" data-element_type=\"widget\" data-e-type=\"widget\" data-widget_type=\"text-editor.default\">\n\t\t\t\t<div class=\"elementor-widget-container\">\n\t\t\t\t\t\t\t\t\t<p><span style=\"font-weight: 400;\">Gli incendi sono frequenti nelle baraccopoli delle grandi citt\u00e0 filippine. A Tondo, la baraccopoli pi\u00f9 grande di Manila, circa 600.000 persone vivono in condizioni miserabili, in uno spazio molto ristretto. Poich\u00e9 i quartieri poveri, costituiti principalmente da baracche con materiali leggeri, sono densamente popolati, e la cucina viene preparata su fuochi aperti, <\/span><b>gli incendi si propagano rapidamente<\/b><span style=\"font-weight: 400;\">. DI recente, un incendio a Mandaue City, sull&#8217;isola di Cebu, ha lasciato senza tetto <\/span><b>244 famiglie, tra cui 14 bambini sostenuti. <\/b><span style=\"font-weight: 400;\">La nostra chiesa partner locale sul posto si prende cura delle persone colpite e fornisce loro cibo e un alloggio temporaneo.<\/span><\/p><p><span style=\"font-weight: 400;\">Vi chiediamo di pregare affinch\u00e9 queste famiglie trovino rapidamente <\/span><b>una nuova sistemazione sicura<\/b><span style=\"font-weight: 400;\">, che si possano evitare ulteriori incendi e che gli abitanti possano vivere in relativa sicurezza. Vi chiediamo di pregare per <\/span><b>il lavoro delle chiese<\/b><span style=\"font-weight: 400;\">, affinch\u00e9 siano pi\u00f9 visibili e conosciute e possano offrire alle persone fede e speranza.<\/span><\/p>\t\t\t\t\t\t\t\t<\/div>\n\t\t\t\t<\/div>\n\t\t\t\t<\/div>\n\t\t\t\t\t<\/div>\n\t\t\t\t<\/div>\n\t\t<div class=\"elementor-element elementor-element-16b0911 e-flex e-con-boxed e-con e-parent\" data-id=\"16b0911\" data-element_type=\"container\" data-e-type=\"container\" data-settings=\"{&quot;background_background&quot;:&quot;classic&quot;}\">\n\t\t\t\t\t<div class=\"e-con-inner\">\n\t\t<div class=\"elementor-element elementor-element-585ca5e e-con-full e-flex e-con e-child\" data-id=\"585ca5e\" data-element_type=\"container\" data-e-type=\"container\">\n\t\t\t\t<div class=\"elementor-element elementor-element-f2bc7d7 elementor-widget elementor-widget-image\" data-id=\"f2bc7d7\" data-element_type=\"widget\" data-e-type=\"widget\" data-widget_type=\"image.default\">\n\t\t\t\t<div class=\"elementor-widget-container\">\n\t\t\t\t\t\t\t\t\t\t\t\t\t\t\t<img loading=\"lazy\" decoding=\"async\" width=\"1200\" height=\"800\" src=\"https:\/\/devcomp.site\/wp-content\/uploads\/2025\/05\/bf.jpg\" class=\"attachment-full size-full wp-image-556032\" alt=\"\" srcset=\"https:\/\/devcomp.site\/wp-content\/uploads\/2025\/05\/bf.jpg 1200w, https:\/\/devcomp.site\/wp-content\/uploads\/2025\/05\/bf-300x200.jpg 300w, https:\/\/devcomp.site\/wp-content\/uploads\/2025\/05\/bf-1024x683.jpg 1024w, https:\/\/devcomp.site\/wp-content\/uploads\/2025\/05\/bf-768x512.jpg 768w, https:\/\/devcomp.site\/wp-content\/uploads\/2025\/05\/bf-600x400.jpg 600w, https:\/\/devcomp.site\/wp-content\/uploads\/2025\/05\/bf-272x182.jpg 272w\" sizes=\"(max-width: 1200px) 100vw, 1200px\" \/>\t\t\t\t\t\t\t\t\t\t\t\t\t\t\t<\/div>\n\t\t\t\t<\/div>\n\t\t\t\t<div class=\"elementor-element elementor-element-6ce7e18 elementor-widget elementor-widget-heading\" data-id=\"6ce7e18\" data-element_type=\"widget\" data-e-type=\"widget\" data-widget_type=\"heading.default\">\n\t\t\t\t<div class=\"elementor-widget-container\">\n\t\t\t\t\t<h3 class=\"elementor-heading-title elementor-size-default\">Burkina Faso \u2013 La violenza genera povert\u00e0<\/h3>\t\t\t\t<\/div>\n\t\t\t\t<\/div>\n\t\t\t\t<div class=\"elementor-element elementor-element-9551469 elementor-widget elementor-widget-text-editor\" data-id=\"9551469\" data-element_type=\"widget\" data-e-type=\"widget\" data-widget_type=\"text-editor.default\">\n\t\t\t\t<div class=\"elementor-widget-container\">\n\t\t\t\t\t\t\t\t\t<p><span style=\"font-weight: 400;\">In questo Paese dell&#8217;Africa occidentale, la violenza continua a imperversare. Sono numerose le famiglie che fuggono dagli attacchi di gruppi armati contro i propri villaggi. <\/span><b>Tra i fuggitivi ci sono molte donne senza marito e bambini senza padre<\/b><span style=\"font-weight: 400;\"> che cercano un luogo pi\u00f9 sicuro dove vivere e ricominciare una nuova vita. Le nostre oltre 440 chiese partner in tutto il Paese cercano di accoglierli e di offrire loro l\u2019opportunit\u00e0 di rifarsi una vita.<\/span><\/p><p><span style=\"font-weight: 400;\">Vi chiediamo di pregare per le famiglie che hanno dovuto abbandonare i loro villaggi e che hanno bisogno di un alloggio. Pregate anche affinch\u00e9 le chiese partner dispongano <\/span><b>delle risorse finanziarie e umane sufficienti<\/b><span style=\"font-weight: 400;\"> per consentire ai loro collaboratori di assistere le persone colpite in modo rapido ed efficace. Infine, pregate per <\/span><b>una stabilizzazione della situazione politica<\/b><span style=\"font-weight: 400;\"> e per la cessazione degli attacchi contro i villaggi e i loro abitanti. Pregate affinch\u00e9 <\/span><b>i bambini sostenuti possano rimanere nei loro luoghi di residenza e tornare sani e salvi nei centri di sviluppo infantile.<\/b><span style=\"font-weight: 400;\"> Il sostegno e l&#8217;accompagnamento che ricevono sono di fondamentale importanza per loro e per il futuro delle loro famiglie.<\/span><\/p>\t\t\t\t\t\t\t\t<\/div>\n\t\t\t\t<\/div>\n\t\t\t\t<\/div>\n\t\t\t\t\t<\/div>\n\t\t\t\t<\/div>\n\t\t<div class=\"elementor-element elementor-element-d4c925f e-flex e-con-boxed e-con e-parent\" data-id=\"d4c925f\" data-element_type=\"container\" data-e-type=\"container\" data-settings=\"{&quot;background_background&quot;:&quot;classic&quot;}\">\n\t\t\t\t\t<div class=\"e-con-inner\">\n\t\t<div class=\"elementor-element elementor-element-986e00a e-con-full e-flex e-con e-child\" data-id=\"986e00a\" data-element_type=\"container\" data-e-type=\"container\" id=\"4\">\n\t\t\t\t<div class=\"elementor-element elementor-element-6868b97 elementor-widget elementor-widget-heading\" data-id=\"6868b97\" data-element_type=\"widget\" data-e-type=\"widget\" data-widget_type=\"heading.default\">\n\t\t\t\t<div class=\"elementor-widget-container\">\n\t\t\t\t\t<h3 class=\"elementor-heading-title elementor-size-default\">Compassion Svizzera\u200b<\/h3>\t\t\t\t<\/div>\n\t\t\t\t<\/div>\n\t\t\t\t<div class=\"elementor-element elementor-element-07760e4 elementor-widget elementor-widget-text-editor\" data-id=\"07760e4\" data-element_type=\"widget\" data-e-type=\"widget\" data-widget_type=\"text-editor.default\">\n\t\t\t\t<div class=\"elementor-widget-container\">\n\t\t\t\t\t\t\t\t\t<p><span style=\"font-weight: 400;\">Siamo molto grati per le grandi benedizioni che il lavoro di Compassion porta ai bambini di tutto il mondo da oltre 70 anni. Per poter continuare a crescere, dipendiamo da Dio, affinch\u00e9 <\/span><b>ci fornisca sempre le risorse finanziarie necessarie e i collaboratori<\/b><span style=\"font-weight: 400;\"> che si uniscano a noi nella lotta contro la povert\u00e0 estrema. Ringraziamo Dio per un nuovo stagista che inizier\u00e0 a lavorare con noi ad agosto.<\/span><\/p><p><span style=\"font-weight: 400;\">Vi chiediamo di pregare affinch\u00e9 Dio continui a chiamare le persone giuste nel nostro team, cos\u00ec da poter sviluppare il ministero di Compassion Svizzera. Pregate affinch\u00e9 Dio guidi<\/span><b> il team della direzione in tutte le decisioni strategiche che dovr\u00e0 prendere.<\/b><\/p>\t\t\t\t\t\t\t\t<\/div>\n\t\t\t\t<\/div>\n\t\t\t\t<\/div>\n\t\t\t\t\t<\/div>\n\t\t\t\t<\/div>\n\t\t\t\t<\/div>\n\t\t","protected":false},"excerpt":{"rendered":"<p>PREGHIAMO PER I BAMBINI Togo \u2013 Le tempeste distruggono vite Il mese scorso vi abbiamo informato degli attentati terroristici di matrice islamista e dell&#8217;omicidio di un pastore. Da allora, le capanne di quattro bambini sostenuti sono state incendiate. A peggiorare<span class=\"excerpt_more\">&#8230;<\/span><\/p>\n","protected":false},"author":8,"featured_media":0,"parent":0,"menu_order":0,"comment_status":"closed","ping_status":"closed","template":"elementor_header_footer","meta":{"give_campaign_id":0,"footnotes":""},"class_list":["post-260913","page","type-page","status-publish","hentry"],"campaignId":"","_links":{"self":[{"href":"https:\/\/devcomp.site\/it\/wp-json\/wp\/v2\/pages\/260913","targetHints":{"allow":["GET"]}}],"collection":[{"href":"https:\/\/devcomp.site\/it\/wp-json\/wp\/v2\/pages"}],"about":[{"href":"https:\/\/devcomp.site\/it\/wp-json\/wp\/v2\/types\/page"}],"author":[{"embeddable":true,"href":"https:\/\/devcomp.site\/it\/wp-json\/wp\/v2\/users\/8"}],"replies":[{"embeddable":true,"href":"https:\/\/devcomp.site\/it\/wp-json\/wp\/v2\/comments?post=260913"}],"version-history":[{"count":105,"href":"https:\/\/devcomp.site\/it\/wp-json\/wp\/v2\/pages\/260913\/revisions"}],"predecessor-version":[{"id":556470,"href":"https:\/\/devcomp.site\/it\/wp-json\/wp\/v2\/pages\/260913\/revisions\/556470"}],"wp:attachment":[{"href":"https:\/\/devcomp.site\/it\/wp-json\/wp\/v2\/media?parent=260913"}],"curies":[{"name":"wp","href":"https:\/\/api.w.org\/{rel}","templated":true}]}}