{"id":13524,"date":"2016-03-09T12:26:23","date_gmt":"2016-03-09T11:26:23","guid":{"rendered":"https:\/\/compassion.ch\/qui-sommes-nous\/"},"modified":"2025-02-25T15:53:39","modified_gmt":"2025-02-25T14:53:39","slug":"chi-siamo","status":"publish","type":"page","link":"https:\/\/devcomp.site\/it\/chi-siamo\/","title":{"rendered":"Chi siamo"},"content":{"rendered":"<div id=\"pl-13524\"  class=\"panel-layout\" ><div class=\"section background-blue section_abgerissen_unten remove_margin_bottom section_full_width has_breadcrumb\" ><div class=\"row section_breadcrumb\"><ul id=\"breadcrumbs\" class=\"breadcrumbs\"><li class=\"item-home\"><a class=\"bread-link bread-home\" href=\"https:\/\/devcomp.site\/it\/\" title=\"Home\">Home<\/a><\/li><li class=\"separator separator-home\"> <span class=\"triangle\"><\/span> <\/li><\/ul><\/div><div id=\"pg-13524-0\"  class=\"panel-grid panel-no-style\" ><div id=\"pgc-13524-0-0\"  class=\"panel-grid-cell panel-grid-cell-empty\" ><\/div><div id=\"pgc-13524-0-1\"  class=\"panel-grid-cell panel-grid-cell-mobile-last\" ><div id=\"panel-13524-0-1-0\" class=\"so-panel widget widget_sow-editor panel-first-child panel-last-child\" data-index=\"0\" ><div\n\t\t\t\n\t\t\tclass=\"so-widget-sow-editor so-widget-sow-editor-base\"\n\t\t\t\n\t\t>\n<div class=\"siteorigin-widget-tinymce textwidget\">\n\t<h2 class=\"widget-title\" style=\"text-align: center;\">Chi siamo<\/h2>\n<p class=\"siteorigin-widget-tinymce textwidget subtitle\" style=\"text-align: center;\">Compassion Svizzera \u00e8 la filiale svizzera indipendente di Compassion International.<br \/>\nAttraverso il sostegno individuale e in collaborazione con circa 8700 chiese locali,<br \/>\nforniamo supporto a pi\u00f9 di 2.3 milioni di bambini tra i pi\u00f9 poveri in 29 paesi.<\/p>\n<\/div>\n<\/div><\/div><\/div><div id=\"pgc-13524-0-2\"  class=\"panel-grid-cell panel-grid-cell-empty\" ><\/div><\/div><\/div><\/div><div class=\"section background-beige section_gradient_unten\" ><div class=\"row section_row\"><div id=\"pg-13524-1\"  class=\"panel-grid panel-no-style\" ><div id=\"pgc-13524-1-0\"  class=\"panel-grid-cell panel-grid-cell-empty\" ><\/div><div id=\"pgc-13524-1-1\"  class=\"panel-grid-cell panel-grid-cell-mobile-last\" ><div id=\"panel-13524-1-1-0\" class=\"so-panel widget widget_sow-editor panel-first-child panel-last-child\" data-index=\"1\" ><div\n\t\t\t\n\t\t\tclass=\"so-widget-sow-editor so-widget-sow-editor-base\"\n\t\t\t\n\t\t>\n<div class=\"siteorigin-widget-tinymce textwidget\">\n\t<p>Compassion lavora da oltre 70 anni in tutto il mondo per i bambini che vivono in estrema povert\u00e0. Sostenere un bambino con Compassion significa sviluppare un rapporto personale, di incoraggiamento con il bambino e liberarlo dalla povert\u00e0.<\/p>\n<p>Compassion Svizzera \u00e8 uno dei 12 paesi partner che, attraverso il sostegno a distanza, contribuisce allo sviluppo di 29 paesi in 3 continenti: America Latina, Asia e Africa. Cerchiamo non solo il benessere di questi bambini e la loro educazione, che \u00e8 la chiave per la realizzazione delle loro speranze, ma vogliamo anche fargli conoscere l'amore che Dio ha per loro.<\/p>\n<p>Noi crediamo che ogni essere umano \u00e8 prezioso, tutti meritano rispetto e gentilezza. I bambini sono i pi\u00f9 vulnerabili di fronte alla povert\u00e0, ma hanno anche il maggior potenziale. I bambini sono la nostra priorit\u00e0. Ecco perch\u00e9 cambiamo il mondo - un bambino alla volta.<\/p>\n<p><strong>Ges\u00f9 al centro | Bambini in focus | Chiese\u00a0partners<\/strong><\/p>\n<\/div>\n<\/div><\/div><\/div><div id=\"pgc-13524-1-2\"  class=\"panel-grid-cell panel-grid-cell-empty\" ><\/div><\/div><\/div><\/div><div class=\"section remove_margin_bottom section_full_width\" ><div id=\"pg-13524-2\"  class=\"panel-grid panel-no-style\" ><div id=\"pgc-13524-2-0\"  class=\"panel-grid-cell\" ><div id=\"panel-13524-2-0-0\" class=\"so-panel widget widget_image-slider panel-first-child panel-last-child\" data-index=\"2\" ><div\n\t\t\t\n\t\t\tclass=\"so-widget-image-slider so-widget-image-slider-image-slider-style-d75171398898-13524\"\n\t\t\t\n\t\t>\n<div class=\"slick-slider slick-carousel \" data-slickSlides=\"1\" data-slickScroll=\"1\" data-slickArrows=\"true\" data-slickDots=\"true\">\n\n  \n  <div class=\"slide\">\n    <div class=\"slide-image position-center\" style=\"background-image: url(https:\/\/devcomp.site\/wp-content\/uploads\/2016\/03\/KTHIES-42.jpg);\"><\/div>\n    <div class=\"slide-content-wrapper\">\n      <div class=\"slide-content\">\n              <\/div>\n    <\/div>\n  <\/div>\n\n  \n<\/div>\n<\/div><\/div><\/div><\/div><\/div><div class=\"section background-beige\" ><div class=\"row section_row\"><div id=\"pg-13524-3\"  class=\"panel-grid panel-no-style\" ><div id=\"pgc-13524-3-0\"  class=\"panel-grid-cell\" ><div id=\"panel-13524-3-0-0\" class=\"so-panel widget widget_siteorigin-panels-builder panel-first-child panel-last-child\" data-index=\"3\" ><div id=\"pl-w5899c85bc3bc6\"  class=\"panel-layout\" ><div class=\"row section_row\"><div id=\"pg-w5899c85bc3bc6-0\"  class=\"panel-grid panel-has-style\" ><div class=\"padding panel-row-style panel-row-style-for-w5899c85bc3bc6-0\" ><div id=\"pgc-w5899c85bc3bc6-0-0\"  class=\"panel-grid-cell\" ><div id=\"panel-w5899c85bc3bc6-0-0-0\" class=\"so-panel widget widget_sow-editor panel-first-child panel-last-child\" data-index=\"0\" ><div\n\t\t\t\n\t\t\tclass=\"so-widget-sow-editor so-widget-sow-editor-base\"\n\t\t\t\n\t\t>\n<div class=\"siteorigin-widget-tinymce textwidget\">\n\t<h2>Bambini in focus<\/h2>\n<p class=\"quote subtitle\">Nei centri Compassion, bambine e bambini vengono ugualmente e individualmente incoraggiati e in ogni settore della vita sostenuti.<\/p>\n<p>Mettiamo i bambini al centro del nostro lavoro. Ogni bambino ha un grande potenziale, se ha la possibilit\u00e0 di ricevere la giusta opportunit\u00e0. Incoraggiamo i bambini nel trovare la propria strada e a modellare attivamente il proprio futuro. I bambini affrontano questo nel modo migliore se hanno un\u2019attitudine positiva alla vita.<\/p>\n<p>Per questo Compassion non si vede solo come un\u2019organizzazione per aiuto generale ma anche come un\u2019organizzazione per lo sviluppo personale dei bambini. Bambine e bambini nei Centri Compassion sono incoraggiati a diventare adulti capaci di prendere buone decisioni.<\/p>\n<\/div>\n<\/div><\/div><\/div><div id=\"pgc-w5899c85bc3bc6-0-1\"  class=\"panel-grid-cell\" ><div id=\"panel-w5899c85bc3bc6-0-1-0\" class=\"so-panel widget widget_sow-image panel-first-child panel-last-child\" data-index=\"1\" ><div\n\t\t\t\n\t\t\tclass=\"so-widget-sow-image so-widget-sow-image-default-8b5b6f678277\"\n\t\t\t\n\t\t>\n<div class=\"sow-image-container\">\n\t\t<img fetchpriority=\"high\" \n\tsrc=\"https:\/\/devcomp.site\/wp-content\/uploads\/2016\/03\/compassion_centre_enfant-1.jpg\" width=\"1000\" height=\"667\" srcset=\"https:\/\/devcomp.site\/wp-content\/uploads\/2016\/03\/compassion_centre_enfant-1.jpg 1000w, https:\/\/devcomp.site\/wp-content\/uploads\/2016\/03\/compassion_centre_enfant-1-300x200.jpg 300w, https:\/\/devcomp.site\/wp-content\/uploads\/2016\/03\/compassion_centre_enfant-1-768x512.jpg 768w, https:\/\/devcomp.site\/wp-content\/uploads\/2016\/03\/compassion_centre_enfant-1-272x182.jpg 272w\" sizes=\"(max-width: 1000px) 100vw, 1000px\" title=\"compassion_centre_enfant\" alt=\"\" \t\tclass=\"so-widget-image\"\/>\n\t<\/div>\n\n<\/div><\/div><\/div><\/div><\/div><\/div><div class=\"row section_row\"><div id=\"pg-w5899c85bc3bc6-1\"  class=\"panel-grid panel-has-style\" ><div class=\"padding panel-row-style panel-row-style-for-w5899c85bc3bc6-1\" ><div id=\"pgc-w5899c85bc3bc6-1-0\"  class=\"panel-grid-cell\" ><div id=\"panel-w5899c85bc3bc6-1-0-0\" class=\"so-panel widget widget_sow-image panel-first-child panel-last-child\" data-index=\"2\" ><div\n\t\t\t\n\t\t\tclass=\"so-widget-sow-image so-widget-sow-image-default-8b5b6f678277\"\n\t\t\t\n\t\t>\n<div class=\"sow-image-container\">\n\t\t<img \n\tsrc=\"https:\/\/devcomp.site\/wp-content\/uploads\/2016\/03\/compassion_centre_christ.jpg\" width=\"1000\" height=\"665\" srcset=\"https:\/\/devcomp.site\/wp-content\/uploads\/2016\/03\/compassion_centre_christ.jpg 1000w, https:\/\/devcomp.site\/wp-content\/uploads\/2016\/03\/compassion_centre_christ-300x200.jpg 300w, https:\/\/devcomp.site\/wp-content\/uploads\/2016\/03\/compassion_centre_christ-768x511.jpg 768w, https:\/\/devcomp.site\/wp-content\/uploads\/2016\/03\/compassion_centre_christ-272x182.jpg 272w\" sizes=\"(max-width: 1000px) 100vw, 1000px\" alt=\"\" \t\tclass=\"so-widget-image\"\/>\n\t<\/div>\n\n<\/div><\/div><\/div><div id=\"pgc-w5899c85bc3bc6-1-1\"  class=\"panel-grid-cell\" ><div id=\"panel-w5899c85bc3bc6-1-1-0\" class=\"so-panel widget widget_sow-editor panel-first-child panel-last-child\" data-index=\"3\" ><div\n\t\t\t\n\t\t\tclass=\"so-widget-sow-editor so-widget-sow-editor-base\"\n\t\t\t\n\t\t>\n<div class=\"siteorigin-widget-tinymce textwidget\">\n\t<h2>Ges\u00f9 al centro<\/h2>\n<p class=\"quote subtitle\">Nei nostri Centri i collaboratori vivono i valori cristiani che condividono con i bambini. Ges\u00f9 \u00e8 il nostro esempio in tutto quello che a loro trasmettiamo.<\/p>\n<p>Quando i bambini riconoscono che Dio li ama e che sono preziosi, cominciano a crescere anche in altre aree della loro vita. Tuttavia, la confessione della fede non \u00e8 una condizione necessaria per ricevere aiuto in un Centro Compassion! Questo non \u00e8 necessario neanche per i nostri sostenitori.<\/p>\n<p>Quando i bambini provengono da un contesto non cristiano, i genitori vengono informati in anticipo dei valori della chiesa sul posto che gestisce il Centro, accettando questa condizione.<br \/> Nessun bambino \u00e8 costretto a partecipare ad una certa attivit\u00e0. Ci impegniamo coscientemente come cristiani: \"Vogliamo aiutare, come Ges\u00f9 avrebbe aiutato.\"<\/p>\n<\/div>\n<\/div><\/div><\/div><\/div><\/div><\/div><div class=\"row section_row\"><div id=\"pg-w5899c85bc3bc6-2\"  class=\"panel-grid panel-has-style\" ><div class=\"padding panel-row-style panel-row-style-for-w5899c85bc3bc6-2\" ><div id=\"pgc-w5899c85bc3bc6-2-0\"  class=\"panel-grid-cell\" ><div id=\"panel-w5899c85bc3bc6-2-0-0\" class=\"so-panel widget widget_sow-editor panel-first-child panel-last-child\" data-index=\"4\" ><div\n\t\t\t\n\t\t\tclass=\"so-widget-sow-editor so-widget-sow-editor-base\"\n\t\t\t\n\t\t>\n<div class=\"siteorigin-widget-tinymce textwidget\">\n\t<h2>Chiese Partners<\/h2>\n<p class=\"quote subtitle\">Compassion collabora esclusivamente con chiese e comunit\u00e0 cristiane locali.<\/p>\n<p>Compassion lavora in collaborazione con le chiese e le comunit\u00e0 cristiane, nei paesi in via di sviluppo. I nostri Centri sono gestiti esclusivamente da collaboratori locali. Loro conoscono al meglio la cultura dei paesi, le condizioni di vita in loco e di conseguenza le esigenze sul posto. Inoltre, i nostri partners garantiscono un sostegno continuo e durevole nel proprio lavoro.<br \/>\nCompassion lavora gi\u00e0 da oltre 50 anni, con la maggior parte dei propri partners, in un clima di fiducia ed efficienza.<\/p>\n<\/div>\n<\/div><\/div><\/div><div id=\"pgc-w5899c85bc3bc6-2-1\"  class=\"panel-grid-cell\" ><div id=\"panel-w5899c85bc3bc6-2-1-0\" class=\"so-panel widget widget_sow-image panel-first-child panel-last-child\" data-index=\"5\" ><div\n\t\t\t\n\t\t\tclass=\"so-widget-sow-image so-widget-sow-image-default-8b5b6f678277\"\n\t\t\t\n\t\t>\n<div class=\"sow-image-container\">\n\t\t<img \n\tsrc=\"https:\/\/devcomp.site\/wp-content\/uploads\/2016\/03\/compassion_eglise_partenaire.jpg\" width=\"1000\" height=\"665\" srcset=\"https:\/\/devcomp.site\/wp-content\/uploads\/2016\/03\/compassion_eglise_partenaire.jpg 1000w, https:\/\/devcomp.site\/wp-content\/uploads\/2016\/03\/compassion_eglise_partenaire-300x200.jpg 300w, https:\/\/devcomp.site\/wp-content\/uploads\/2016\/03\/compassion_eglise_partenaire-768x511.jpg 768w, https:\/\/devcomp.site\/wp-content\/uploads\/2016\/03\/compassion_eglise_partenaire-272x182.jpg 272w\" sizes=\"(max-width: 1000px) 100vw, 1000px\" alt=\"\" \t\tclass=\"so-widget-image\"\/>\n\t<\/div>\n\n<\/div><\/div><\/div><\/div><\/div><\/div><\/div><\/div><\/div><\/div><\/div><\/div><\/div>","protected":false},"excerpt":{"rendered":"<p>Chi siamo Compassion Svizzera \u00e8 la filiale svizzera indipendente di Compassion International. Attraverso il sostegno individuale e in collaborazione con circa chiese locali, forniamo supporto a pi\u00f9 di 2.3 milioni di bambini tra i pi\u00f9 poveri in 29 paesi. Compassion<span class=\"excerpt_more\">&#8230;<\/span><\/p>\n","protected":false},"author":8,"featured_media":0,"parent":0,"menu_order":0,"comment_status":"closed","ping_status":"closed","template":"","meta":{"give_campaign_id":0,"footnotes":""},"class_list":["post-13524","page","type-page","status-publish","hentry"],"campaignId":"","_links":{"self":[{"href":"https:\/\/devcomp.site\/it\/wp-json\/wp\/v2\/pages\/13524","targetHints":{"allow":["GET"]}}],"collection":[{"href":"https:\/\/devcomp.site\/it\/wp-json\/wp\/v2\/pages"}],"about":[{"href":"https:\/\/devcomp.site\/it\/wp-json\/wp\/v2\/types\/page"}],"author":[{"embeddable":true,"href":"https:\/\/devcomp.site\/it\/wp-json\/wp\/v2\/users\/8"}],"replies":[{"embeddable":true,"href":"https:\/\/devcomp.site\/it\/wp-json\/wp\/v2\/comments?post=13524"}],"version-history":[{"count":5,"href":"https:\/\/devcomp.site\/it\/wp-json\/wp\/v2\/pages\/13524\/revisions"}],"predecessor-version":[{"id":550997,"href":"https:\/\/devcomp.site\/it\/wp-json\/wp\/v2\/pages\/13524\/revisions\/550997"}],"wp:attachment":[{"href":"https:\/\/devcomp.site\/it\/wp-json\/wp\/v2\/media?parent=13524"}],"curies":[{"name":"wp","href":"https:\/\/api.w.org\/{rel}","templated":true}]}}