{"id":13150,"date":"2016-12-14T12:00:54","date_gmt":"2016-12-14T11:00:54","guid":{"rendered":"https:\/\/compassion.ch\/?page_id=13150\/"},"modified":"2018-08-07T08:32:01","modified_gmt":"2018-08-07T06:32:01","slug":"domande-frequenti","status":"publish","type":"page","link":"https:\/\/devcomp.site\/it\/domande-frequenti\/","title":{"rendered":"Domande frequenti"},"content":{"rendered":"<div id=\"pl-13150\"  class=\"panel-layout\" ><div class=\"section section_abgerissen_unten section_full_width\" ><div id=\"pg-13150-0\"  class=\"panel-grid panel-no-style\" ><div id=\"pgc-13150-0-0\"  class=\"panel-grid-cell\" ><div id=\"panel-13150-0-0-0\" class=\"so-panel widget widget_image-slider panel-first-child panel-last-child\" data-index=\"0\" ><div\n\t\t\t\n\t\t\tclass=\"so-widget-image-slider so-widget-image-slider-image-slider-style-d75171398898-13150\"\n\t\t\t\n\t\t>\n<div class=\"slick-slider slick-carousel slick-style-head\" data-slickSlides=\"1\" data-slickScroll=\"1\" data-slickArrows=\"true\" data-slickDots=\"true\">\n\n  \n  <div class=\"slide\">\n    <div class=\"slide-image position-top\" style=\"background-image: url(https:\/\/devcomp.site\/wp-content\/uploads\/2016\/12\/compassion_faq_banner-2.jpg);\"><\/div>\n    <div class=\"slide-content-wrapper\">\n      <div class=\"slide-content\">\n        <h1>Domande frequenti<\/h1>\n<p class=\"quote\">Il sostegno a distanza in 10 domande<\/p>      <\/div>\n    <\/div>\n  <\/div>\n\n  \n<\/div>\n<\/div><\/div><\/div><\/div><\/div><div class=\"section background-beige-gradient background-beige section_abgerissen_oben\" ><div class=\"row section_row\"><div id=\"pg-13150-1\"  class=\"panel-grid panel-no-style\" ><div id=\"pgc-13150-1-0\"  class=\"panel-grid-cell panel-grid-cell-empty\" ><\/div><div id=\"pgc-13150-1-1\"  class=\"panel-grid-cell panel-grid-cell-mobile-last\" ><div id=\"panel-13150-1-1-0\" class=\"so-panel widget widget_accordion-widget panel-first-child\" data-index=\"1\" ><div\n\t\t\t\n\t\t\tclass=\"so-widget-accordion-widget so-widget-accordion-widget-accordion-widget-style-d75171398898-13150\"\n\t\t\t\n\t\t>\n<ul class=\"accordion\" data-accordion data-allow-all-closed=\"true\">\n\t\n\t<li class=\"accordion-item \" data-accordion-item>\n    <a class=\"accordion-title\"><span class=\"text\">Che cos\u2019\u00e8 il sostegno a distanza?<\/span><\/a>\n    <div class=\"accordion-content\" data-tab-content>\n       <p>Compassion offre un sostegno a distanza personalizzato, in quanto sarete voi l\u2019unico sostenitore del bambino.<\/p><p>Questo significa anche che sarete la sola persona a scrivergli e a instaurare una relazione con lui o con lei. Questo tipo di sostegno permette e favorisce lo sviluppo del bambino.<\/p>    <\/div>\n\t<\/li>\n\n\n\t<li class=\"accordion-item \" data-accordion-item>\n    <a class=\"accordion-title\"><span class=\"text\">Quale tipo di supporto garantisce?<\/span><\/a>\n    <div class=\"accordion-content\" data-tab-content>\n       <p>Il sostegno a distanza fornisce un supporto completo su numerosi fronti per permettere al bambino di uscire dalla povert\u00e0.<\/p><ul><li>Il primo \u00e8 un sostegno mensile, che viene erogato al bambino sotto forma di attivit\u00e0 extrascolastiche, di un\u2019alimentazione sana, del pagamento di rette scolastiche (nei Paesi laddove sia necessario), di un sostegno sanitario e di formazione all\u2019igiene e a un\u2019alimentazione equilibrata.<\/li><li>Il secondo consiste nello scambio di corrispondenza, per motivare il bambino e fargli sentire che \u00e8 importante per qualcuno.<\/li><\/ul>    <\/div>\n\t<\/li>\n\n\n\t<li class=\"accordion-item \" data-accordion-item>\n    <a class=\"accordion-title\"><span class=\"text\">Perch\u00e9 Compassion ha scelto di realizzare aiuti allo sviluppo attraverso il sostegno a distanza?<\/span><\/a>\n    <div class=\"accordion-content\" data-tab-content>\n       <p>A Compassion crediamo che quando una persona pi\u00f9 fortunata mostra a un bambino il suo valore, si realizza una prima tappa importante per liberarlo dall\u2019estrema povert\u00e0.<\/p><p>Decenni di esperienza nelle adozioni a distanza permettono a Compassion di affermare che il sostegno a un bambino apporta dei benefici anche alle persone della sua comunit\u00e0. Vengono trasmesse al resto della famiglia o agli altri membri della comunit\u00e0 abitudini, conoscenze scolastiche e pratiche igieniche e alimentari pi\u00f9 sane. Uno studio effettuato dal Dr. Bruce Wydick in sei Paesi e pubblicato sul <em>Journal of Political Economy<\/em> conferma la rilevanza di questo tipo di aiuto nella lotta contro l\u2019estrema povert\u00e0.<\/p>    <\/div>\n\t<\/li>\n\n\n\t<li class=\"accordion-item \" data-accordion-item>\n    <a class=\"accordion-title\"><span class=\"text\">Perch\u00e9 Compassion porta avanti la sua azione nel nome di Ges\u00f9?<\/span><\/a>\n    <div class=\"accordion-content\" data-tab-content>\n       <p>Compassion \u00e8 un\u2019organizzazione cristiana. Lo sviluppo spirituale del bambino completa il suo sviluppo economico, intellettuale e sociale. Questo approccio olistico \u00e8 stato comprovato da numerosi decenni di esperienza.<\/p>    <\/div>\n\t<\/li>\n\n\n\t<li class=\"accordion-item \" data-accordion-item>\n    <a class=\"accordion-title\"><span class=\"text\">I bambini vengono costretti ad aderire alla fede cristiana per poter ricevere questo sostegno?<\/span><\/a>\n    <div class=\"accordion-content\" data-tab-content>\n       <p>No. Ogni bambino sente per\u00f2 parlare del Vangelo, con il consenso dei suoi genitori.<\/p><p>Compassion garantisce la libert\u00e0 di culto a tutti i bambini che sostiene e non condiziona il proprio supporto in funzione dell\u2019appartenenza religiosa del bambino. Compassion accoglie e sostiene anche bambini di altre tradizioni religiose, senza discriminazioni.\u00a0<\/p>    <\/div>\n\t<\/li>\n\n\n\t<li class=\"accordion-item \" data-accordion-item>\n    <a class=\"accordion-title\"><span class=\"text\">Come sceglie Compassion i bambini da sostenere?<\/span><\/a>\n    <div class=\"accordion-content\" data-tab-content>\n       <p>Compassion ha scelto di collaborare con le chiese locali per identificare i bambini particolarmente svantaggiati di una certa zona.<\/p><p>Bene inserite nel tessuto sociale, le comunit\u00e0 cristiane gestiscono le attivit\u00e0 dei Centri Compassion in strutture normalmente separate dalla chiesa.<\/p>    <\/div>\n\t<\/li>\n\n\n\t<li class=\"accordion-item \" data-accordion-item>\n    <a class=\"accordion-title\"><span class=\"text\">Quanta parte del mio sostegno raggiunge davvero il bambino?<\/span><\/a>\n    <div class=\"accordion-content\" data-tab-content>\n       <p>Compassion Svizzera garantisce che almeno l\u201980% dell\u2019importo del sostegno raggiunge il bambino. Compassion non eroga i fondi direttamente ai bambini. L\u2019aiuto allo sviluppo viene elargito sotto forma di finanziamenti scolastici per il bambino (nei Paesi dove sia necessario), di un\u2019alimentazione equilibrata, sostegno sanitario, formazione nel campo dell\u2019igiene e della nutrizione, attivit\u00e0 sociali, ricreative e insegnamenti spirituali.<\/p><p>I regali (per il compleanno, generale,per la famiglia) sono destinati al 100% al bambino. \u00c8 il Centro Compassion che acquista i regali sul posto, in funzione dei bisogni del bambino e della sua famiglia.<\/p>    <\/div>\n\t<\/li>\n\n\n\t<li class=\"accordion-item \" data-accordion-item>\n    <a class=\"accordion-title\"><span class=\"text\">Una volta che ho deciso di sostenere un bambino, quali sono le tappe successive?<\/span><\/a>\n    <div class=\"accordion-content\" data-tab-content>\n       <p>Una volta inviata la vostra domanda di sostegno (per telefono, email o sul sito internet), il Centro Compassion informa il bambino. Quel momento costituisce un giorno di festa per quest\u2019ultimo.<\/p><p>Riceverete poi una lettera dal centro con le informazioni sul bambino, sulla sua situazione e sulle attivit\u00e0 del centro. In seguito, riceverete una lettera dal bambino (o dal centro se non ha ancora l\u2019et\u00e0 per saper scrivere una lettera). Potrete cos\u00ec instaurare una relazione d\u2019incoraggiamento con il bambino che sosterrete.<\/p>    <\/div>\n\t<\/li>\n\n\n\t<li class=\"accordion-item \" data-accordion-item>\n    <a class=\"accordion-title\"><span class=\"text\">Per quanto tempo mi impegno con il sostegno a distanza?<\/span><\/a>\n    <div class=\"accordion-content\" data-tab-content>\n       <p>Il programma di sostegno a distanza di Compassion copre il periodo da 0 a 22 anni. Siamo felici quando i nostri sostenitori riescono a incoraggiare il loro bambino o bambina fino alla fine del programma.<\/p><p>Il sostegno a distanza \u00e8 un impegno a lungo termine. Tuttavia, \u00e8 possibile interrompere il sostegno in qualsiasi momento. Compassion si impegner\u00e0 a cercare un altro sostenitore per continuare a seguire il bambino. Il vostro bambino o bambina non verr\u00e0 ritirato dal programma anche se avrete interrotto il vostro sostegno.<\/p>    <\/div>\n\t<\/li>\n\n\n\t<li class=\"accordion-item \" data-accordion-item>\n    <a class=\"accordion-title\"><span class=\"text\">Compassion lavora con del personale umanitario straniero?<\/span><\/a>\n    <div class=\"accordion-content\" data-tab-content>\n       <p>A Compassion crediamo che le persone che meglio conoscono i bisogni dei pi\u00f9 svantaggiati siano coloro che vivono nella stessa zona o regione.<\/p><p>Collaborando con le chiese locali, Compassion privilegia questo lavoro di prossimit\u00e0. Sul piano internazionale, un team di specialisti partecipa alla preparazione e all\u2019adattamento dei programmi per favorire lo sviluppo del bambino.\u00a0<\/p>    <\/div>\n\t<\/li>\n\n<\/ul>\n<\/div><\/div><div id=\"panel-13150-1-1-1\" class=\"so-panel widget widget_siteorigin-panels-builder panel-last-child\" data-index=\"2\" ><div class=\"panel-widget-style panel-widget-style-for-13150-1-1-1\" ><div id=\"pl-w5b693ce105095\"  class=\"panel-layout\" ><div class=\"row section_row\"><div id=\"pg-w5b693ce105095-0\"  class=\"panel-grid panel-no-style\" ><div id=\"pgc-w5b693ce105095-0-0\"  class=\"panel-grid-cell\" ><div id=\"panel-w5b693ce105095-0-0-0\" class=\"so-panel widget widget_sow-editor panel-first-child\" data-index=\"0\" ><div\n\t\t\t\n\t\t\tclass=\"so-widget-sow-editor so-widget-sow-editor-base\"\n\t\t\t\n\t\t>\n<div class=\"siteorigin-widget-tinymce textwidget\">\n\t<p style=\"text-align: center;\" class=\"subtitle\">Per qualsiasi domanda, non esitate a contattarci<br \/>\ntelefonicamente allo 032 552 21 24<br \/>\no cliccando sul pulsante in basso.<\/p>\n<\/div>\n<\/div><\/div><div id=\"panel-w5b693ce105095-0-0-1\" class=\"so-panel widget widget_widget-button panel-last-child\" data-index=\"1\" ><div\n\t\t\t\n\t\t\tclass=\"so-widget-widget-button so-widget-widget-button-widget-button-style-d75171398898\"\n\t\t\t\n\t\t>\n  <div class=\"button-center-wrapper\">\n\n<a href=\"\/contact\" class=\"button button-blue button-center button-medium\">Contatti<\/a>\n\n  <\/div>\n<\/div><\/div><\/div><\/div><\/div><\/div><\/div><\/div><\/div><div id=\"pgc-13150-1-2\"  class=\"panel-grid-cell panel-grid-cell-empty\" ><\/div><\/div><\/div><\/div><\/div>","protected":false},"excerpt":{"rendered":"<p>Domande frequenti Il sostegno a distanza in 10 domande Che cos\u2019\u00e8 il sostegno a distanza? Compassion offre un sostegno a distanza personalizzato, in quanto sarete voi l\u2019unico sostenitore del bambino.Questo significa anche che sarete la sola persona a scrivergli e<span class=\"excerpt_more\">&#8230;<\/span><\/p>\n","protected":false},"author":8,"featured_media":0,"parent":0,"menu_order":0,"comment_status":"closed","ping_status":"closed","template":"","meta":{"give_campaign_id":0,"footnotes":""},"class_list":["post-13150","page","type-page","status-publish","hentry"],"campaignId":"","_links":{"self":[{"href":"https:\/\/devcomp.site\/it\/wp-json\/wp\/v2\/pages\/13150","targetHints":{"allow":["GET"]}}],"collection":[{"href":"https:\/\/devcomp.site\/it\/wp-json\/wp\/v2\/pages"}],"about":[{"href":"https:\/\/devcomp.site\/it\/wp-json\/wp\/v2\/types\/page"}],"author":[{"embeddable":true,"href":"https:\/\/devcomp.site\/it\/wp-json\/wp\/v2\/users\/8"}],"replies":[{"embeddable":true,"href":"https:\/\/devcomp.site\/it\/wp-json\/wp\/v2\/comments?post=13150"}],"version-history":[{"count":0,"href":"https:\/\/devcomp.site\/it\/wp-json\/wp\/v2\/pages\/13150\/revisions"}],"wp:attachment":[{"href":"https:\/\/devcomp.site\/it\/wp-json\/wp\/v2\/media?parent=13150"}],"curies":[{"name":"wp","href":"https:\/\/api.w.org\/{rel}","templated":true}]}}