{"id":9522,"date":"2016-12-14T12:00:54","date_gmt":"2016-12-14T11:00:54","guid":{"rendered":"https:\/\/compassion.ch\/?page_id=9522\/"},"modified":"2024-01-10T13:47:44","modified_gmt":"2024-01-10T12:47:44","slug":"haeufig-gestellte-fragen","status":"publish","type":"page","link":"https:\/\/devcomp.site\/de\/haeufig-gestellte-fragen\/","title":{"rendered":"H\u00e4ufig gestellte Fragen"},"content":{"rendered":"<div id=\"pl-9522\"  class=\"panel-layout\" ><div class=\"section section_abgerissen_unten section_full_width\" ><div id=\"pg-9522-0\"  class=\"panel-grid panel-no-style\" ><div id=\"pgc-9522-0-0\"  class=\"panel-grid-cell\" ><div id=\"panel-9522-0-0-0\" class=\"so-panel widget widget_image-slider panel-first-child panel-last-child\" data-index=\"0\" ><div\n\t\t\t\n\t\t\tclass=\"so-widget-image-slider so-widget-image-slider-image-slider-style-d75171398898-9522\"\n\t\t\t\n\t\t>\n<div class=\"slick-slider slick-carousel slick-style-head\" data-slickSlides=\"1\" data-slickScroll=\"1\" data-slickArrows=\"true\" data-slickDots=\"true\">\n\n  \n  <div class=\"slide\">\n    <div class=\"slide-image position-top\" style=\"background-image: url(https:\/\/devcomp.site\/wp-content\/uploads\/2016\/12\/compassion_faq_banner-2.jpg);\"><\/div>\n    <div class=\"slide-content-wrapper\">\n      <div class=\"slide-content\">\n        <h1>H\u00e4ufig gestellte Fragen<\/h1>\n<p class=\"quote\">Das Patenschaftsprogramm in neun Fragen\n<\/p>      <\/div>\n    <\/div>\n  <\/div>\n\n  \n<\/div>\n<\/div><\/div><\/div><\/div><\/div><div class=\"section background-beige-gradient background-beige section_abgerissen_oben\" ><div class=\"row section_row\"><div id=\"pg-9522-1\"  class=\"panel-grid panel-no-style\" ><div id=\"pgc-9522-1-0\"  class=\"panel-grid-cell panel-grid-cell-empty\" ><\/div><div id=\"pgc-9522-1-1\"  class=\"panel-grid-cell panel-grid-cell-mobile-last\" ><div id=\"panel-9522-1-1-0\" class=\"so-panel widget widget_accordion-widget panel-first-child\" data-index=\"1\" ><div\n\t\t\t\n\t\t\tclass=\"so-widget-accordion-widget so-widget-accordion-widget-accordion-widget-style-d75171398898-9522\"\n\t\t\t\n\t\t>\n<ul class=\"accordion\" data-accordion data-allow-all-closed=\"true\">\n\t\n\t<li class=\"accordion-item \" data-accordion-item>\n    <a class=\"accordion-title\"><span class=\"text\">Bin ich der einzige Pate meines Patenkindes?<\/span><\/a>\n    <div class=\"accordion-content\" data-tab-content>\n       <p>Ja! Das Kind, das du unterst\u00fctzt, hat nur einen einzigen Paten - und das bist du! Das bedeutet auch, dass du die einzige Person bist, die deinem Patenkind schreiben wird. Diese Beziehung ist enorm wertvoll und eine grosse Ermutigung f\u00fcr das Kind, die seine Entwicklung zus\u00e4tzlich f\u00f6rdert.<\/p>\n    <\/div>\n\t<\/li>\n\n\n\t<li class=\"accordion-item \" data-accordion-item>\n    <a class=\"accordion-title\"><span class=\"text\">Was bewirkt die Unterst\u00fctzung durch eine Patenschaft?<\/span><\/a>\n    <div class=\"accordion-content\" data-tab-content>\n       <p>Deine Patenschaft erm\u00f6glicht, dass das Kind ein Kinderzentrum besucht, das von einer einheimischen christlichen Gemeinde gef\u00fchrt wird. Dort wird es ganzheitlich gef\u00f6rdert mit dem Ziel, dem Kind zu helfen der Armut zu entkommen. Das Kind selbst steht im Mittelpunkt: Es kann zur Schule gehen, wird \u00e4rztlich versorgt, lernt gute Verhaltensweisen und erf\u00e4hrt durch die Mitarbeiter Liebe und Zuwendung. Ihm werden christliche Werte vermittelt und es h\u00f6rt das Evangelium von Jesus Christus - denn Gottes Liebe wird sein Leben auch pr\u00e4gen.<\/p>\n<p>Die zweite Form der Unterst\u00fctzung ist die Korrespondenz zwischen Pate und Patenkind. Wenn ein Pate von Herzen an sein Patenkind schreibt, vermittelt es ihm: \u201eDu bist wertvoll f\u00fcr mich, ich m\u00f6chte Dich aufwachsen sehen und ich bin stolz auf Dich.\u201c Die Briefe des Paten haben einen bedeutenden Einfluss auf die Entwicklung des Kindes. <a href=\"https:\/\/devcomp.site\/de\/schreiben\/\">Schreibe deinem Patenkind<\/a><\/p>\n    <\/div>\n\t<\/li>\n\n\n\t<li class=\"accordion-item \" data-accordion-item>\n    <a class=\"accordion-title\"><span class=\"text\">Warum arbeitet Compassion mit Kinder-Patenschaftsprogrammen und nicht mit \u00fcbergeordneten Regionalprogrammen wie andere Hilfswerke dies tun?<\/span><\/a>\n    <div class=\"accordion-content\" data-tab-content>\n       <p>Jahrzehntelange Erfahrungen mit Kinderpatenschaften haben gezeigt, dass wenn ein Kind durch Compassion unterst\u00fctzt wird, die Familie und das Umfeld ebenfalls davon profitieren. Kleider, schulische Kenntnisse, Hygiene- und Ern\u00e4hrungsgewohnheiten werden weitergegeben. Ver\u00e4nderte \u00e4ussere Umst\u00e4nde ver\u00e4ndern selten das Innere des Menschen - ver\u00e4nderte Menschen werden aber die \u00e4usseren Umst\u00e4nde ganz sicher ver\u00e4ndern.<\/p>\n<p><a href=\"https:\/\/devcomp.site\/de\/sind-kinderpatenschaften-ethisch\/\">Eine Studie von Dr. Bruce Wydick<\/a>, die in sechs L\u00e4ndern durchgef\u00fchrt wurde und im \u201eJournal of Political Economy\u201c publiziert wurde, best\u00e4tigt die Wirksamkeit von Eins-zu-Eins Patenschaften in der Bek\u00e4mpfung extremer Armut.<\/p>\n    <\/div>\n\t<\/li>\n\n\n\t<li class=\"accordion-item \" data-accordion-item>\n    <a class=\"accordion-title\"><span class=\"text\">Wieso arbeitet Compassion \u201eim Namen von Jesus\u201c?<\/span><\/a>\n    <div class=\"accordion-content\" data-tab-content>\n       <p>Compassion ist eine christliche Organisation. Die geistliche Entwicklung des Kindes erg\u00e4nzt die wirtschaftliche, intellektuelle und soziale Entwicklung.<\/p>\n<p>Dieser ganzheitlichen Ansatz hat sich \u00fcber mehrere Jahrzehnte Erfahrung bew\u00e4hrt.<\/p>\n    <\/div>\n\t<\/li>\n\n\n\t<li class=\"accordion-item \" data-accordion-item>\n    <a class=\"accordion-title\"><span class=\"text\">M\u00fcssen Kinder Christ werden, damit sie durch Compassion unterst\u00fctzt werden?<\/span><\/a>\n    <div class=\"accordion-content\" data-tab-content>\n       <p>Nein. Compassion garantiert allen unterst\u00fctzten Kindern Religionsfreiheit und ihre Unterst\u00fctzung h\u00e4ngt nicht von der religi\u00f6sen Zugeh\u00f6rigkeit ab.<\/p>\n<p>Compassion nimmt Kinder mit anderen religi\u00f6sen Traditionen auf und unterst\u00fctzt diese ohne jegliche Diskrimination.<\/p>\n    <\/div>\n\t<\/li>\n\n\n\t<li class=\"accordion-item \" data-accordion-item>\n    <a class=\"accordion-title\"><span class=\"text\">Wie w\u00e4hlt Compassion die Kinder aus?<\/span><\/a>\n    <div class=\"accordion-content\" data-tab-content>\n       <p>Compassion arbeitet mit Gemeinden in 29 L\u00e4ndern des globalen S\u00fcdens zusammen, die das gesellschaftliche Umfeld in ihrer Umgebung besser kennen als sonst irgendjemand.<\/p>\n<p>Die lokalen Kirchen identifizieren und unterst\u00fctzen Kinder aus den \u00e4rmsten Familien und f\u00fchren die Aktivit\u00e4ten der Kinderzentren in R\u00e4umen ausserhalb der Kirche durch.<\/p>\n<p><strong>\u00a0<\/strong><\/p>\n    <\/div>\n\t<\/li>\n\n\n\t<li class=\"accordion-item \" data-accordion-item>\n    <a class=\"accordion-title\"><span class=\"text\">Welcher Teil meiner Unterst\u00fctzung kommt tats\u00e4chlich beim Kind an?<\/span><\/a>\n    <div class=\"accordion-content\" data-tab-content>\n       <p>Compassion Schweiz garantiert, dass mindestens 80% des Betrages f\u00fcr die Patenschaft den unterst\u00fctzten Kindern zugutekommt. Compassion zahlt den Patenkindern kein Geld direkt aus. Die Unterst\u00fctzung des Kindes garantiert die Finanzierung der Schulausbildung, einer gesunden Ern\u00e4hrung, medizinischer Betreuung, Hygiene- und Ern\u00e4hrungsunterricht, sozialer Freizeitaktivit\u00e4ten und Bibelunterricht. Mit den restlichen 20% werden neue Paten gesucht und die Administration finanziert. <a href=\"https:\/\/devcomp.site\/de\/finanzen\/\">Mehr Infos zur finanziellen Integrit\u00e4t findest du hier<\/a>.<\/p>\n<p>Die Betr\u00e4ge f\u00fcr Geschenke (zum Geburtstag, Familiengeschenke) kommen zu 100% dem Kind zugute. Das Kinderzentrum kauft die Geschenke vor Ort, entsprechend den Bed\u00fcrfnissen und W\u00fcnschen des Kindes und seiner Familie. <a href=\"https:\/\/devcomp.site\/de\/schenken\/\">Mehr zu \u201eSchenken\u201c<\/a><\/p>\n    <\/div>\n\t<\/li>\n\n\n\t<li class=\"accordion-item \" data-accordion-item>\n    <a class=\"accordion-title\"><span class=\"text\">Wie lange verpflichte ich mich f\u00fcr meine Patenschaft?<\/span><\/a>\n    <div class=\"accordion-content\" data-tab-content>\n       <p>Das Patenschaftsprogramm von Compassion betreut Kinder von 0 bis 22 Jahren.<\/p>\n<p>Wir freuen uns \u00fcber jeden Paten, der sein Patenkind bis zum Ende der Patenschaft unterst\u00fctzen kann. Die Unterst\u00fctzung eines Patenkindes ist eine langfristige Verpflichtung.<\/p>\n<p>Dennoch ist es m\u00f6glich, die Patenschaft jederzeit zu beenden. Dein Patenkind wird in diesem Fall nicht aus dem Programm ausgeschlossen, und Compassion bem\u00fcht sich, schnellstm\u00f6glich einen neuen Paten f\u00fcr das Kind zu finden.<\/p>\n    <\/div>\n\t<\/li>\n\n\n\t<li class=\"accordion-item \" data-accordion-item>\n    <a class=\"accordion-title\"><span class=\"text\">Warum entsendet Compassion keine humanit\u00e4ren Mitarbeitenden in die Partnerl\u00e4nder?<\/span><\/a>\n    <div class=\"accordion-content\" data-tab-content>\n       <p>Compassion glaubt, dass die Menschen, die in der unmittelbaren Umgebung der \u00c4rmsten leben und sich schon lange f\u00fcr sie engagieren, ihre Bed\u00fcrfnisse am besten kennen.<\/p>\n<p>Deswegen arbeiten wir mit lokalen Kirchen zusammen. Ein internationales Team von Experten arbeitet an den Programmen, um die Entwicklung von Kindern zu f\u00f6rdern.<\/p>\n    <\/div>\n\t<\/li>\n\n<\/ul>\n<\/div><\/div><div id=\"panel-9522-1-1-1\" class=\"so-panel widget widget_siteorigin-panels-builder panel-last-child\" data-index=\"2\" ><div class=\"panel-widget-style panel-widget-style-for-9522-1-1-1\" ><div id=\"pl-w659e91f0eb047\"  class=\"panel-layout\" ><div class=\"row section_row\"><div id=\"pg-w659e91f0eb047-0\"  class=\"panel-grid panel-no-style\" ><div id=\"pgc-w659e91f0eb047-0-0\"  class=\"panel-grid-cell\" ><div id=\"panel-w659e91f0eb047-0-0-0\" class=\"so-panel widget widget_sow-editor panel-first-child\" data-index=\"0\" ><div\n\t\t\t\n\t\t\tclass=\"so-widget-sow-editor so-widget-sow-editor-base\"\n\t\t\t\n\t\t>\n<div class=\"siteorigin-widget-tinymce textwidget\">\n\t<p class=\"subtitle\" style=\"text-align: center;\">Bei weiteren Fragen stehen wir dir gerne zur Verf\u00fcgung<br \/>\nTelefon 031 552 21 21<br \/>\noder per Kontaktformular.<\/p>\n<\/div>\n<\/div><\/div><div id=\"panel-w659e91f0eb047-0-0-1\" class=\"so-panel widget widget_widget-button panel-last-child\" data-index=\"1\" ><div\n\t\t\t\n\t\t\tclass=\"so-widget-widget-button so-widget-widget-button-widget-button-style-d75171398898\"\n\t\t\t\n\t\t>\n  <div class=\"button-center-wrapper\">\n\n<a href=\"\/de\/kontakt\" class=\"button button-blue button-center button-medium\">Kontakt<\/a>\n\n  <\/div>\n<\/div><\/div><\/div><\/div><\/div><\/div><\/div><\/div><\/div><div id=\"pgc-9522-1-2\"  class=\"panel-grid-cell panel-grid-cell-empty\" ><\/div><\/div><\/div><\/div><\/div>","protected":false},"excerpt":{"rendered":"<p>H\u00e4ufig gestellte Fragen Das Patenschaftsprogramm in neun Fragen Bin ich der einzige Pate meines Patenkindes? Ja! Das Kind, das du unterst\u00fctzt, hat nur einen einzigen Paten &#8211; und das bist du! Das bedeutet auch, dass du die einzige Person bist,<span class=\"excerpt_more\">&#8230;<\/span><\/p>\n","protected":false},"author":8,"featured_media":0,"parent":0,"menu_order":0,"comment_status":"closed","ping_status":"closed","template":"","meta":{"give_campaign_id":0,"footnotes":""},"class_list":["post-9522","page","type-page","status-publish","hentry"],"campaignId":"","_links":{"self":[{"href":"https:\/\/devcomp.site\/de\/wp-json\/wp\/v2\/pages\/9522","targetHints":{"allow":["GET"]}}],"collection":[{"href":"https:\/\/devcomp.site\/de\/wp-json\/wp\/v2\/pages"}],"about":[{"href":"https:\/\/devcomp.site\/de\/wp-json\/wp\/v2\/types\/page"}],"author":[{"embeddable":true,"href":"https:\/\/devcomp.site\/de\/wp-json\/wp\/v2\/users\/8"}],"replies":[{"embeddable":true,"href":"https:\/\/devcomp.site\/de\/wp-json\/wp\/v2\/comments?post=9522"}],"version-history":[{"count":1,"href":"https:\/\/devcomp.site\/de\/wp-json\/wp\/v2\/pages\/9522\/revisions"}],"predecessor-version":[{"id":504607,"href":"https:\/\/devcomp.site\/de\/wp-json\/wp\/v2\/pages\/9522\/revisions\/504607"}],"wp:attachment":[{"href":"https:\/\/devcomp.site\/de\/wp-json\/wp\/v2\/media?parent=9522"}],"curies":[{"name":"wp","href":"https:\/\/api.w.org\/{rel}","templated":true}]}}