{"id":9387,"date":"2016-12-14T11:32:30","date_gmt":"2016-12-14T10:32:30","guid":{"rendered":"https:\/\/compassion.ch\/?page_id=9387\/"},"modified":"2020-09-25T08:38:09","modified_gmt":"2020-09-25T06:38:09","slug":"schenken","status":"publish","type":"page","link":"https:\/\/devcomp.site\/de\/schenken\/","title":{"rendered":"Schenken"},"content":{"rendered":"<div id=\"pl-9387\"  class=\"panel-layout\" ><div class=\"section section_full_width\" ><div id=\"pg-9387-0\"  class=\"panel-grid panel-no-style\" ><div id=\"pgc-9387-0-0\"  class=\"panel-grid-cell\" ><div id=\"panel-9387-0-0-0\" class=\"so-panel widget widget_image-slider panel-first-child panel-last-child\" data-index=\"0\" ><div\n\t\t\t\n\t\t\tclass=\"so-widget-image-slider so-widget-image-slider-image-slider-style-d75171398898-9387\"\n\t\t\t\n\t\t>\n<div class=\"slick-slider slick-carousel slick-style-head\" data-slickSlides=\"1\" data-slickScroll=\"1\" data-slickArrows=\"true\" data-slickDots=\"true\">\n\n  \n  <div class=\"slide\">\n    <div class=\"slide-image position-center\" style=\"background-image: url(https:\/\/devcomp.site\/wp-content\/uploads\/2016\/07\/KTHIES-40.jpg);\"><\/div>\n    <div class=\"slide-content-wrapper\">\n      <div class=\"slide-content\">\n        <h1>Kindern eine Freude machen<\/h1>\n<p class=\"quote\"><\/p>      <\/div>\n    <\/div>\n  <\/div>\n\n  \n<\/div>\n<\/div><\/div><\/div><\/div><\/div><div class=\"section background-beige-gradient background-beige section_abgerissen_oben has_breadcrumb\" ><div class=\"row section_breadcrumb\"><ul id=\"breadcrumbs\" class=\"breadcrumbs\"><li class=\"item-home\"><a class=\"bread-link bread-home\" href=\"https:\/\/devcomp.site\/de\/\" title=\"Home\">Home<\/a><\/li><li class=\"separator separator-home\"> <span class=\"triangle\"><\/span> <\/li><\/ul><\/div><div class=\"row section_row\"><div id=\"pg-9387-1\"  class=\"panel-grid panel-no-style\" ><div id=\"pgc-9387-1-0\"  class=\"panel-grid-cell\" ><div id=\"panel-9387-1-0-0\" class=\"so-panel widget widget_sow-editor panel-first-child\" data-index=\"1\" ><div\n\t\t\t\n\t\t\tclass=\"so-widget-sow-editor so-widget-sow-editor-base\"\n\t\t\t\n\t\t>\n<div class=\"siteorigin-widget-tinymce textwidget\">\n\t<h2 class=\"text-uppercase\" style=\"text-align: center;\">Geschenke \u00fcber den Patenschaftsbetrag hinaus<\/h2>\n<p class=\"subtitle\" style=\"text-align: center;\">Bitte habe Verst\u00e4ndnis daf\u00fcr, dass wir keine selbstgepackten Pakete weiterleiten k\u00f6nnen. Porto und Zollgeb\u00fchren \u00fcbersteigen in der Regel den Wert eines Geschenkes. Es ist hier sinnvoller, Geld zu schicken, damit die Mitarbeiter des Kinderzentrums mit dem Kind und dessen Familie \u00fcber Anschaffungen beraten k\u00f6nnen und die Dinge vor Ort besorgen. Von deinem Geldgeschenk wird z. B. neue Kleidung gekauft, eine Ziege f\u00fcr die Familie, eine N\u00e4hmaschine oder andere Dinge, die dem Kind und seiner Familie n\u00fctzlich sind.<\/p>\n<p class=\"subtitle\" style=\"text-align: center;\">\n<\/div>\n<\/div><\/div><div id=\"panel-9387-1-0-1\" class=\"so-panel widget widget_siteorigin-panels-builder panel-last-child\" data-index=\"2\" ><div id=\"pl-w5f6d9051c2d7e\"  class=\"panel-layout\" ><div class=\"section section_full_width\" ><div id=\"pg-w5f6d9051c2d7e-0\"  class=\"panel-grid panel-no-style\" ><div id=\"pgc-w5f6d9051c2d7e-0-0\"  class=\"panel-grid-cell\" ><div id=\"panel-w5f6d9051c2d7e-0-0-0\" class=\"so-panel widget widget_teaser-box panel-first-child\" data-index=\"0\" ><div\n\t\t\t\n\t\t\tclass=\"so-widget-teaser-box so-widget-teaser-box-teaser-box-style-d75171398898\"\n\t\t\t\n\t\t><div class=\"teaser-box\">\n  <div class=\"image position-\" style=\"background-image: url(https:\/\/devcomp.site\/wp-content\/uploads\/2016\/07\/familiengeschenk_kl.jpg);\"><\/div>\n  <h4 class=\"svg-divider\">Familiengeschenk: <br \/>CHF 25.- bis 1000.-  im Jahr<\/h4>\n  <p><span lang=\"DE-CH\">Ein Geschenk f\u00fcr die Familie deines Patenkindes. Gemeinsam mit einem Mitarbeitenden aus dem Compassion-Kinderzentrum wird beraten, wie das Geld sinnvoll verwendet werden kann. F\u00fcr die Familien ist dies oft ein grosser Segen, da sie davon zum Beispiel Nutztiere kaufen k\u00f6nnen oder Ger\u00e4te f\u00fcr einen Nebenerwerb. Dazu erh\u00e4ltst du jedes Jahr einen Einzahlungsschein \"Familiengeschenk\".<\/span><\/p>\n<p><a id=\"#\" href=\"\/de\/geschenkformular\/#fonds=gift_family\" class=\"button button-blue button-medium\">Jetzt schenken<\/a><\/p>\n<\/div>\n<\/div><\/div><div id=\"panel-w5f6d9051c2d7e-0-0-1\" class=\"so-panel widget widget_teaser-box panel-last-child\" data-index=\"1\" ><div\n\t\t\t\n\t\t\tclass=\"so-widget-teaser-box so-widget-teaser-box-teaser-box-style-d75171398898\"\n\t\t\t\n\t\t><div class=\"teaser-box\">\n  <div class=\"image position-\" style=\"background-image: url(https:\/\/devcomp.site\/wp-content\/uploads\/2016\/07\/projektgeschenk_kl.jpg);\"><\/div>\n  <h4 class=\"svg-divider\">Geschenk ans Kinderzentrum: <br \/> CHF 100.- bis 2000.-  im Jahr<\/h4>\n  <p><span lang=\"DE-CH\">Ein Geschenk, von dem das Compassion-Kinderzentrum deines Patenkindes profitiert - und damit alle Kinder und Jugendlichen, die es besuchen. Zum Beispiel, um davon Lehrmaterial oder Einrichtungsgegenst\u00e4nde zu kaufen um das Lernumfeld f\u00fcr die Kinder und Mitarbeitenden vor Ort zu verbessern.<\/span><\/p>\n<p><a id=\"#\" href=\"\/de\/geschenkformular\/#fonds=gift_project\" class=\"button button-blue button-medium\">Jetzt schenken<\/a><\/p>\n<\/div>\n<\/div><\/div><\/div><div id=\"pgc-w5f6d9051c2d7e-0-1\"  class=\"panel-grid-cell\" ><div id=\"panel-w5f6d9051c2d7e-0-1-0\" class=\"so-panel widget widget_teaser-box panel-first-child\" data-index=\"2\" ><div\n\t\t\t\n\t\t\tclass=\"so-widget-teaser-box so-widget-teaser-box-teaser-box-style-d75171398898\"\n\t\t\t\n\t\t><div class=\"teaser-box\">\n  <div class=\"image position-\" style=\"background-image: url(https:\/\/devcomp.site\/wp-content\/uploads\/2016\/07\/geburtstagsgeschenk3_fertig.png);\"><\/div>\n  <h4 class=\"svg-divider\">Geburtstagsgeschenk: <br \/>CHF 20.- bis 100.-  <\/h4>\n  <p><span lang=\"DE-CH\">Zum Geburtstag kannst du deinem Patenkind ein noch pers\u00f6nlicheres Geschenk machen. Dazu erh\u00e4ltst du jedes Jahr einen Einzahlungsschein \"Geburtstagsgeschenk\". Wir empfehlen dir, die \u00dcberweisung und den Geburtstagsbrief ca. 3 Monate im Voraus abzuschicken (dazu gibt es auch eine Geburtstagserinnerung per E-Mail). Oft schreibt dir dein Patenkind sp\u00e4ter, was es als Geschenk bekommen hat.<\/span><\/p>\n<p><a id=\"#\" href=\"\/de\/geschenkformular\/#fonds=gift_birthday\" class=\"button button-blue button-medium\">Jetzt schenken<\/a><\/p>\n<\/div>\n<\/div><\/div><div id=\"panel-w5f6d9051c2d7e-0-1-1\" class=\"so-panel widget widget_teaser-box panel-last-child\" data-index=\"3\" ><div\n\t\t\t\n\t\t\tclass=\"so-widget-teaser-box so-widget-teaser-box-teaser-box-style-d75171398898\"\n\t\t\t\n\t\t><div class=\"teaser-box\">\n  <div class=\"image position-\" style=\"background-image: url(https:\/\/devcomp.site\/wp-content\/uploads\/2016\/07\/allgemeines_geschenk_kl.jpg);\"><\/div>\n  <h4 class=\"svg-divider\">Allgemeines Geschenk: <br \/> CHF 20.- bis 100.-  im Jahr<\/h4>\n  <p>Eine ausserordentliche Spende, mit der du deinem Patenkind eine Freude machen kannst. Dazu erh\u00e4ltst du jedes Jahr einen Einzahlungsschein \" Allgemeines Geschenk \". Du kannst deinem Patenkind ohne Anlass ein Geschenk machen oder auch wenn du beunruhigende Nachrichten (Klimakatastrophe, famili\u00e4re Probleme etc.) erh\u00e4ltst.<\/p>\n<p><a id=\"#\" href=\"\/de\/geschenkformular\/#fonds=gift_gen\" class=\"button button-blue button-medium\">Jetzt schenken<\/a><\/p>\n<\/div>\n<\/div><\/div><\/div><\/div><\/div><\/div><\/div><\/div><\/div><\/div><\/div><\/div>","protected":false},"excerpt":{"rendered":"<p>Geschenke \u00fcber den Patenschaftsbetrag hinaus Bitte habe Verst\u00e4ndnis daf\u00fcr, dass wir keine selbstgepackten Pakete weiterleiten k\u00f6nnen. Porto und Zollgeb\u00fchren \u00fcbersteigen in der Regel den Wert eines Geschenkes. Es ist hier sinnvoller, Geld zu schicken, damit die Mitarbeiter des Kinderzentrums mit<span class=\"excerpt_more\">&#8230;<\/span><\/p>\n","protected":false},"author":8,"featured_media":0,"parent":0,"menu_order":0,"comment_status":"closed","ping_status":"closed","template":"","meta":{"give_campaign_id":0,"footnotes":""},"class_list":["post-9387","page","type-page","status-publish","hentry"],"campaignId":"","_links":{"self":[{"href":"https:\/\/devcomp.site\/de\/wp-json\/wp\/v2\/pages\/9387","targetHints":{"allow":["GET"]}}],"collection":[{"href":"https:\/\/devcomp.site\/de\/wp-json\/wp\/v2\/pages"}],"about":[{"href":"https:\/\/devcomp.site\/de\/wp-json\/wp\/v2\/types\/page"}],"author":[{"embeddable":true,"href":"https:\/\/devcomp.site\/de\/wp-json\/wp\/v2\/users\/8"}],"replies":[{"embeddable":true,"href":"https:\/\/devcomp.site\/de\/wp-json\/wp\/v2\/comments?post=9387"}],"version-history":[{"count":0,"href":"https:\/\/devcomp.site\/de\/wp-json\/wp\/v2\/pages\/9387\/revisions"}],"wp:attachment":[{"href":"https:\/\/devcomp.site\/de\/wp-json\/wp\/v2\/media?parent=9387"}],"curies":[{"name":"wp","href":"https:\/\/api.w.org\/{rel}","templated":true}]}}