{"id":29042,"date":"2017-03-10T09:32:35","date_gmt":"2017-03-10T08:32:35","guid":{"rendered":"https:\/\/compassion.ch\/?page_id=29042\/"},"modified":"2024-08-13T07:54:38","modified_gmt":"2024-08-13T05:54:38","slug":"komm-mit-ug","status":"publish","type":"page","link":"https:\/\/devcomp.site\/de\/komm-mit-ug\/","title":{"rendered":"Komm mit in meine Welt &#8211; Uganda"},"content":{"rendered":"<div id=\"pl-29042\"  class=\"panel-layout\" ><div class=\"section section_full_width\" ><div id=\"pg-29042-0\"  class=\"panel-grid panel-no-style\" ><div id=\"pgc-29042-0-0\"  class=\"panel-grid-cell\" ><div id=\"panel-29042-0-0-0\" class=\"so-panel widget widget_image-slider panel-first-child panel-last-child\" data-index=\"0\" ><div\n\t\t\t\n\t\t\tclass=\"so-widget-image-slider so-widget-image-slider-image-slider-style-d75171398898-29042\"\n\t\t\t\n\t\t>\n<div class=\"slick-slider slick-carousel slick-style-head\" data-slickSlides=\"1\" data-slickScroll=\"1\" data-slickArrows=\"true\" data-slickDots=\"true\">\n\n  \n  <div class=\"slide\">\n    <div class=\"slide-image position-center\" style=\"background-image: url(https:\/\/devcomp.site\/wp-content\/uploads\/2017\/03\/compassion_kommit_banner-1.jpg);\"><\/div>\n    <div class=\"slide-content-wrapper\">\n      <div class=\"slide-content\">\n              <\/div>\n    <\/div>\n  <\/div>\n\n  \n<\/div>\n<\/div><\/div><\/div><\/div><\/div><div class=\"section background-beige section_abgerissen_unten section_abgerissen_oben remove_margin_bottom section_gradient_unten has_breadcrumb\" ><div class=\"row section_breadcrumb\"><ul id=\"breadcrumbs\" class=\"breadcrumbs\"><li class=\"item-home\"><a class=\"bread-link bread-home\" href=\"https:\/\/devcomp.site\/de\/\" title=\"Home\">Home<\/a><\/li><li class=\"separator separator-home\"> <span class=\"triangle\"><\/span> <\/li><\/ul><\/div><div class=\"row section_row\"><div id=\"pg-29042-1\"  class=\"panel-grid panel-no-style\" ><div id=\"pgc-29042-1-0\"  class=\"panel-grid-cell\" ><div id=\"panel-29042-1-0-0\" class=\"so-panel widget widget_sow-editor panel-first-child\" data-index=\"1\" ><div\n\t\t\t\n\t\t\tclass=\"so-widget-sow-editor so-widget-sow-editor-base\"\n\t\t\t\n\t\t>\n<div class=\"siteorigin-widget-tinymce textwidget\">\n\t<h2 style=\"text-align: center;\">Komm mit in meine Welt<\/h2>\n<p class=\"subtitle\" style=\"text-align: center;\">\u00abWieviel ist genug?\u00bb Inhalts\u00admodule f\u00fcr Sonntagschulen, Familien und Kleingruppen<\/p>\n<\/div>\n<\/div><\/div><div id=\"panel-29042-1-0-1\" class=\"so-panel widget widget_siteorigin-panels-builder panel-last-child\" data-index=\"2\" ><div id=\"pl-w66baf51e3b777\"  class=\"panel-layout\" ><div class=\"row section_row\"><div id=\"pg-w66baf51e3b777-0\"  class=\"panel-grid panel-no-style\" ><div id=\"pgc-w66baf51e3b777-0-0\"  class=\"panel-grid-cell\" ><div id=\"panel-w66baf51e3b777-0-0-0\" class=\"so-panel widget widget_sow-image panel-first-child panel-last-child\" data-index=\"0\" ><div\n\t\t\t\n\t\t\tclass=\"so-widget-sow-image so-widget-sow-image-default-6ec9e3772f75\"\n\t\t\t\n\t\t>\n<div class=\"sow-image-container\">\n\t\t<img \n\tsrc=\"https:\/\/devcomp.site\/wp-content\/uploads\/2017\/03\/compassion_kommit_foot.png\" width=\"464\" height=\"952\" srcset=\"https:\/\/devcomp.site\/wp-content\/uploads\/2017\/03\/compassion_kommit_foot.png 464w, https:\/\/devcomp.site\/wp-content\/uploads\/2017\/03\/compassion_kommit_foot-146x300.png 146w\" sizes=\"(max-width: 464px) 100vw, 464px\" alt=\"\" \t\tclass=\"so-widget-image\"\/>\n\t<\/div>\n\n<\/div><\/div><\/div><div id=\"pgc-w66baf51e3b777-0-1\"  class=\"panel-grid-cell\" ><div id=\"panel-w66baf51e3b777-0-1-0\" class=\"so-panel widget widget_sow-editor panel-first-child\" data-index=\"1\" ><div\n\t\t\t\n\t\t\tclass=\"so-widget-sow-editor so-widget-sow-editor-base\"\n\t\t\t\n\t\t>\n<div class=\"siteorigin-widget-tinymce textwidget\">\n\t<p><strong>In vier Schritten reisen wir in die Welt von Pastor Tom und seiner Familie in Uganda.<\/strong><br \/>\nDabei lernen wir eine Familie kennen, die sehr einfach lebt, aber von allem genug hat. Genug Wasser, genug zu essen, genug Gemeinschaft, genug Hoffnung, genug in Jesus. Wir lernen, mit dankbaren Herzen in den Fussstapfen von Jesus zu gehen und uns um Menschen zu k\u00fcmmern, die nicht genug haben. Und wir finden Wege heraus, wie wir das praktisch umsetzten k\u00f6nnen.<\/p>\n<p>Die Lektionen enthalten Videoclips, Aktivit\u00e4ten, Fragen zum Besprechen, eine Andacht und ein Gebet. Der detaillierte Leitfaden hilft Gruppenleitern, den Aufwand beim Vorbereiten der Sonntagschulklasse im Griff zu behalten. Die Module sind flexibel an unterschiedliche Anforderungen anpassbar.<\/p>\n<p>Im Leitfaden <a href=\"#kommit_form\">(zu bestellen mit dem Formular unten)<\/a> siehst du, wie die Lektionen zusammengestellt sind, welches Material es in einer Lektion braucht, wie die Spiele ablaufen und welche Videos zur Lektion geh\u00f6ren.<\/p>\n<p>In der Zwischenzeit kannst du hier schon mal in <a href=\"https:\/\/vimeo.com\/channels\/kommit\" target=\"_blank\" rel=\"noopener noreferrer\">die Clips reinschauen<\/a>.<\/p>\n<p>Das gesamte Material ist kostenlos.<\/p>\n<\/div>\n<\/div><\/div><div id=\"panel-w66baf51e3b777-0-1-1\" class=\"so-panel widget widget_sow-editor\" data-index=\"2\" ><div\n\t\t\t\n\t\t\tclass=\"so-widget-sow-editor so-widget-sow-editor-base\"\n\t\t\t\n\t\t>\n<div class=\"siteorigin-widget-tinymce textwidget\">\n\t<h3>Schritt 1: Spielen macht Spass!<\/h3>\n<p>Unsere Reise beginnt mit einem Treffen mit Isaac, einem Kind unserer Gastfamilie. Isaac zeigt uns, wie man einen Fussball in Uganda-Style basteln kann. Wir erleben, wie Gott uns genug gibt zum Geniessen und genug zum Teilen. Isaac nimmt uns mit in seine Welt, und wir folgen den Fussstapfen von Jesus.<\/p>\n<p><b>Wenn du die Videoclips ohne Internet-Verbindung abspielen willst, kannst du sie runterladen: Klicke auf den Titel des Videos, und dann unten auf der Vimeo-Seite auf Herunterladen.<\/b><\/p>\n<\/div>\n<\/div><\/div><div id=\"panel-w66baf51e3b777-0-1-2\" class=\"so-panel widget widget_ink-video\" data-index=\"3\" ><div\n\t\t\t\n\t\t\tclass=\"so-widget-ink-video so-widget-ink-video-base\"\n\t\t\t\n\t\t>\n<div class=\"iw-so-video\">\n\n\t\n\t\t<div class=\"video-flex-frame\">\n\t\t\t<iframe title=\"Komm mit in meine Welt \u2013 Schritt 1: Willkommen\" src=\"https:\/\/player.vimeo.com\/video\/191022840?dnt=1&amp;app_id=122963\" width=\"500\" height=\"281\" frameborder=\"0\" allow=\"autoplay; fullscreen; picture-in-picture; clipboard-write; encrypted-media; web-share\" referrerpolicy=\"strict-origin-when-cross-origin\"><\/iframe>\t\t<\/div>\n\n\t\n<\/div>\n<\/div><\/div><div id=\"panel-w66baf51e3b777-0-1-3\" class=\"so-panel widget widget_ink-video\" data-index=\"4\" ><div\n\t\t\t\n\t\t\tclass=\"so-widget-ink-video so-widget-ink-video-base\"\n\t\t\t\n\t\t>\n<div class=\"iw-so-video\">\n\n\t\n\t\t<div class=\"video-flex-frame\">\n\t\t\t<iframe title=\"Komm mit in meine Welt \u2013 Schritt 1: Einen Fussball basteln\" src=\"https:\/\/player.vimeo.com\/video\/191022624?dnt=1&amp;app_id=122963\" width=\"500\" height=\"281\" frameborder=\"0\" allow=\"autoplay; fullscreen; picture-in-picture; clipboard-write; encrypted-media; web-share\" referrerpolicy=\"strict-origin-when-cross-origin\"><\/iframe>\t\t<\/div>\n\n\t\n<\/div>\n<\/div><\/div><div id=\"panel-w66baf51e3b777-0-1-4\" class=\"so-panel widget widget_sow-editor\" data-index=\"5\" ><div\n\t\t\t\n\t\t\tclass=\"so-widget-sow-editor so-widget-sow-editor-base\"\n\t\t\t\n\t\t>\n<div class=\"siteorigin-widget-tinymce textwidget\">\n\t<div id=\"c1721\" class=\"csc-default\">\n<p>Folgender Videoclip ist f\u00fcr die Familienandacht des <i>Leitfadens f\u00fcr Familien<\/i>:<\/p>\n<\/div>\n<\/div>\n<\/div><\/div><div id=\"panel-w66baf51e3b777-0-1-5\" class=\"so-panel widget widget_ink-video\" data-index=\"6\" ><div\n\t\t\t\n\t\t\tclass=\"so-widget-ink-video so-widget-ink-video-base\"\n\t\t\t\n\t\t>\n<div class=\"iw-so-video\">\n\n\t\n\t\t<div class=\"video-flex-frame\">\n\t\t\t<iframe title=\"Komm mit in meine Welt \u2013 Schritt 1: Genug Liebe\" src=\"https:\/\/player.vimeo.com\/video\/191022618?dnt=1&amp;app_id=122963\" width=\"500\" height=\"281\" frameborder=\"0\" allow=\"autoplay; fullscreen; picture-in-picture; clipboard-write; encrypted-media; web-share\" referrerpolicy=\"strict-origin-when-cross-origin\"><\/iframe>\t\t<\/div>\n\n\t\n<\/div>\n<\/div><\/div><div id=\"panel-w66baf51e3b777-0-1-6\" class=\"so-panel widget widget_sow-editor\" data-index=\"7\" ><div\n\t\t\t\n\t\t\tclass=\"so-widget-sow-editor so-widget-sow-editor-base\"\n\t\t\t\n\t\t>\n<div class=\"siteorigin-widget-tinymce textwidget\">\n\t<h3>Schritt 2: Wir tragen Wasser<\/h3>\n<p>Rabecca ist die j\u00fcngste Tochter von Tom und Nancy. Sie nimmt uns mit zum Wasserholen f\u00fcr ihre Familie. Wir tragen nun selber Wasser und denken dar\u00fcber nach, wie Gott uns erf\u00fcllt, damit wir andere f\u00fcllen k\u00f6nnen.<\/p>\n<p><img fetchpriority=\"high\" fetchpriority=\"high\" decoding=\"async\" class=\"size-full wp-image-57988 aligncenter\" src=\"https:\/\/devcomp.site\/wp-content\/uploads\/2017\/03\/407704465b.jpg\" alt=\"\" width=\"800\" height=\"515\" srcset=\"https:\/\/devcomp.site\/wp-content\/uploads\/2017\/03\/407704465b.jpg 800w, https:\/\/devcomp.site\/wp-content\/uploads\/2017\/03\/407704465b-300x193.jpg 300w, https:\/\/devcomp.site\/wp-content\/uploads\/2017\/03\/407704465b-768x494.jpg 768w\" sizes=\"(max-width: 800px) 100vw, 800px\" \/><\/p>\n<p><strong>Bild von typischen \u00abJerry Can\u00bb Wasserkanistern.<\/strong> Herunterladen zum Ausdrucken: mit rechter Maustaste auf Bild klicken &gt; \u00abBild sichern unter...\u00bb.<br \/>Foto: <a class=\"external-link-new-window\" title=\"Opens external link in new window\" href=\"https:\/\/www.flickr.com\/photos\/waterdotorg\/11227272223\" target=\"_blank\" rel=\"noopener noreferrer\">Waterdotorg\/Flickr<\/a><\/p>\n<div id=\"c1705\" class=\"csc-default\">\n<div class=\"csc-textpic csc-textpic-intext-left-nowrap\">\n<div>\n<div class=\"csc-textpic-text\">\n<p><a class=\"download\" title=\"Initiates file download\" href=\"https:\/\/devcomp.site\/wp-content\/uploads\/2017\/03\/Compassion_KommMit_Wasserfilter_01.pdf\" target=\"_blank\" rel=\"noopener noreferrer\">Compassion Wasserfilter Info<\/a>\u00a0(pdf)<\/p>\n<\/div>\n<\/div>\n<\/div>\n<\/div>\n<\/div>\n<\/div><\/div><div id=\"panel-w66baf51e3b777-0-1-7\" class=\"so-panel widget widget_ink-video\" data-index=\"8\" ><div\n\t\t\t\n\t\t\tclass=\"so-widget-ink-video so-widget-ink-video-base\"\n\t\t\t\n\t\t>\n<div class=\"iw-so-video\">\n\n\t\n\t\t<div class=\"video-flex-frame\">\n\t\t\t<iframe title=\"Komm mit in meine Welt \u2013 Schritt 2: Genug Wasser\" src=\"https:\/\/player.vimeo.com\/video\/191022621?dnt=1&amp;app_id=122963\" width=\"500\" height=\"281\" frameborder=\"0\" allow=\"autoplay; fullscreen; picture-in-picture; clipboard-write; encrypted-media; web-share\" referrerpolicy=\"strict-origin-when-cross-origin\"><\/iframe>\t\t<\/div>\n\n\t\n<\/div>\n<\/div><\/div><div id=\"panel-w66baf51e3b777-0-1-8\" class=\"so-panel widget widget_sow-editor\" data-index=\"9\" ><div\n\t\t\t\n\t\t\tclass=\"so-widget-sow-editor so-widget-sow-editor-base\"\n\t\t\t\n\t\t>\n<div class=\"siteorigin-widget-tinymce textwidget\">\n\t<h3>Schritt 3: Genug Sicherheit<\/h3>\n<p>Joshua ist der j\u00fcngste Sohn von Tom und Nancy. Er nimmt uns mit und zeigt uns das Schlafzimmer, das er mit seinem Bruder Isaac teilt. Wir gehen mit in die Welt unserer Gastfamilie und sehen, dass Jesus genug ist, auch wenn wir uns unsicher f\u00fchlen.<\/p>\n<div class=\"csc-default\">\n<p><a class=\"download\" title=\"Initiates file download\" href=\"https:\/\/devcomp.site\/wp-content\/uploads\/2017\/03\/Compassion_KommMit_Malariaquiz_b.pdf\" target=\"_blank\" rel=\"noopener noreferrer\">Malaria Quizkarten (PDF)<\/a><\/p>\n<ul>\n<li>Das PDF hat 2 Seiten<\/li>\n<li>Vor- und R\u00fcckseite zusammenkleben (oder doppelseitig ausdrucken), ausschneiden, mit Klettband versehen<\/li>\n<\/ul>\n<p><a class=\"download\" title=\"Initiates file download\" href=\"https:\/\/devcomp.site\/wp-content\/uploads\/2017\/03\/Compassion_KommMit_MalariaQuiz_Antworten.pdf\" target=\"_blank\" rel=\"noopener noreferrer\">Malaria Quiz Antworten (PDF)<\/a><\/p>\n<p><a class=\"download\" title=\"Initiates file download\" href=\"https:\/\/devcomp.site\/wp-content\/uploads\/2017\/03\/Compassion_KommMit_Moskitos_4x2.pdf\" target=\"_blank\" rel=\"noopener noreferrer\">Papiermoskitos (PDF)<\/a><\/p>\n<ul>\n<li>Das A4-PDF hat 8 Moskitos<\/li>\n<\/ul>\n<p><a class=\"download\" title=\"Initiates file download\" href=\"https:\/\/devcomp.site\/wp-content\/uploads\/2017\/03\/Compassion_KommMit_BiteBack_3xA4.pdf\" target=\"_blank\" rel=\"noopener noreferrer\">Moskito Malvorlage \u00abBite Back\u00bb (PDF)<\/a><\/p>\n<ul>\n<li>A4-Seiten zum Ausmalen<\/li>\n<\/ul>\n<\/div>\n<\/div>\n<\/div><\/div><div id=\"panel-w66baf51e3b777-0-1-9\" class=\"so-panel widget widget_ink-video\" data-index=\"10\" ><div\n\t\t\t\n\t\t\tclass=\"so-widget-ink-video so-widget-ink-video-base\"\n\t\t\t\n\t\t>\n<div class=\"iw-so-video\">\n\n\t\n\t\t<div class=\"video-flex-frame\">\n\t\t\t<iframe title=\"Komm mit in meine Welt \u2013 Schritt 3: Genug Sicherheit\" src=\"https:\/\/player.vimeo.com\/video\/191022850?dnt=1&amp;app_id=122963\" width=\"500\" height=\"281\" frameborder=\"0\" allow=\"autoplay; fullscreen; picture-in-picture; clipboard-write; encrypted-media; web-share\" referrerpolicy=\"strict-origin-when-cross-origin\"><\/iframe>\t\t<\/div>\n\n\t\n<\/div>\n<\/div><\/div><div id=\"panel-w66baf51e3b777-0-1-10\" class=\"so-panel widget widget_sow-editor\" data-index=\"11\" ><div\n\t\t\t\n\t\t\tclass=\"so-widget-sow-editor so-widget-sow-editor-base\"\n\t\t\t\n\t\t>\n<div class=\"siteorigin-widget-tinymce textwidget\">\n\t<h3>Schritt 4: Entscheide dich f\u00fcr deinen n\u00e4chsten Schritt<\/h3>\n<div id=\"c1710\" class=\"csc-default\">\n<div class=\"csc-textpic-text\">\n<p>Wir gehen mit Mama Nancy auf den Markt und \u00fcberlegen, wie wir einem Kind helfen k\u00f6nnen, \u00abgenug\u00bb zu haben. Wir k\u00f6nnen selbst im \u00abGenug\u00bb leben, wenn wir Jesus nachfolgen und uns um Menschen in Not k\u00fcmmern.<\/p>\n<\/div>\n<\/div>\n<div class=\"csc-default\">\n<p><a class=\"download\" title=\"Initiates file download\" href=\"https:\/\/devcomp.site\/wp-content\/uploads\/2017\/03\/Compassion_KommMit_Rollenkarten.pdf\" target=\"_blank\" rel=\"noopener noreferrer\">Rollen-\/Jobkarten (PDF)<\/a><\/p>\n<ul>\n<li>Das PDF hat 8 Seiten<\/li>\n<li>Je eine Vor- und R\u00fcckseite werden zusammengeklebt: 1+2, 3+4, 5+6, 7+8 \u2013 Du hast nach dem Kleben 4 beidseitig bedruckte Bl\u00e4tter in der Hand<\/li>\n<li>Jedes Blatt wird zu 8 Rollenkarten ausgeschnitten. Du hast am Schluss der Vorbereitungen also 4x8 Karten in der Hand<\/li>\n<li>Die genaue Spielanleitung findest du im Leitfaden<\/li>\n<\/ul>\n<p><a class=\"download\" title=\"Initiates file download\" href=\"https:\/\/devcomp.site\/wp-content\/uploads\/2017\/03\/Compassion_KommMit_EntscheideDich.pdf\" target=\"_blank\" rel=\"noopener noreferrer\">Entscheide dich f\u00fcr den n\u00e4chsten Schritt (PDF)<\/a><\/p>\n<\/div>\n<\/div>\n<\/div><\/div><div id=\"panel-w66baf51e3b777-0-1-11\" class=\"so-panel widget widget_ink-video\" data-index=\"12\" ><div\n\t\t\t\n\t\t\tclass=\"so-widget-ink-video so-widget-ink-video-base\"\n\t\t\t\n\t\t>\n<div class=\"iw-so-video\">\n\n\t\n\t\t<div class=\"video-flex-frame\">\n\t\t\t<iframe title=\"Komm mit in meine Welt \u2013 Schritt 4: Genug zu essen\" src=\"https:\/\/player.vimeo.com\/video\/191022623?dnt=1&amp;app_id=122963\" width=\"500\" height=\"281\" frameborder=\"0\" allow=\"autoplay; fullscreen; picture-in-picture; clipboard-write; encrypted-media; web-share\" referrerpolicy=\"strict-origin-when-cross-origin\"><\/iframe>\t\t<\/div>\n\n\t\n<\/div>\n<\/div><\/div><div id=\"panel-w66baf51e3b777-0-1-12\" class=\"so-panel widget widget_ink-video panel-last-child\" data-index=\"13\" ><div\n\t\t\t\n\t\t\tclass=\"so-widget-ink-video so-widget-ink-video-base\"\n\t\t\t\n\t\t>\n<div class=\"iw-so-video\">\n\n\t\n\t\t<div class=\"video-flex-frame\">\n\t\t\t<iframe title=\"Komm mit in meine Welt \u2013 Schritt 4: Entscheide Dich f\u00fcr den n\u00e4chsten Schritt\" src=\"https:\/\/player.vimeo.com\/video\/191022622?dnt=1&amp;app_id=122963\" width=\"500\" height=\"281\" frameborder=\"0\" allow=\"autoplay; fullscreen; picture-in-picture; clipboard-write; encrypted-media; web-share\" referrerpolicy=\"strict-origin-when-cross-origin\"><\/iframe>\t\t<\/div>\n\n\t\n<\/div>\n<\/div><\/div><\/div><\/div><\/div><\/div><\/div><\/div><\/div><\/div><\/div><div class=\"section background-blue section_abgerissen_unten section_abgerissen_oben remove_margin_bottom section_gradient_unten\" ><div class=\"row section_row\"><div id=\"pg-29042-2\"  class=\"panel-grid panel-has-style\" ><div id=\"kommit_form\" class=\"panel-row-style panel-row-style-for-29042-2\" ><div id=\"pgc-29042-2-0\"  class=\"panel-grid-cell\" ><div id=\"panel-29042-2-0-0\" class=\"so-panel widget widget_sow-editor panel-first-child\" data-index=\"3\" ><div\n\t\t\t\n\t\t\tclass=\"so-widget-sow-editor so-widget-sow-editor-base\"\n\t\t\t\n\t\t>\n<div class=\"siteorigin-widget-tinymce textwidget\">\n\t<h2 style=\"text-align: center;\">Leitfaden + Lektionen-Set bestellen<\/h2>\n<p class=\"subtitle\">Gerne schicken wir dir dein kostenloses \u201eKomm mit in meine Welt\u201c-Materialset. F\u00fclle dazu das Formular aus.<\/p>\n<\/div>\n<\/div><\/div><div id=\"panel-29042-2-0-1\" class=\"so-panel widget widget_sow-editor panel-last-child\" data-index=\"4\" ><div\n\t\t\t\n\t\t\tclass=\"so-widget-sow-editor so-widget-sow-editor-base\"\n\t\t\t\n\t\t>\n<div class=\"siteorigin-widget-tinymce textwidget\">\n\t\n<div class=\"wpcf7 no-js\" id=\"wpcf7-f29071-o1\" lang=\"de-DE\" dir=\"ltr\" data-wpcf7-id=\"29071\">\n<div class=\"screen-reader-response\"><p role=\"status\" aria-live=\"polite\" aria-atomic=\"true\"><\/p> <ul><\/ul><\/div>\n<form action=\"\/de\/wp-json\/wp\/v2\/pages\/29042#wpcf7-f29071-o1\" method=\"post\" class=\"wpcf7-form init\" aria-label=\"Kontaktformular\" novalidate=\"novalidate\" data-status=\"init\">\n<fieldset class=\"hidden-fields-container\"><input type=\"hidden\" name=\"_wpcf7\" value=\"29071\" \/><input type=\"hidden\" name=\"_wpcf7_version\" value=\"6.1.5\" \/><input type=\"hidden\" name=\"_wpcf7_locale\" value=\"de_DE\" \/><input type=\"hidden\" name=\"_wpcf7_unit_tag\" value=\"wpcf7-f29071-o1\" \/><input type=\"hidden\" name=\"_wpcf7_container_post\" value=\"0\" \/><input type=\"hidden\" name=\"_wpcf7_posted_data_hash\" value=\"\" \/><input type=\"hidden\" name=\"_wpcf7_recaptcha_response\" value=\"\" \/>\n<\/fieldset>\n<div class=\"large-6 column\">\n\t<div class=\"field-wrapper\">\n\t\t<p><label class=\"no-margin\">Anrede<\/label>\n\t\t<\/p>\n\t\t<div class=\"cf7-input-wrapper\">\n\t\t\t<p><span class=\"wpcf7-form-control-wrap\" data-name=\"radio-569\"><span class=\"wpcf7-form-control wpcf7-radio\"><span class=\"wpcf7-list-item first\"><input type=\"radio\" name=\"radio-569\" value=\"Frau\" checked=\"checked\" \/><span class=\"wpcf7-list-item-label\">Frau<\/span><\/span><span class=\"wpcf7-list-item last\"><input type=\"radio\" name=\"radio-569\" value=\"Herr\" \/><span class=\"wpcf7-list-item-label\">Herr<\/span><\/span><\/span><\/span>\n\t\t\t<\/p>\n\t\t<\/div>\n\t<\/div>\n<\/div>\n<div style=\"clear:both\">\n<\/div>\n<div class=\"large-6 column\">\n\t<div class=\"field-wrapper\">\n\t\t<p><label>Vorname*<\/label>\n\t\t<\/p>\n\t\t<div class=\"cf7-input-wrapper\">\n\t\t\t<p><span class=\"wpcf7-form-control-wrap\" data-name=\"Prenom\"><input size=\"40\" maxlength=\"400\" class=\"wpcf7-form-control wpcf7-text wpcf7-validates-as-required\" aria-required=\"true\" aria-invalid=\"false\" value=\"\" type=\"text\" name=\"Prenom\" \/><\/span>\n\t\t\t<\/p>\n\t\t<\/div>\n\t<\/div>\n\t<div class=\"field-wrapper\">\n\t\t<p><label>Nachname*<\/label>\n\t\t<\/p>\n\t\t<div class=\"cf7-input-wrapper\">\n\t\t\t<p><span class=\"wpcf7-form-control-wrap\" data-name=\"Nom\"><input size=\"40\" maxlength=\"400\" class=\"wpcf7-form-control wpcf7-text wpcf7-validates-as-required\" aria-required=\"true\" aria-invalid=\"false\" value=\"\" type=\"text\" name=\"Nom\" \/><\/span>\n\t\t\t<\/p>\n\t\t<\/div>\n\t<\/div>\n\t<div class=\"field-wrapper\">\n\t\t<p><label>Strasse\/Hausnr.*<\/label>\n\t\t<\/p>\n\t\t<div class=\"cf7-input-wrapper\">\n\t\t\t<p><span class=\"wpcf7-form-control-wrap\" data-name=\"adresse\"><input size=\"40\" maxlength=\"400\" class=\"wpcf7-form-control wpcf7-text wpcf7-validates-as-required\" aria-required=\"true\" aria-invalid=\"false\" value=\"\" type=\"text\" name=\"adresse\" \/><\/span>\n\t\t\t<\/p>\n\t\t<\/div>\n\t<\/div>\n\t<div class=\"field-wrapper\">\n\t\t<p><label>PLZ\/Wohnort*<\/label>\n\t\t<\/p>\n\t\t<div class=\"cf7-input-wrapper\">\n\t\t\t<p><span class=\"wpcf7-form-control-wrap\" data-name=\"lieu\"><input size=\"40\" maxlength=\"400\" class=\"wpcf7-form-control wpcf7-text wpcf7-validates-as-required\" aria-required=\"true\" aria-invalid=\"false\" value=\"\" type=\"text\" name=\"lieu\" \/><\/span>\n\t\t\t<\/p>\n\t\t<\/div>\n\t<\/div>\n\t<div class=\"field-wrapper\">\n\t\t<p><label>Telefon*<\/label>\n\t\t<\/p>\n\t\t<div class=\"cf7-input-wrapper\">\n\t\t\t<p><span class=\"wpcf7-form-control-wrap\" data-name=\"tel\"><input size=\"40\" maxlength=\"400\" class=\"wpcf7-form-control wpcf7-text wpcf7-validates-as-required\" aria-required=\"true\" aria-invalid=\"false\" value=\"\" type=\"text\" name=\"tel\" \/><\/span>\n\t\t\t<\/p>\n\t\t<\/div>\n\t<\/div>\n\t<div class=\"field-wrapper\">\n\t\t<p><label>E-Mail Adresse*<\/label>\n\t\t<\/p>\n\t\t<div class=\"cf7-input-wrapper\">\n\t\t\t<p><span class=\"wpcf7-form-control-wrap\" data-name=\"email\"><input size=\"40\" maxlength=\"400\" class=\"wpcf7-form-control wpcf7-email wpcf7-validates-as-required wpcf7-text wpcf7-validates-as-email\" aria-required=\"true\" aria-invalid=\"false\" value=\"\" type=\"email\" name=\"email\" \/><\/span>\n\t\t\t<\/p>\n\t\t<\/div>\n\t<\/div>\n<\/div>\n<div class=\"large-6 column\">\n\t<div class=\"field-wrapper\">\n\t\t<h6>Ja, bitte senden Sie mir (ankreuzen):\n\t\t<\/h6>\n\t<\/div>\n\t<div class=\"field-wrapper kommit\">\n\t\t<p><span class=\"wpcf7-form-control-wrap\" data-name=\"sets_order\"><span class=\"wpcf7-form-control wpcf7-checkbox wpcf7-validates-as-required\"><span class=\"wpcf7-list-item first\"><input type=\"checkbox\" name=\"sets_order[]\" value=\"Set f\u00fcr Sonntagsschulen\/Gruppen\" \/><span class=\"wpcf7-list-item-label\">Set f\u00fcr Sonntagsschulen\/Gruppen<\/span><\/span><span class=\"wpcf7-list-item last\"><input type=\"checkbox\" name=\"sets_order[]\" value=\"Set f\u00fcr Familien\" \/><span class=\"wpcf7-list-item-label\">Set f\u00fcr Familien<\/span><\/span><\/span><\/span>\n\t\t<\/p>\n\t<\/div>\n\t<div class=\"field-wrapper\">\n\t\t<p><label class=\"large-label\">Kirche\/Gemeinde<\/label>\n\t\t<\/p>\n\t\t<div class=\"cf7-input-wrapper\">\n\t\t\t<p><span class=\"wpcf7-form-control-wrap\" data-name=\"anzahl_gemeinde\"><input size=\"40\" maxlength=\"400\" class=\"wpcf7-form-control wpcf7-text\" aria-invalid=\"false\" value=\"\" type=\"text\" name=\"anzahl_gemeinde\" \/><\/span>\n\t\t\t<\/p>\n\t\t<\/div>\n\t<\/div>\n\t<div class=\"field-wrapper\">\n\t\t<p><label>Bemerkung<\/label>\n\t\t<\/p>\n\t\t<div class=\"cf7-input-wrapper\">\n\t\t\t<p><span class=\"wpcf7-form-control-wrap\" data-name=\"bemerkung\"><textarea cols=\"40\" rows=\"10\" maxlength=\"2000\" class=\"wpcf7-form-control wpcf7-textarea\" aria-invalid=\"false\" name=\"bemerkung\"><\/textarea><\/span>\n\t\t\t<\/p>\n\t\t<\/div>\n\t<\/div>\n\t<p><input class=\"wpcf7-form-control wpcf7-submit has-spinner button float-right button-blue button-medium button-dark-blue\" type=\"submit\" value=\"Absenden\" \/>\n\t<\/p>\n<\/div><div class=\"wpcf7-response-output\" aria-hidden=\"true\"><\/div>\n<\/form>\n<\/div>\n\n<\/div>\n<\/div><\/div><\/div><\/div><\/div><\/div><\/div><div class=\"section background-image section_full_width\" ><div id=\"pg-29042-3\"  class=\"panel-grid panel-has-style\" ><div id=\"kommit_form\" class=\"panel-row-style panel-row-style-for-29042-3\" ><div id=\"pgc-29042-3-0\"  class=\"panel-grid-cell panel-grid-cell-empty\" ><\/div><\/div><\/div><img decoding=\"async\" class=\"background-image-element\" src=\"https:\/\/devcomp.site\/wp-content\/uploads\/2016\/06\/footer_03.jpg\"><\/div><\/div><\/div>","protected":false},"excerpt":{"rendered":"<p>Komm mit in meine Welt \u00abWieviel ist genug?\u00bb Inhalts\u00admodule f\u00fcr Sonntagschulen, Familien und Kleingruppen<\/p>\n","protected":false},"author":8,"featured_media":0,"parent":0,"menu_order":0,"comment_status":"closed","ping_status":"closed","template":"","meta":{"give_campaign_id":0,"footnotes":""},"class_list":["post-29042","page","type-page","status-publish","hentry"],"campaignId":"","_links":{"self":[{"href":"https:\/\/devcomp.site\/de\/wp-json\/wp\/v2\/pages\/29042","targetHints":{"allow":["GET"]}}],"collection":[{"href":"https:\/\/devcomp.site\/de\/wp-json\/wp\/v2\/pages"}],"about":[{"href":"https:\/\/devcomp.site\/de\/wp-json\/wp\/v2\/types\/page"}],"author":[{"embeddable":true,"href":"https:\/\/devcomp.site\/de\/wp-json\/wp\/v2\/users\/8"}],"replies":[{"embeddable":true,"href":"https:\/\/devcomp.site\/de\/wp-json\/wp\/v2\/comments?post=29042"}],"version-history":[{"count":2,"href":"https:\/\/devcomp.site\/de\/wp-json\/wp\/v2\/pages\/29042\/revisions"}],"predecessor-version":[{"id":536139,"href":"https:\/\/devcomp.site\/de\/wp-json\/wp\/v2\/pages\/29042\/revisions\/536139"}],"wp:attachment":[{"href":"https:\/\/devcomp.site\/de\/wp-json\/wp\/v2\/media?parent=29042"}],"curies":[{"name":"wp","href":"https:\/\/api.w.org\/{rel}","templated":true}]}}