{"id":260881,"date":"2021-04-06T09:11:00","date_gmt":"2021-04-06T07:11:00","guid":{"rendered":"https:\/\/compassion.ch\/?page_id=260881"},"modified":"2025-05-30T15:57:38","modified_gmt":"2025-05-30T13:57:38","slug":"mit-compassion-beten","status":"publish","type":"page","link":"https:\/\/devcomp.site\/de\/mit-compassion-beten\/","title":{"rendered":"Mit Compassion beten"},"content":{"rendered":"\t\t<div data-elementor-type=\"wp-post\" data-elementor-id=\"260881\" class=\"elementor elementor-260881 elementor-252365\" data-elementor-post-type=\"page\">\n\t\t\t\t<div class=\"elementor-element elementor-element-4c7cc23 e-con-full e-flex e-con e-parent\" data-id=\"4c7cc23\" data-element_type=\"container\" data-e-type=\"container\">\n\t\t\t\t<div class=\"elementor-element elementor-element-67ba84f elementor-widget elementor-widget-heading\" data-id=\"67ba84f\" data-element_type=\"widget\" data-e-type=\"widget\" data-widget_type=\"heading.default\">\n\t\t\t\t<div class=\"elementor-widget-container\">\n\t\t\t\t\t<h2 class=\"elementor-heading-title elementor-size-default\">Lasst uns f\u00fcr die Kinder beten!<\/h2>\t\t\t\t<\/div>\n\t\t\t\t<\/div>\n\t\t\t\t<\/div>\n\t\t<div class=\"elementor-element elementor-element-9bc7474 e-flex e-con-boxed e-con e-parent\" data-id=\"9bc7474\" data-element_type=\"container\" data-e-type=\"container\" data-settings=\"{&quot;background_background&quot;:&quot;classic&quot;,&quot;shape_divider_top&quot;:&quot;pyramids&quot;,&quot;shape_divider_bottom&quot;:&quot;pyramids&quot;}\">\n\t\t\t\t\t<div class=\"e-con-inner\">\n\t\t\t\t<div class=\"elementor-shape elementor-shape-top\" aria-hidden=\"true\" data-negative=\"false\">\n\t\t\t<svg xmlns=\"http:\/\/www.w3.org\/2000\/svg\" viewBox=\"0 0 1000 100\" preserveAspectRatio=\"none\">\n\t<path class=\"elementor-shape-fill\" d=\"M761.9,44.1L643.1,27.2L333.8,98L0,3.8V0l1000,0v3.9\"\/>\n<\/svg>\t\t<\/div>\n\t\t\t\t<div class=\"elementor-shape elementor-shape-bottom\" aria-hidden=\"true\" data-negative=\"false\">\n\t\t\t<svg xmlns=\"http:\/\/www.w3.org\/2000\/svg\" viewBox=\"0 0 1000 100\" preserveAspectRatio=\"none\">\n\t<path class=\"elementor-shape-fill\" d=\"M761.9,44.1L643.1,27.2L333.8,98L0,3.8V0l1000,0v3.9\"\/>\n<\/svg>\t\t<\/div>\n\t\t<div class=\"elementor-element elementor-element-c7f1660 e-con-full e-flex e-con e-child\" data-id=\"c7f1660\" data-element_type=\"container\" data-e-type=\"container\" id=\"1\">\n\t\t\t\t<div class=\"elementor-element elementor-element-bf1625c elementor-widget elementor-widget-image\" data-id=\"bf1625c\" data-element_type=\"widget\" data-e-type=\"widget\" id=\"afrique\" data-widget_type=\"image.default\">\n\t\t\t\t<div class=\"elementor-widget-container\">\n\t\t\t\t\t\t\t\t\t\t\t\t\t\t\t<img fetchpriority=\"high\" decoding=\"async\" width=\"1200\" height=\"800\" src=\"https:\/\/devcomp.site\/wp-content\/uploads\/2025\/05\/tg.jpg\" class=\"attachment-full size-full wp-image-556021\" alt=\"\" srcset=\"https:\/\/devcomp.site\/wp-content\/uploads\/2025\/05\/tg.jpg 1200w, https:\/\/devcomp.site\/wp-content\/uploads\/2025\/05\/tg-300x200.jpg 300w, https:\/\/devcomp.site\/wp-content\/uploads\/2025\/05\/tg-1024x683.jpg 1024w, https:\/\/devcomp.site\/wp-content\/uploads\/2025\/05\/tg-768x512.jpg 768w, https:\/\/devcomp.site\/wp-content\/uploads\/2025\/05\/tg-600x400.jpg 600w, https:\/\/devcomp.site\/wp-content\/uploads\/2025\/05\/tg-272x182.jpg 272w\" sizes=\"(max-width: 1200px) 100vw, 1200px\" \/>\t\t\t\t\t\t\t\t\t\t\t\t\t\t\t<\/div>\n\t\t\t\t<\/div>\n\t\t\t\t<div class=\"elementor-element elementor-element-da57bb4 elementor-widget elementor-widget-heading\" data-id=\"da57bb4\" data-element_type=\"widget\" data-e-type=\"widget\" data-widget_type=\"heading.default\">\n\t\t\t\t<div class=\"elementor-widget-container\">\n\t\t\t\t\t<h3 class=\"elementor-heading-title elementor-size-default\">Togo \u2013 Sturmsch\u00e4den verw\u00fcsten Existenzen<\/h3>\t\t\t\t<\/div>\n\t\t\t\t<\/div>\n\t\t\t\t<div class=\"elementor-element elementor-element-4ffa705 elementor-widget elementor-widget-text-editor\" data-id=\"4ffa705\" data-element_type=\"widget\" data-e-type=\"widget\" data-widget_type=\"text-editor.default\">\n\t\t\t\t<div class=\"elementor-widget-container\">\n\t\t\t\t\t\t\t\t\t<p><span style=\"font-weight: 400;\">Letzten Monat berichteten wir \u00fcber die islamisch motivierten Terrorangriffe und die Ermordung eines Pastors. Seither wurden die <\/span><b>H\u00fctten von 4 Patenkindern in Brand gesteckt<\/b><span style=\"font-weight: 400;\">.\u00a0\u00a0<\/span><\/p><p><span style=\"font-weight: 400;\">Als ein weiteres \u00dcbel wurde der S\u00fcden\u00a0Togos, wo mehr als 78\u2018000 Kinder unterst\u00fctzt werden, von ungew\u00f6hnlich\u00a0heftigen Winden und Starkregen\u00a0getroffen. Das\u00a0Geb\u00e4ude einer<\/span><b> Partnerkirche\u00a0wurde schwer besch\u00e4digt, ebenso das\u00a0Kinderzentrum\u00a0einer anderen Kirche. <\/b><span style=\"font-weight: 400;\">Die <\/span><b>H\u00fctten der\u00a0Familien von 31 Patenkindern\u00a0wurden besch\u00e4digt oder zerst\u00f6rt.<\/b><span style=\"font-weight: 400;\"> Unsere 352 Partnerkirchen im Land tun ihr M\u00f6glichstes, um den Betroffenen mit vor\u00fcbergehender Unterkunft sowie Essen und Kleidung zu helfen und sie beim Wiederaufbau zu unterst\u00fctzen.<\/span><\/p><p><span style=\"font-weight: 400;\">Bitte bete f\u00fcr die <\/span><b>35 betroffenen Familien<\/b><span style=\"font-weight: 400;\">, die alles verloren haben und f\u00fcr ihr \u00dcberleben auf Hilfe angewiesen sind. Bete f\u00fcr die <\/span><b>Kirchen und die Leiter<\/b><span style=\"font-weight: 400;\">, die sich in einem von Terror gepr\u00e4gten Umfeld daf\u00fcr einsetzen, den Leidenden zu helfen. Bete, dass die <\/span><b>Compassion-Programme<\/b><span style=\"font-weight: 400;\"> in den besch\u00e4digten Infrastrukturen baldm\u00f6glichst wieder aufgenommen werden k\u00f6nnen.<\/span><\/p>\t\t\t\t\t\t\t\t<\/div>\n\t\t\t\t<\/div>\n\t\t\t\t<\/div>\n\t\t\t\t\t<\/div>\n\t\t\t\t<\/div>\n\t\t<div class=\"elementor-element elementor-element-9161620 e-flex e-con-boxed e-con e-parent\" data-id=\"9161620\" data-element_type=\"container\" data-e-type=\"container\" id=\"2\" data-settings=\"{&quot;background_background&quot;:&quot;classic&quot;}\">\n\t\t\t\t\t<div class=\"e-con-inner\">\n\t\t<div class=\"elementor-element elementor-element-0bc323a e-con-full e-flex e-con e-child\" data-id=\"0bc323a\" data-element_type=\"container\" data-e-type=\"container\" id=\"2\">\n\t\t\t\t<div class=\"elementor-element elementor-element-621b69f elementor-widget elementor-widget-image\" data-id=\"621b69f\" data-element_type=\"widget\" data-e-type=\"widget\" id=\"latine\" data-widget_type=\"image.default\">\n\t\t\t\t<div class=\"elementor-widget-container\">\n\t\t\t\t\t\t\t\t\t\t\t\t\t\t\t<img decoding=\"async\" width=\"1200\" height=\"800\" src=\"https:\/\/devcomp.site\/wp-content\/uploads\/2025\/05\/ho.jpg\" class=\"attachment-full size-full wp-image-556024\" alt=\"\" srcset=\"https:\/\/devcomp.site\/wp-content\/uploads\/2025\/05\/ho.jpg 1200w, https:\/\/devcomp.site\/wp-content\/uploads\/2025\/05\/ho-300x200.jpg 300w, https:\/\/devcomp.site\/wp-content\/uploads\/2025\/05\/ho-1024x683.jpg 1024w, https:\/\/devcomp.site\/wp-content\/uploads\/2025\/05\/ho-768x512.jpg 768w, https:\/\/devcomp.site\/wp-content\/uploads\/2025\/05\/ho-600x400.jpg 600w, https:\/\/devcomp.site\/wp-content\/uploads\/2025\/05\/ho-272x182.jpg 272w\" sizes=\"(max-width: 1200px) 100vw, 1200px\" \/>\t\t\t\t\t\t\t\t\t\t\t\t\t\t\t<\/div>\n\t\t\t\t<\/div>\n\t\t\t\t<div class=\"elementor-element elementor-element-810743d elementor-widget elementor-widget-heading\" data-id=\"810743d\" data-element_type=\"widget\" data-e-type=\"widget\" data-widget_type=\"heading.default\">\n\t\t\t\t<div class=\"elementor-widget-container\">\n\t\t\t\t\t<h3 class=\"elementor-heading-title elementor-size-default\">Honduras \u2013  Hoffnung durch Berufsbildung<\/h3>\t\t\t\t<\/div>\n\t\t\t\t<\/div>\n\t\t\t\t<div class=\"elementor-element elementor-element-f2f7482 elementor-widget elementor-widget-text-editor\" data-id=\"f2f7482\" data-element_type=\"widget\" data-e-type=\"widget\" data-widget_type=\"text-editor.default\">\n\t\t\t\t<div class=\"elementor-widget-container\">\n\t\t\t\t\t\t\t\t\t<p><span style=\"font-weight: 400;\">Im Kinderzentrum \u201eGarten Eden\u201c <\/span><span style=\"font-weight: 400;\">werden<\/span> <span style=\"font-weight: 400;\">226 Patenkinder betreut und gef\u00f6rdert. Ihre Familien leben von weniger als CHF 1.80 am Tag und werden in ihrem Umfeld immer wieder von Banden bedroht. Die wenigsten dieser Familien haben regelm\u00e4ssige Einkommensquellen und schlagen sich meist mit Gelegenheitsjobs durch.\u00a0<\/span><\/p><p><b>Die Ausbildung Jugendlicher zu qualifizierten Arbeitskr\u00e4ften<\/b><span style=\"font-weight: 400;\"> ist ein wichtiger Teil des Patenschaftsprogrammes und bildet eine wesentliche Grundlage, die es den Familien erm\u00f6glicht, hoffnungsvoll in die Zukunft blicken und schliesslich der extremen Armut entfliehen zu k\u00f6nnen. Der \u201eGarten Eden\u201c bietet Jugendlichen wie <\/span><b>Angelli, Daniel und Kerlin\u00a0<\/b><span style=\"font-weight: 400;\">diverse Ausbildungskurse\u00a0an wie zum Beispiel Haareschneiden, das Herstellen von H\u00fcten, Metall schwei\u00dfen oder Polstern, und sie erhalten <\/span><b>Anleitung und Unterst\u00fctzung, wie sie ein eigenes Gesch\u00e4ft aufbauen und betreiben k\u00f6nnen.<\/b><span style=\"font-weight: 400;\">\u00a0<\/span><\/p><p><span style=\"font-weight: 400;\">Bitte bete f\u00fcr Angelli, Daniel und Kerlin und alle Jugendlichen, die an solchen Programmen teilnehmen, dass sie <\/span><b>erfolgreich ausgebildet werden k\u00f6nnen<\/b><span style=\"font-weight: 400;\"> und sich ihnen dadurch echte Chancen auf ein besseres Leben f\u00fcr sie selbst und ihre Familien er\u00f6ffnen.<\/span><\/p>\t\t\t\t\t\t\t\t<\/div>\n\t\t\t\t<\/div>\n\t\t\t\t<\/div>\n\t\t\t\t\t<\/div>\n\t\t\t\t<\/div>\n\t\t<div class=\"elementor-element elementor-element-5ae0385 e-flex e-con-boxed e-con e-parent\" data-id=\"5ae0385\" data-element_type=\"container\" data-e-type=\"container\" data-settings=\"{&quot;background_background&quot;:&quot;classic&quot;,&quot;shape_divider_top&quot;:&quot;pyramids&quot;,&quot;shape_divider_bottom&quot;:&quot;pyramids&quot;}\">\n\t\t\t\t\t<div class=\"e-con-inner\">\n\t\t\t\t<div class=\"elementor-shape elementor-shape-top\" aria-hidden=\"true\" data-negative=\"false\">\n\t\t\t<svg xmlns=\"http:\/\/www.w3.org\/2000\/svg\" viewBox=\"0 0 1000 100\" preserveAspectRatio=\"none\">\n\t<path class=\"elementor-shape-fill\" d=\"M761.9,44.1L643.1,27.2L333.8,98L0,3.8V0l1000,0v3.9\"\/>\n<\/svg>\t\t<\/div>\n\t\t\t\t<div class=\"elementor-shape elementor-shape-bottom\" aria-hidden=\"true\" data-negative=\"false\">\n\t\t\t<svg xmlns=\"http:\/\/www.w3.org\/2000\/svg\" viewBox=\"0 0 1000 100\" preserveAspectRatio=\"none\">\n\t<path class=\"elementor-shape-fill\" d=\"M761.9,44.1L643.1,27.2L333.8,98L0,3.8V0l1000,0v3.9\"\/>\n<\/svg>\t\t<\/div>\n\t\t<div class=\"elementor-element elementor-element-6417619 e-con-full e-flex e-con e-child\" data-id=\"6417619\" data-element_type=\"container\" data-e-type=\"container\" id=\"3\">\n\t\t\t\t<div class=\"elementor-element elementor-element-abee0f2 elementor-widget elementor-widget-image\" data-id=\"abee0f2\" data-element_type=\"widget\" data-e-type=\"widget\" data-widget_type=\"image.default\">\n\t\t\t\t<div class=\"elementor-widget-container\">\n\t\t\t\t\t\t\t\t\t\t\t\t\t\t\t<img decoding=\"async\" width=\"1200\" height=\"800\" src=\"https:\/\/devcomp.site\/wp-content\/uploads\/2025\/05\/ph.jpg\" class=\"attachment-full size-full wp-image-556027\" alt=\"\" srcset=\"https:\/\/devcomp.site\/wp-content\/uploads\/2025\/05\/ph.jpg 1200w, https:\/\/devcomp.site\/wp-content\/uploads\/2025\/05\/ph-300x200.jpg 300w, https:\/\/devcomp.site\/wp-content\/uploads\/2025\/05\/ph-1024x683.jpg 1024w, https:\/\/devcomp.site\/wp-content\/uploads\/2025\/05\/ph-768x512.jpg 768w, https:\/\/devcomp.site\/wp-content\/uploads\/2025\/05\/ph-600x400.jpg 600w, https:\/\/devcomp.site\/wp-content\/uploads\/2025\/05\/ph-272x182.jpg 272w\" sizes=\"(max-width: 1200px) 100vw, 1200px\" \/>\t\t\t\t\t\t\t\t\t\t\t\t\t\t\t<\/div>\n\t\t\t\t<\/div>\n\t\t\t\t<div class=\"elementor-element elementor-element-3ded9de elementor-widget elementor-widget-heading\" data-id=\"3ded9de\" data-element_type=\"widget\" data-e-type=\"widget\" data-widget_type=\"heading.default\">\n\t\t\t\t<div class=\"elementor-widget-container\">\n\t\t\t\t\t<h3 class=\"elementor-heading-title elementor-size-default\">Philippinen \u2013 Unsichere Behausungen<\/h3>\t\t\t\t<\/div>\n\t\t\t\t<\/div>\n\t\t\t\t<div class=\"elementor-element elementor-element-38e8875 elementor-widget elementor-widget-text-editor\" data-id=\"38e8875\" data-element_type=\"widget\" data-e-type=\"widget\" data-widget_type=\"text-editor.default\">\n\t\t\t\t<div class=\"elementor-widget-container\">\n\t\t\t\t\t\t\t\t\t<p><span style=\"font-weight: 400;\">Immer wieder kommt es in den Elendsvierteln der\u00a0philippinischen Grossst\u00e4dte\u00a0zu\u00a0Br\u00e4nden. In Tondo, dem gr\u00f6ssten Slum von Manila, leben rund 600\u2018000 Menschen auf engstem Raum und in erb\u00e4rmlichsten Verh\u00e4ltnissen. Weil die dicht bebauten Armenviertel meist aus H\u00fctten von leichten Materialien bestehen und zum Kochen offenes Feuer verwendet wird, <\/span><b>greifen Br\u00e4nde schnell um sich<\/b><span style=\"font-weight: 400;\">. K\u00fcrzlich wurden bei einem Brand in Mandaue City auf der Insel Cebu\u00a0<\/span><b>244 Familien obdachlos, darunter 14 von Patenkindern<\/b><span style=\"font-weight: 400;\">. Unsere Partnerkirche vor Ort k\u00fcmmert sich um die betroffenen und bietet ihnen vor\u00fcbergehende Unterkunft und Nahrung.\u00a0<\/span><\/p><p><span style=\"font-weight: 400;\">Bitte bete, dass diese Familien bald <\/span><b>ein neues, besseres Zuhause<\/b><span style=\"font-weight: 400;\"> bekommen, dass weitere Br\u00e4nde verhindert werden und die Menschen in relativer Sicherheit leben k\u00f6nnen. Bete f\u00fcr die <\/span><b>Arbeit der Kirchen<\/b><span style=\"font-weight: 400;\">, dass sie sichtbarer und bekannter wird und Menschen dort Glauben und Hoffnung finden.<\/span><\/p>\t\t\t\t\t\t\t\t<\/div>\n\t\t\t\t<\/div>\n\t\t\t\t<\/div>\n\t\t\t\t\t<\/div>\n\t\t\t\t<\/div>\n\t\t<div class=\"elementor-element elementor-element-d1e8312 e-flex e-con-boxed e-con e-parent\" data-id=\"d1e8312\" data-element_type=\"container\" data-e-type=\"container\" data-settings=\"{&quot;background_background&quot;:&quot;classic&quot;}\">\n\t\t\t\t\t<div class=\"e-con-inner\">\n\t\t<div class=\"elementor-element elementor-element-723791f e-con-full e-flex e-con e-child\" data-id=\"723791f\" data-element_type=\"container\" data-e-type=\"container\" id=\"4\">\n\t\t\t\t<div class=\"elementor-element elementor-element-d67cd73 elementor-widget__width-inherit elementor-widget elementor-widget-image\" data-id=\"d67cd73\" data-element_type=\"widget\" data-e-type=\"widget\" data-widget_type=\"image.default\">\n\t\t\t\t<div class=\"elementor-widget-container\">\n\t\t\t\t\t\t\t\t\t\t\t\t\t\t\t<img loading=\"lazy\" decoding=\"async\" width=\"1200\" height=\"800\" src=\"https:\/\/devcomp.site\/wp-content\/uploads\/2025\/05\/bf.jpg\" class=\"attachment-full size-full wp-image-556030\" alt=\"\" srcset=\"https:\/\/devcomp.site\/wp-content\/uploads\/2025\/05\/bf.jpg 1200w, https:\/\/devcomp.site\/wp-content\/uploads\/2025\/05\/bf-300x200.jpg 300w, https:\/\/devcomp.site\/wp-content\/uploads\/2025\/05\/bf-1024x683.jpg 1024w, https:\/\/devcomp.site\/wp-content\/uploads\/2025\/05\/bf-768x512.jpg 768w, https:\/\/devcomp.site\/wp-content\/uploads\/2025\/05\/bf-600x400.jpg 600w, https:\/\/devcomp.site\/wp-content\/uploads\/2025\/05\/bf-272x182.jpg 272w\" sizes=\"(max-width: 1200px) 100vw, 1200px\" \/>\t\t\t\t\t\t\t\t\t\t\t\t\t\t\t<\/div>\n\t\t\t\t<\/div>\n\t\t\t\t<div class=\"elementor-element elementor-element-bcaee91 elementor-widget__width-inherit elementor-widget elementor-widget-heading\" data-id=\"bcaee91\" data-element_type=\"widget\" data-e-type=\"widget\" data-widget_type=\"heading.default\">\n\t\t\t\t<div class=\"elementor-widget-container\">\n\t\t\t\t\t<h3 class=\"elementor-heading-title elementor-size-default\">Burkina Faso \u2013 Gewalt verursacht Armut<\/h3>\t\t\t\t<\/div>\n\t\t\t\t<\/div>\n\t\t\t\t<div class=\"elementor-element elementor-element-0f4915e elementor-widget__width-inherit elementor-widget elementor-widget-text-editor\" data-id=\"0f4915e\" data-element_type=\"widget\" data-e-type=\"widget\" data-widget_type=\"text-editor.default\">\n\t\t\t\t<div class=\"elementor-widget-container\">\n\t\t\t\t\t\t\t\t\t<p><span style=\"font-weight: 400;\">In dem westafrikanischen Land reisst die Gewalt nicht ab. Viele Familien sind auf der Flucht vor Angriffen von militanten Gruppierungen auf ihre D\u00f6rfer, darunter <\/span><b>zahlreiche Frauen und Kinder, die ohne M\u00e4nner unterwegs sind<\/b><span style=\"font-weight: 400;\">. Sie suchen nach einem sichereren Ort zum Wohnen, wo sie sich auch eine neue Existenz aufbauen m\u00fcssen. Unsere \u00fcber 440 Partnerkirchen im Land versuchen, Geflohene aufzunehmen und ihnen einen Neuanfang zu erm\u00f6glichen.<\/span><\/p><p><span style=\"font-weight: 400;\">Bitte bete f\u00fcr Familien, die aus ihren D\u00f6rfern fliehen mussten und eine Unterkunft brauchen. Bete um <\/span><b>gen\u00fcgend finanzielle und menschliche Ressourcen<\/b><span style=\"font-weight: 400;\"> f\u00fcr die Partnerkirchen, dass die Mitarbeitenden den Betroffenen schnell und wirkungsvoll helfen k\u00f6nnen. Bete f\u00fcr eine <\/span><b>Stabilisierung der politischen Lage<\/b><span style=\"font-weight: 400;\">, dass die \u00dcberf\u00e4lle auf D\u00f6rfer und ihre Bewohner gestoppt werden, dass die <\/span><b>Patenkinder an ihren Wohnorten bleiben und wieder ohne Gefahr die Kinderzentren besuchen<\/b><span style=\"font-weight: 400;\"> k\u00f6nnen. Die Betreuung und F\u00f6rderung, die sie dort erhalten, ist von entscheidender Bedeutung f\u00fcr sie und f\u00fcr die Zukunft ihrer Familien. <\/span><\/p>\t\t\t\t\t\t\t\t<\/div>\n\t\t\t\t<\/div>\n\t\t\t\t<\/div>\n\t\t\t\t\t<\/div>\n\t\t\t\t<\/div>\n\t\t<div class=\"elementor-element elementor-element-cdd60f9 e-flex e-con-boxed e-con e-parent\" data-id=\"cdd60f9\" data-element_type=\"container\" data-e-type=\"container\" data-settings=\"{&quot;background_background&quot;:&quot;classic&quot;}\">\n\t\t\t\t\t<div class=\"e-con-inner\">\n\t\t<div class=\"elementor-element elementor-element-1c894e3 e-con-full e-flex e-con e-child\" data-id=\"1c894e3\" data-element_type=\"container\" data-e-type=\"container\">\n\t\t\t\t<div class=\"elementor-element elementor-element-2d1d373 elementor-widget elementor-widget-heading\" data-id=\"2d1d373\" data-element_type=\"widget\" data-e-type=\"widget\" data-widget_type=\"heading.default\">\n\t\t\t\t<div class=\"elementor-widget-container\">\n\t\t\t\t\t<h3 class=\"elementor-heading-title elementor-size-default\">Compassion Schweiz<\/h3>\t\t\t\t<\/div>\n\t\t\t\t<\/div>\n\t\t\t\t<div class=\"elementor-element elementor-element-1d26b33 elementor-widget elementor-widget-text-editor\" data-id=\"1d26b33\" data-element_type=\"widget\" data-e-type=\"widget\" data-widget_type=\"text-editor.default\">\n\t\t\t\t<div class=\"elementor-widget-container\">\n\t\t\t\t\t\t\t\t\t<p><span style=\"font-weight: 400;\">Wir sind sehr dankbar f\u00fcr den grossen Segen, den die Arbeit von Compassion Kindern weltweit seit \u00fcber 70 Jahren gebracht hat. Um uns weiterentwickeln zu k\u00f6nnen, sind wir darauf angewiesen, dass Gott uns <\/span><b>immer wieder die n\u00f6tigen finanziellen Mittel wie auch von ihm berufene Mitarbeitende<\/b><span style=\"font-weight: 400;\"> gibt, die sich uns im Kampf gegen die extreme Armut anschliessen. Wir danken Gott f\u00fcr einen neuen Praktikanten, der im August seine Arbeit bei uns aufnehmen wird.<\/span><\/p><p><span style=\"font-weight: 400;\">Bitte bete, dass Gott weiterhin die richtigen Personen in unser Team beruft, um den Dienst von Compassion Schweiz weiter ausbauen zu k\u00f6nnen. Bete um Gottes <\/span><b>F\u00fchrung f\u00fcr unsere Leiterschaft in allen strategischen Entscheidungen<\/b><span style=\"font-weight: 400;\">.<\/span><\/p>\t\t\t\t\t\t\t\t<\/div>\n\t\t\t\t<\/div>\n\t\t\t\t<\/div>\n\t\t\t\t\t<\/div>\n\t\t\t\t<\/div>\n\t\t\t\t<\/div>\n\t\t","protected":false},"excerpt":{"rendered":"<p>Lasst uns f\u00fcr die Kinder beten! Togo \u2013 Sturmsch\u00e4den verw\u00fcsten Existenzen Letzten Monat berichteten wir \u00fcber die islamisch motivierten Terrorangriffe und die Ermordung eines Pastors. Seither wurden die H\u00fctten von 4 Patenkindern in Brand gesteckt.\u00a0\u00a0 Als ein weiteres \u00dcbel wurde<span class=\"excerpt_more\">&#8230;<\/span><\/p>\n","protected":false},"author":8,"featured_media":0,"parent":0,"menu_order":0,"comment_status":"closed","ping_status":"closed","template":"elementor_header_footer","meta":{"give_campaign_id":0,"footnotes":""},"class_list":["post-260881","page","type-page","status-publish","hentry"],"campaignId":"","_links":{"self":[{"href":"https:\/\/devcomp.site\/de\/wp-json\/wp\/v2\/pages\/260881","targetHints":{"allow":["GET"]}}],"collection":[{"href":"https:\/\/devcomp.site\/de\/wp-json\/wp\/v2\/pages"}],"about":[{"href":"https:\/\/devcomp.site\/de\/wp-json\/wp\/v2\/types\/page"}],"author":[{"embeddable":true,"href":"https:\/\/devcomp.site\/de\/wp-json\/wp\/v2\/users\/8"}],"replies":[{"embeddable":true,"href":"https:\/\/devcomp.site\/de\/wp-json\/wp\/v2\/comments?post=260881"}],"version-history":[{"count":130,"href":"https:\/\/devcomp.site\/de\/wp-json\/wp\/v2\/pages\/260881\/revisions"}],"predecessor-version":[{"id":556035,"href":"https:\/\/devcomp.site\/de\/wp-json\/wp\/v2\/pages\/260881\/revisions\/556035"}],"wp:attachment":[{"href":"https:\/\/devcomp.site\/de\/wp-json\/wp\/v2\/media?parent=260881"}],"curies":[{"name":"wp","href":"https:\/\/api.w.org\/{rel}","templated":true}]}}