{"id":11549,"date":"2016-03-08T16:49:30","date_gmt":"2016-03-08T15:49:30","guid":{"rendered":"https:\/\/compassion.ch\/?page_id=11549\/"},"modified":"2024-01-23T13:47:25","modified_gmt":"2024-01-23T12:47:25","slug":"armut-ueberwinden","status":"publish","type":"page","link":"https:\/\/devcomp.site\/de\/armut-ueberwinden\/","title":{"rendered":"Armut \u00fcberwinden"},"content":{"rendered":"<div id=\"pl-11549\"  class=\"panel-layout\" ><div class=\"section section_full_width\" ><div id=\"pg-11549-0\"  class=\"panel-grid panel-no-style\" ><div id=\"pgc-11549-0-0\"  class=\"panel-grid-cell\" ><div id=\"panel-11549-0-0-0\" class=\"so-panel widget widget_image-slider panel-first-child panel-last-child\" data-index=\"0\" ><div\n\t\t\t\n\t\t\tclass=\"so-widget-image-slider so-widget-image-slider-image-slider-style-d75171398898-11549\"\n\t\t\t\n\t\t>\n<div class=\"slick-slider slick-carousel slick-style-head\" data-slickSlides=\"1\" data-slickScroll=\"1\" data-slickArrows=\"true\" data-slickDots=\"true\">\n\n  \n  <div class=\"slide\">\n    <div class=\"slide-image position-center\" style=\"background-image: url(https:\/\/devcomp.site\/wp-content\/uploads\/2016\/03\/armut_befreien-1.jpg);\"><\/div>\n    <div class=\"slide-content-wrapper\">\n      <div class=\"slide-content\">\n        <h1>Kinder aus Armut befreien<\/h1>\n<p class=\"quote\">Wie du beginnen kannst,\u00a0<br \/>die Welt zu ver\u00e4ndern.<\/p>      <\/div>\n    <\/div>\n  <\/div>\n\n  \n<\/div>\n<\/div><\/div><\/div><\/div><\/div><div class=\"section background-beige section_abgerissen_unten section_abgerissen_oben remove_margin_bottom section_gradient_unten has_breadcrumb\" ><div class=\"row section_breadcrumb\"><ul id=\"breadcrumbs\" class=\"breadcrumbs\"><li class=\"item-home\"><a class=\"bread-link bread-home\" href=\"https:\/\/devcomp.site\/de\/\" title=\"Home\">Home<\/a><\/li><li class=\"separator separator-home\"> <span class=\"triangle\"><\/span> <\/li><\/ul><\/div><div class=\"row section_row\"><div id=\"pg-11549-1\"  class=\"panel-grid panel-no-style\" ><div id=\"pgc-11549-1-0\"  class=\"panel-grid-cell panel-grid-cell-empty\" ><\/div><div id=\"pgc-11549-1-1\"  class=\"panel-grid-cell panel-grid-cell-mobile-last\" ><div id=\"panel-11549-1-1-0\" class=\"so-panel widget widget_sow-editor panel-first-child\" data-index=\"1\" ><div\n\t\t\t\n\t\t\tclass=\"so-widget-sow-editor so-widget-sow-editor-base\"\n\t\t\t\n\t\t>\n<div class=\"siteorigin-widget-tinymce textwidget\">\n\t<p class=\"subtitle\" style=\"text-align: left;\">Das Herz der Arbeit von Compassion sind Eins-zu-Eins-Patenschaften: Ein Pate stellt sich an die Seite eines Kindes, das in Armut lebt.<\/p>\n<p>Compassion hilft seit mehr als 70 Jahren durch 1-zu-1-Patenschaften, Kinder aus Armut zu befreien \u2013 ein Kind nach dem anderen. Eine Patenschaft mit Compassion \u00f6ffnet T\u00fcren in ein besseres Leben.<\/p>\n<p>Durch deine Unterst\u00fctzung in H\u00f6he von CHF 42.\u2014\/Monat hilfst du, das Leben dieses Kindes grundlegend zu ver\u00e4ndern. Die Kinder, die f\u00fcr die Compassion-Patenschaften ausgew\u00e4hlt werden, kommen aus den \u00e4rmsten Familien in 29 L\u00e4ndern Lateinamerikas, Asiens und Afrikas.<\/p>\n<p>Deine Patenschaft erm\u00f6glicht, dass das Kind ein Kinderzentrum besucht, das von einer einheimischen, christlichen Gemeinde gef\u00fchrt wird. Dort wird es ganzheitlich gef\u00f6rdert - das Kind selbst steht im Mittelpunkt: Es kann zur Schule gehen, wird \u00e4rztlich versorgt, lernt gute Verhaltensweisen und erf\u00e4hrt durch die Mitarbeiter Liebe und Zuwendung. Ihm werden christliche Werte vermittelt und es h\u00f6rt das Evangelium von Jesus Christus - denn Gottes Liebe wird sein Leben am st\u00e4rksten ver\u00e4ndern.<\/p>\n<\/div>\n<\/div><\/div><div id=\"panel-11549-1-1-1\" class=\"so-panel widget widget_sow-editor\" data-index=\"2\" ><div\n\t\t\t\n\t\t\tclass=\"so-widget-sow-editor so-widget-sow-editor-base\"\n\t\t\t\n\t\t>\n<div class=\"siteorigin-widget-tinymce textwidget\">\n\t<h2 style=\"text-align: center;\">HILF KINDERN<\/h2>\n<\/div>\n<\/div><\/div><div id=\"panel-11549-1-1-2\" class=\"so-panel widget widget_siteorigin-panels-builder panel-last-child\" data-index=\"3\" ><div id=\"pl-w60a75415921bf\"  class=\"panel-layout\" ><div class=\"row section_row\"><div id=\"pg-w60a75415921bf-0\"  class=\"panel-grid panel-no-style\" ><div id=\"pgc-w60a75415921bf-0-0\"  class=\"panel-grid-cell\" ><div id=\"panel-w60a75415921bf-0-0-0\" class=\"so-panel widget widget_sow-editor panel-first-child\" data-index=\"0\" ><div class=\"panel-widget-style panel-widget-style-for-w60a75415921bf-0-0-0\" ><div\n\t\t\t\n\t\t\tclass=\"so-widget-sow-editor so-widget-sow-editor-base\"\n\t\t\t\n\t\t>\n<div class=\"siteorigin-widget-tinymce textwidget\">\n\t<h4 class=\"text-uppercase\" style=\"text-align: center;\">Die Compassion Hilfsfonds<\/h4>\n<p style=\"text-align: center;\">\n<p style=\"text-align: center;\">Unsere Erg\u00e4nzenden Hilfsfonds tragen dazu bei, dass die Kinderzentren nicht nur den Patenkindern, sondern auch deren Familien sowie\u00a0dem Umfeld\u00a0helfen k\u00f6nnen.<\/p>\n<\/div>\n<\/div><\/div><\/div><div id=\"panel-w60a75415921bf-0-0-1\" class=\"so-panel widget widget_widget-button panel-last-child\" data-index=\"1\" ><div\n\t\t\t\n\t\t\tclass=\"so-widget-widget-button so-widget-widget-button-widget-button-style-d75171398898\"\n\t\t\t\n\t\t>\n  <div class=\"button-center-wrapper\">\n\n<a href=\"\/de\/spenden\/\" class=\"button button-blue button-center button-medium\">Spenden<\/a>\n\n  <\/div>\n<\/div><\/div><\/div><div id=\"pgc-w60a75415921bf-0-1\"  class=\"panel-grid-cell\" ><div id=\"panel-w60a75415921bf-0-1-0\" class=\"so-panel widget widget_sow-editor panel-first-child\" data-index=\"2\" ><div class=\"panel-widget-style panel-widget-style-for-w60a75415921bf-0-1-0\" ><div\n\t\t\t\n\t\t\tclass=\"so-widget-sow-editor so-widget-sow-editor-base\"\n\t\t\t\n\t\t>\n<div class=\"siteorigin-widget-tinymce textwidget\">\n\t<h4 class=\"text-uppercase\" style=\"text-align: center;\">Werde Pate<\/h4>\n<p style=\"text-align: center;\">Eine Patenschaft mit Compassion ist der Start einer besonderen Verbindung zwischen dir und deinem Patenkind. Mit einem monatlichen Beitrag von CHF 42.- tr\u00e4gst du dazu bei, dass dein Kind rundum versorgt ist.<\/p>\n<\/div>\n<\/div><\/div><\/div><div id=\"panel-w60a75415921bf-0-1-1\" class=\"so-panel widget widget_widget-button panel-last-child\" data-index=\"3\" ><div\n\t\t\t\n\t\t\tclass=\"so-widget-widget-button so-widget-widget-button-widget-button-style-d75171398898\"\n\t\t\t\n\t\t>\n  <div class=\"button-center-wrapper\">\n\n<a href=\"\/de\/finden-sie-ein-patenkind\/\" class=\"button button-blue button-center button-medium\">Finde ein Patenkind<\/a>\n\n  <\/div>\n<\/div><\/div><\/div><\/div><\/div><\/div><\/div><\/div><div id=\"pgc-11549-1-2\"  class=\"panel-grid-cell panel-grid-cell-empty\" ><\/div><\/div><\/div><\/div><div class=\"section background-image section_full_width\" ><div id=\"pg-11549-2\"  class=\"panel-grid panel-no-style\" ><div id=\"pgc-11549-2-0\"  class=\"panel-grid-cell panel-grid-cell-empty\" ><\/div><\/div><img decoding=\"async\" class=\"background-image-element\" src=\"https:\/\/devcomp.site\/wp-content\/uploads\/2016\/06\/footer_03.jpg\"><\/div><\/div><\/div>","protected":false},"excerpt":{"rendered":"<p>Das Herz der Arbeit von Compassion sind Eins-zu-Eins-Patenschaften: Ein Pate stellt sich an die Seite eines Kindes, das in Armut lebt. Compassion hilft seit mehr als 70 Jahren durch 1-zu-1-Patenschaften, Kinder aus Armut zu befreien \u2013 ein Kind nach dem<span class=\"excerpt_more\">&#8230;<\/span><\/p>\n","protected":false},"author":8,"featured_media":0,"parent":0,"menu_order":0,"comment_status":"closed","ping_status":"closed","template":"","meta":{"give_campaign_id":0,"footnotes":""},"class_list":["post-11549","page","type-page","status-publish","hentry"],"campaignId":"","_links":{"self":[{"href":"https:\/\/devcomp.site\/de\/wp-json\/wp\/v2\/pages\/11549","targetHints":{"allow":["GET"]}}],"collection":[{"href":"https:\/\/devcomp.site\/de\/wp-json\/wp\/v2\/pages"}],"about":[{"href":"https:\/\/devcomp.site\/de\/wp-json\/wp\/v2\/types\/page"}],"author":[{"embeddable":true,"href":"https:\/\/devcomp.site\/de\/wp-json\/wp\/v2\/users\/8"}],"replies":[{"embeddable":true,"href":"https:\/\/devcomp.site\/de\/wp-json\/wp\/v2\/comments?post=11549"}],"version-history":[{"count":2,"href":"https:\/\/devcomp.site\/de\/wp-json\/wp\/v2\/pages\/11549\/revisions"}],"predecessor-version":[{"id":505823,"href":"https:\/\/devcomp.site\/de\/wp-json\/wp\/v2\/pages\/11549\/revisions\/505823"}],"wp:attachment":[{"href":"https:\/\/devcomp.site\/de\/wp-json\/wp\/v2\/media?parent=11549"}],"curies":[{"name":"wp","href":"https:\/\/api.w.org\/{rel}","templated":true}]}}