{"id":107280,"date":"2019-02-18T13:34:54","date_gmt":"2019-02-18T12:34:54","guid":{"rendered":"https:\/\/compassion.ch\/?page_id=107280"},"modified":"2023-08-28T16:00:52","modified_gmt":"2023-08-28T14:00:52","slug":"komm-mit-philippinen","status":"publish","type":"page","link":"https:\/\/devcomp.site\/de\/komm-mit-philippinen\/","title":{"rendered":"Komm mit in meine Welt &#8211; Philippinen"},"content":{"rendered":"<div id=\"pl-107280\"  class=\"panel-layout\" ><div class=\"section section_full_width\" ><div id=\"pg-107280-0\"  class=\"panel-grid panel-no-style\" ><div id=\"pgc-107280-0-0\"  class=\"panel-grid-cell\" ><div id=\"panel-107280-0-0-0\" class=\"so-panel widget widget_image-slider panel-first-child panel-last-child\" data-index=\"0\" ><div\n\t\t\t\n\t\t\tclass=\"so-widget-image-slider so-widget-image-slider-image-slider-style-d75171398898-107280\"\n\t\t\t\n\t\t>\n<div class=\"slick-slider slick-carousel slick-style-head\" data-slickSlides=\"1\" data-slickScroll=\"1\" data-slickArrows=\"true\" data-slickDots=\"true\">\n\n  \n  <div class=\"slide\">\n    <div class=\"slide-image position-center\" style=\"background-image: url(https:\/\/devcomp.site\/wp-content\/uploads\/2019\/02\/Sims_ph_web_banner.jpg);\"><\/div>\n    <div class=\"slide-content-wrapper\">\n      <div class=\"slide-content\">\n              <\/div>\n    <\/div>\n  <\/div>\n\n  \n<\/div>\n<\/div><\/div><\/div><\/div><\/div><div class=\"section background-beige section_abgerissen_unten section_abgerissen_oben remove_margin_bottom section_gradient_unten has_breadcrumb\" ><div class=\"row section_breadcrumb\"><ul id=\"breadcrumbs\" class=\"breadcrumbs\"><li class=\"item-home\"><a class=\"bread-link bread-home\" href=\"https:\/\/devcomp.site\/de\/\" title=\"Home\">Home<\/a><\/li><li class=\"separator separator-home\"> <span class=\"triangle\"><\/span> <\/li><\/ul><\/div><div class=\"row section_row\"><div id=\"pg-107280-1\"  class=\"panel-grid panel-no-style\" ><div id=\"pgc-107280-1-0\"  class=\"panel-grid-cell\" ><div id=\"panel-107280-1-0-0\" class=\"so-panel widget widget_sow-editor panel-first-child\" data-index=\"1\" ><div\n\t\t\t\n\t\t\tclass=\"so-widget-sow-editor so-widget-sow-editor-base\"\n\t\t\t\n\t\t>\n<div class=\"siteorigin-widget-tinymce textwidget\">\n\t<h2 style=\"text-align: center;\">Komm mit in meine Welt Philippinen<\/h2>\n<p class=\"subtitle\" style=\"text-align: center;\">\u00abWir sind berufen, aber wozu?\u00bb Inhaltsmodule f\u00fcr Sonntagsschulen, Familien und Kleingruppen<\/p>\n<\/div>\n<\/div><\/div><div id=\"panel-107280-1-0-1\" class=\"so-panel widget widget_siteorigin-panels-builder panel-last-child\" data-index=\"2\" ><div id=\"pl-w64eca89436cfa\"  class=\"panel-layout\" ><div class=\"row section_row\"><div id=\"pg-w64eca89436cfa-0\"  class=\"panel-grid panel-no-style\" ><div id=\"pgc-w64eca89436cfa-0-0\"  class=\"panel-grid-cell\" ><div id=\"panel-w64eca89436cfa-0-0-0\" class=\"so-panel widget widget_sow-image panel-first-child panel-last-child\" data-index=\"0\" ><div\n\t\t\t\n\t\t\tclass=\"so-widget-sow-image so-widget-sow-image-default-6ec9e3772f75\"\n\t\t\t\n\t\t>\n<div class=\"sow-image-container\">\n\t\t<img fetchpriority=\"high\" \n\tsrc=\"https:\/\/devcomp.site\/wp-content\/uploads\/2017\/03\/compassion_kommit_foot.png\" width=\"464\" height=\"952\" srcset=\"https:\/\/devcomp.site\/wp-content\/uploads\/2017\/03\/compassion_kommit_foot.png 464w, https:\/\/devcomp.site\/wp-content\/uploads\/2017\/03\/compassion_kommit_foot-146x300.png 146w\" sizes=\"(max-width: 464px) 100vw, 464px\" alt=\"\" \t\tclass=\"so-widget-image\"\/>\n\t<\/div>\n\n<\/div><\/div><\/div><div id=\"pgc-w64eca89436cfa-0-1\"  class=\"panel-grid-cell\" ><div id=\"panel-w64eca89436cfa-0-1-0\" class=\"so-panel widget widget_sow-editor panel-first-child\" data-index=\"1\" ><div\n\t\t\t\n\t\t\tclass=\"so-widget-sow-editor so-widget-sow-editor-base\"\n\t\t\t\n\t\t>\n<div class=\"siteorigin-widget-tinymce textwidget\">\n\t<p><strong>In vier Schritten reisen wir in die Welt von Jonas, Leah, Audrey Mae und den Zwillingen Heugene und Heunice auf den Philippinen.<\/strong><\/p>\n<p>Wir lernen diese drei Kinder und zwei jungen Erwachsenen kennen und erfahren, wie sie alle trotz schwierigen Umst\u00e4nden gelernt haben, in ihrem Alltag Jesus nachzufolgen, zur Kirche zu geh\u00f6ren und sich um andere zu k\u00fcmmern. Dabei lernen wir, dass das auch unsere Berufung ist und wie auch wir jeden Tag neu Ja zu Jesus sagen und seine Liebe ganz praktisch in die Tat umsetzen k\u00f6nnen.<\/p>\n<p>Die Lektionen enthalten Videoclips, Aktivit\u00e4ten, Fragen zum Besprechen, eine Andacht und ein Gebet. Der detaillierte Leitfaden hilft Gruppenleitern, den Aufwand beim Vorbereiten der Sonntagschulklasse im Griff zu behalten. Die Module sind flexibel an unterschiedliche Anforderungen anpassbar.<\/p>\n<p>Im Leitfaden <a href=\"#kommit_form\">(zu bestellen mit dem Formular unten)<\/a> siehst du, wie die Lektionen zusammengestellt sind, welches Material es in einer Lektion braucht, wie die Spiele ablaufen und welche Videos zur Lektion geh\u00f6ren.<\/p>\n<p>In der Zwischenzeit kannst du hier schon mal in <a href=\"http:\/\/vimeo.com\/channels\/1439503\" target=\"_blank\" rel=\"noopener\">die Clips reinschauen.<\/a><\/p>\n<p>Das gesamte Material ist kostenlos.<\/p>\n<\/div>\n<\/div><\/div><div id=\"panel-w64eca89436cfa-0-1-1\" class=\"so-panel widget widget_sow-editor\" data-index=\"2\" ><div\n\t\t\t\n\t\t\tclass=\"so-widget-sow-editor so-widget-sow-editor-base\"\n\t\t\t\n\t\t>\n<div class=\"siteorigin-widget-tinymce textwidget\">\n\t<h3>Schritt 1: Jesus ruft! Aber was denn?<\/h3>\n<p>Unsere Reise beginnt mit einem Treffen mit Jonas. Er zeigt uns, wie er sich liebevoll um seinen Adoptivvater Pedro k\u00fcmmert, der nach einem Schlaganfall auf Jonas\u2019 Hilfe angewiesen ist. Jonas hat viel zu tun und doch bleibt ihm Zeit, um mit seinen Freunden sein Lieblingsspiel zu spielen. Wir erleben, wie Jonas Jesu Ruf h\u00f6rt, sich um andere zu k\u00fcmmern, und wie Gott ihm Freude schenkt und auch andere Menschen, die ihm zur Seite stehen. <\/p>\n<p><b>Wenn du die Videoclips ohne Internet-Verbindung abspielen willst, kannst du sie runterladen: Klicke auf den Titel des Videos, und dann\u00a0unten auf der Vimeo-Seite\u00a0auf Herunterladen.<\/b><\/p>\n<\/div>\n<\/div><\/div><div id=\"panel-w64eca89436cfa-0-1-2\" class=\"so-panel widget widget_ink-video\" data-index=\"3\" ><div\n\t\t\t\n\t\t\tclass=\"so-widget-ink-video so-widget-ink-video-base\"\n\t\t\t\n\t\t>\n<div class=\"iw-so-video\">\n\n\t\n\t\t<div class=\"video-flex-frame\">\n\t\t\t<iframe title=\"Komm mit in meine Welt Philippinen - Jesus ruft! Aber was denn?\" src=\"https:\/\/player.vimeo.com\/video\/315241947?dnt=1&amp;app_id=122963\" width=\"500\" height=\"281\" frameborder=\"0\" allow=\"autoplay; fullscreen; picture-in-picture; clipboard-write; encrypted-media; web-share\" referrerpolicy=\"strict-origin-when-cross-origin\"><\/iframe>\t\t<\/div>\n\n\t\n<\/div>\n<\/div><\/div><div id=\"panel-w64eca89436cfa-0-1-3\" class=\"so-panel widget widget_sow-editor\" data-index=\"4\" ><div\n\t\t\t\n\t\t\tclass=\"so-widget-sow-editor so-widget-sow-editor-base\"\n\t\t\t\n\t\t>\n<div class=\"siteorigin-widget-tinymce textwidget\">\n\t<h5>Material zum Drucken \/ Herunterladen<\/h5>\n<p><a href=\"https:\/\/devcomp.site\/wp-content\/uploads\/2019\/02\/SIMSPhilippines_Passports_Step1_DE_livret.pdf\" target=\"_blank\" rel=\"noopener\">Reisepass<\/a><\/p>\n<p><a href=\"https:\/\/devcomp.site\/wp-content\/uploads\/2019\/02\/Step1PPT-Ph_DE.pptx\" target=\"_blank\" rel=\"noopener\">Powerpoint<\/a><\/p>\n<\/div>\n<\/div><\/div><div id=\"panel-w64eca89436cfa-0-1-4\" class=\"so-panel widget widget_sow-editor\" data-index=\"5\" ><div\n\t\t\t\n\t\t\tclass=\"so-widget-sow-editor so-widget-sow-editor-base\"\n\t\t\t\n\t\t>\n<div class=\"siteorigin-widget-tinymce textwidget\">\n\t<h3>Schritt 2: Wir haben eine grosse Familie<\/h3>\n<p>Leah wohnt direkt am Strand. Sie nimmt uns mit in ihre Kirchgemeinde, die f\u00fcr sie ihre Familie ist. Und es ist auch unsere Familie! Leah zeigt uns, was sie mit ihrer Kirchgemeinde alles f\u00fcr die Menschen in ihrem Umfeld tut. Das gibt uns Ideen, wie auch wir als Gemeinde ganz viele unterschiedliche Dinge f\u00fcreinander und f\u00fcr andere tun k\u00f6nnen. <\/p>\n<\/div>\n<\/div><\/div><div id=\"panel-w64eca89436cfa-0-1-5\" class=\"so-panel widget widget_ink-video\" data-index=\"6\" ><div\n\t\t\t\n\t\t\tclass=\"so-widget-ink-video so-widget-ink-video-base\"\n\t\t\t\n\t\t>\n<div class=\"iw-so-video\">\n\n\t\n\t\t<div class=\"video-flex-frame\">\n\t\t\t<iframe title=\"Komm mit in meine Welt Philippinen - Wir haben eine grosse Familie\" src=\"https:\/\/player.vimeo.com\/video\/315241784?dnt=1&amp;app_id=122963\" width=\"500\" height=\"281\" frameborder=\"0\" allow=\"autoplay; fullscreen; picture-in-picture; clipboard-write; encrypted-media; web-share\" referrerpolicy=\"strict-origin-when-cross-origin\"><\/iframe>\t\t<\/div>\n\n\t\n<\/div>\n<\/div><\/div><div id=\"panel-w64eca89436cfa-0-1-6\" class=\"so-panel widget widget_sow-editor\" data-index=\"7\" ><div\n\t\t\t\n\t\t\tclass=\"so-widget-sow-editor so-widget-sow-editor-base\"\n\t\t\t\n\t\t>\n<div class=\"siteorigin-widget-tinymce textwidget\">\n\t<h5>Material zum Drucken \/ Herunterladen<\/h5>\n<p><a href=\"https:\/\/devcomp.site\/wp-content\/uploads\/2019\/02\/SIMSPhilippines_Passports_Step2_DE_livret.pdf\" target=\"_blank\" rel=\"noopener\">Reisepass<\/a><\/p>\n<p><a href=\"https:\/\/devcomp.site\/wp-content\/uploads\/2019\/02\/Step2PPT-Ph_DE.pptx\" target=\"_blank\" rel=\"noopener\">Powerpoint<\/a><\/p>\n<p><a href=\"https:\/\/devcomp.site\/wp-content\/uploads\/2019\/02\/ZUR_KIRCHE_GEHOREN.pdf\" target=\"_blank\" rel=\"noopener\">Bastelvorlage<\/a><\/p>\n<\/div>\n<\/div><\/div><div id=\"panel-w64eca89436cfa-0-1-7\" class=\"so-panel widget widget_sow-editor\" data-index=\"8\" ><div\n\t\t\t\n\t\t\tclass=\"so-widget-sow-editor so-widget-sow-editor-base\"\n\t\t\t\n\t\t>\n<div class=\"siteorigin-widget-tinymce textwidget\">\n\t<h3>Schritt 3: Hoffnung trotz Armut<\/h3>\n<p>Audrey Mae ist ein fr\u00f6hliches Kind. Obwohl sie in einem Quartier lebt, in dem die Armut den Leuten zu schaffen macht, hat sie Zukunftstr\u00e4ume und darf viel Sch\u00f6nes erleben, denn sie hat Menschen um sich, die ihr Hoffnung geben. Wir gehen mit Audrey Mae zu diesen Personen und h\u00f6ren ihnen zu, wie sie Gott nachfolgen und sich um ihre bed\u00fcrftigen Mitmenschen k\u00fcmmern. <\/p>\n<\/div>\n<\/div><\/div><div id=\"panel-w64eca89436cfa-0-1-8\" class=\"so-panel widget widget_ink-video\" data-index=\"9\" ><div\n\t\t\t\n\t\t\tclass=\"so-widget-ink-video so-widget-ink-video-base\"\n\t\t\t\n\t\t>\n<div class=\"iw-so-video\">\n\n\t\n\t\t<div class=\"video-flex-frame\">\n\t\t\t<iframe title=\"Komm mit in meine Welt Philippinen - Hoffnung trotz Armut\" src=\"https:\/\/player.vimeo.com\/video\/315241460?dnt=1&amp;app_id=122963\" width=\"500\" height=\"281\" frameborder=\"0\" allow=\"autoplay; fullscreen; picture-in-picture; clipboard-write; encrypted-media; web-share\" referrerpolicy=\"strict-origin-when-cross-origin\"><\/iframe>\t\t<\/div>\n\n\t\n<\/div>\n<\/div><\/div><div id=\"panel-w64eca89436cfa-0-1-9\" class=\"so-panel widget widget_sow-editor\" data-index=\"10\" ><div\n\t\t\t\n\t\t\tclass=\"so-widget-sow-editor so-widget-sow-editor-base\"\n\t\t\t\n\t\t>\n<div class=\"siteorigin-widget-tinymce textwidget\">\n\t<h5>Material zum Drucken \/ Herunterladen<\/h5>\n<p><a href=\"https:\/\/devcomp.site\/wp-content\/uploads\/2019\/02\/SIMSPhilippines_Passports_Step3_DE_livret.pdf\" target=\"_blank\" rel=\"noopener\">Reisepass<\/a><\/p>\n<p><a href=\"https:\/\/devcomp.site\/wp-content\/uploads\/2019\/02\/Step3PPT-Ph_DE.pptx\" target=\"_blank\" rel=\"noopener\">Powerpoint<\/a><\/p>\n<p><a href=\"https:\/\/devcomp.site\/wp-content\/uploads\/2019\/02\/Explorer_Craft_Memory_Game_de.pdf\" target=\"_blank\" rel=\"noopener\">Anleitung Memory<\/a><\/p>\n<p><a href=\"https:\/\/devcomp.site\/wp-content\/uploads\/2019\/02\/6.-jump-rope_de-1.pdf\" target=\"_blank\" rel=\"noopener\">Anleitung Springseile<\/a><\/p>\n<p><a href=\"https:\/\/devcomp.site\/wp-content\/uploads\/2022\/06\/Anleitung_Tumbang_preso.pdf\">Anleitung Tumbang preso<\/a><\/p>\n<p><a href=\"https:\/\/devcomp.site\/wp-content\/uploads\/2022\/06\/Reisepass_Version_Sonntag_fuer_unsere_Naechsten.pdf\">Reisepass Version Sonntag f\u00fcr unsere N\u00e4chsten<\/a><\/p>\n<p>&nbsp;<\/p>\n<\/div>\n<\/div><\/div><div id=\"panel-w64eca89436cfa-0-1-10\" class=\"so-panel widget widget_sow-editor\" data-index=\"11\" ><div\n\t\t\t\n\t\t\tclass=\"so-widget-sow-editor so-widget-sow-editor-base\"\n\t\t\t\n\t\t>\n<div class=\"siteorigin-widget-tinymce textwidget\">\n\t<h3>Schritt 4: Was ist dein n\u00e4chster Schritt?<\/h3>\n<p>Zum Schluss lernen wir noch Heugene und Heunice kennen. Als Kinder hatten sie wie Audrey Mae Leute um sich herum, die an sie geglaubt und ihnen Jesus und somit Hoffnung gebracht haben. Jetzt, wo Heugene und Heunice gross sind, zeigen sie uns, wie sie nun selbst f\u00fcr andere Kinder da sind und Jesu Liebe ganz praktisch leben. Dabei sind sie sehr kreativ. Hast auch du eine gute Idee, wie dein n\u00e4chster Schritt mit Jesus aussehen k\u00f6nnte?<\/p>\n<\/div>\n<\/div><\/div><div id=\"panel-w64eca89436cfa-0-1-11\" class=\"so-panel widget widget_ink-video\" data-index=\"12\" ><div\n\t\t\t\n\t\t\tclass=\"so-widget-ink-video so-widget-ink-video-base\"\n\t\t\t\n\t\t>\n<div class=\"iw-so-video\">\n\n\t\n\t\t<div class=\"video-flex-frame\">\n\t\t\t<iframe title=\"Komm mit in meine Welt Philippinen - Was ist dein n\u00e4chster Schritt?\" src=\"https:\/\/player.vimeo.com\/video\/315247921?dnt=1&amp;app_id=122963\" width=\"500\" height=\"281\" frameborder=\"0\" allow=\"autoplay; fullscreen; picture-in-picture; clipboard-write; encrypted-media; web-share\" referrerpolicy=\"strict-origin-when-cross-origin\"><\/iframe>\t\t<\/div>\n\n\t\n<\/div>\n<\/div><\/div><div id=\"panel-w64eca89436cfa-0-1-12\" class=\"so-panel widget widget_sow-editor panel-last-child\" data-index=\"13\" ><div\n\t\t\t\n\t\t\tclass=\"so-widget-sow-editor so-widget-sow-editor-base\"\n\t\t\t\n\t\t>\n<div class=\"siteorigin-widget-tinymce textwidget\">\n\t<h5>Material zum Drucken \/ Herunterladen<\/h5>\n<p><a href=\"https:\/\/devcomp.site\/wp-content\/uploads\/2019\/02\/SIMSPhilippines_Passports_Step4_DE_livret.pdf\" target=\"_blank\" rel=\"noopener\">Reisepass<\/a><\/p>\n<p><a href=\"https:\/\/devcomp.site\/wp-content\/uploads\/2019\/02\/Step4PPT-Ph_DE.pptx\" target=\"_blank\" rel=\"noopener\">Powerpoint<\/a><\/p>\n<\/div>\n<\/div><\/div><\/div><\/div><\/div><\/div><\/div><\/div><\/div><\/div><\/div><div class=\"section background-blue section_abgerissen_unten section_abgerissen_oben remove_margin_bottom section_gradient_unten\" ><div class=\"row section_row\"><div id=\"pg-107280-2\"  class=\"panel-grid panel-has-style\" ><div id=\"kommit_form\" class=\"panel-row-style panel-row-style-for-107280-2\" ><div id=\"pgc-107280-2-0\"  class=\"panel-grid-cell\" ><div id=\"panel-107280-2-0-0\" class=\"so-panel widget widget_sow-editor panel-first-child\" data-index=\"3\" ><div\n\t\t\t\n\t\t\tclass=\"so-widget-sow-editor so-widget-sow-editor-base\"\n\t\t\t\n\t\t>\n<div class=\"siteorigin-widget-tinymce textwidget\">\n\t<h2 style=\"text-align: center;\">Leitfaden + Lektionen-Set bestellen<\/h2>\n<p class=\"subtitle\">Gerne schicken wir dir dein kostenloses \u201eKomm mit in meine Welt - Philippinen\u201c-Materialset. F\u00fclle dazu das Formular aus.<\/p>\n<\/div>\n<\/div><\/div><div id=\"panel-107280-2-0-1\" class=\"so-panel widget widget_sow-editor panel-last-child\" data-index=\"4\" ><div\n\t\t\t\n\t\t\tclass=\"so-widget-sow-editor so-widget-sow-editor-base\"\n\t\t\t\n\t\t>\n<div class=\"siteorigin-widget-tinymce textwidget\">\n\t\n<div class=\"wpcf7 no-js\" id=\"wpcf7-f107303-o1\" lang=\"de-DE\" dir=\"ltr\" data-wpcf7-id=\"107303\">\n<div class=\"screen-reader-response\"><p role=\"status\" aria-live=\"polite\" aria-atomic=\"true\"><\/p> <ul><\/ul><\/div>\n<form action=\"\/de\/wp-json\/wp\/v2\/pages\/107280#wpcf7-f107303-o1\" method=\"post\" class=\"wpcf7-form init\" aria-label=\"Kontaktformular\" novalidate=\"novalidate\" data-status=\"init\">\n<fieldset class=\"hidden-fields-container\"><input type=\"hidden\" name=\"_wpcf7\" value=\"107303\" \/><input type=\"hidden\" name=\"_wpcf7_version\" value=\"6.1.5\" \/><input type=\"hidden\" name=\"_wpcf7_locale\" value=\"de_DE\" \/><input type=\"hidden\" name=\"_wpcf7_unit_tag\" value=\"wpcf7-f107303-o1\" \/><input type=\"hidden\" name=\"_wpcf7_container_post\" value=\"0\" \/><input type=\"hidden\" name=\"_wpcf7_posted_data_hash\" value=\"\" \/><input type=\"hidden\" name=\"_wpcf7_recaptcha_response\" value=\"\" \/>\n<\/fieldset>\n<div class=\"large-6 column\">\n\t<div class=\"field-wrapper\">\n\t\t<p><label class=\"no-margin\">Anrede<\/label>\n\t\t<\/p>\n\t\t<div class=\"cf7-input-wrapper\">\n\t\t\t<p><span class=\"wpcf7-form-control-wrap\" data-name=\"radio-569\"><span class=\"wpcf7-form-control wpcf7-radio\"><span class=\"wpcf7-list-item first\"><input type=\"radio\" name=\"radio-569\" value=\"Frau\" checked=\"checked\" \/><span class=\"wpcf7-list-item-label\">Frau<\/span><\/span><span class=\"wpcf7-list-item last\"><input type=\"radio\" name=\"radio-569\" value=\"Herr\" \/><span class=\"wpcf7-list-item-label\">Herr<\/span><\/span><\/span><\/span>\n\t\t\t<\/p>\n\t\t<\/div>\n\t<\/div>\n<\/div>\n<div style=\"clear:both\">\n<\/div>\n<div class=\"large-6 column\">\n\t<div class=\"field-wrapper\">\n\t\t<p><label>Vorname*<\/label>\n\t\t<\/p>\n\t\t<div class=\"cf7-input-wrapper\">\n\t\t\t<p><span class=\"wpcf7-form-control-wrap\" data-name=\"Prenom\"><input size=\"40\" maxlength=\"400\" class=\"wpcf7-form-control wpcf7-text wpcf7-validates-as-required\" aria-required=\"true\" aria-invalid=\"false\" value=\"\" type=\"text\" name=\"Prenom\" \/><\/span>\n\t\t\t<\/p>\n\t\t<\/div>\n\t<\/div>\n\t<div class=\"field-wrapper\">\n\t\t<p><label>Nachname*<\/label>\n\t\t<\/p>\n\t\t<div class=\"cf7-input-wrapper\">\n\t\t\t<p><span class=\"wpcf7-form-control-wrap\" data-name=\"Nom\"><input size=\"40\" maxlength=\"400\" class=\"wpcf7-form-control wpcf7-text wpcf7-validates-as-required\" aria-required=\"true\" aria-invalid=\"false\" value=\"\" type=\"text\" name=\"Nom\" \/><\/span>\n\t\t\t<\/p>\n\t\t<\/div>\n\t<\/div>\n\t<div class=\"field-wrapper\">\n\t\t<p><label>Strasse\/Hausnr.*<\/label>\n\t\t<\/p>\n\t\t<div class=\"cf7-input-wrapper\">\n\t\t\t<p><span class=\"wpcf7-form-control-wrap\" data-name=\"adresse\"><input size=\"40\" maxlength=\"400\" class=\"wpcf7-form-control wpcf7-text wpcf7-validates-as-required\" aria-required=\"true\" aria-invalid=\"false\" value=\"\" type=\"text\" name=\"adresse\" \/><\/span>\n\t\t\t<\/p>\n\t\t<\/div>\n\t<\/div>\n\t<div class=\"field-wrapper\">\n\t\t<p><label>PLZ\/Wohnort*<\/label>\n\t\t<\/p>\n\t\t<div class=\"cf7-input-wrapper\">\n\t\t\t<p><span class=\"wpcf7-form-control-wrap\" data-name=\"lieu\"><input size=\"40\" maxlength=\"400\" class=\"wpcf7-form-control wpcf7-text wpcf7-validates-as-required\" aria-required=\"true\" aria-invalid=\"false\" value=\"\" type=\"text\" name=\"lieu\" \/><\/span>\n\t\t\t<\/p>\n\t\t<\/div>\n\t<\/div>\n\t<div class=\"field-wrapper\">\n\t\t<p><label>Telefon*<\/label>\n\t\t<\/p>\n\t\t<div class=\"cf7-input-wrapper\">\n\t\t\t<p><span class=\"wpcf7-form-control-wrap\" data-name=\"tel\"><input size=\"40\" maxlength=\"400\" class=\"wpcf7-form-control wpcf7-text wpcf7-validates-as-required\" aria-required=\"true\" aria-invalid=\"false\" value=\"\" type=\"text\" name=\"tel\" \/><\/span>\n\t\t\t<\/p>\n\t\t<\/div>\n\t<\/div>\n\t<div class=\"field-wrapper\">\n\t\t<p><label>E-Mail Adresse*<\/label>\n\t\t<\/p>\n\t\t<div class=\"cf7-input-wrapper\">\n\t\t\t<p><span class=\"wpcf7-form-control-wrap\" data-name=\"email\"><input size=\"40\" maxlength=\"400\" class=\"wpcf7-form-control wpcf7-email wpcf7-validates-as-required wpcf7-text wpcf7-validates-as-email\" aria-required=\"true\" aria-invalid=\"false\" value=\"\" type=\"email\" name=\"email\" \/><\/span>\n\t\t\t<\/p>\n\t\t<\/div>\n\t<\/div>\n<\/div>\n<div class=\"large-6 column\">\n\t<div class=\"field-wrapper\">\n\t\t<p><label class=\"large-label\">Kirche\/Gemeinde<\/label>\n\t\t<\/p>\n\t\t<div class=\"cf7-input-wrapper\">\n\t\t\t<p><span class=\"wpcf7-form-control-wrap\" data-name=\"anzahl_gemeinde\"><input size=\"40\" maxlength=\"400\" class=\"wpcf7-form-control wpcf7-text\" aria-invalid=\"false\" value=\"\" type=\"text\" name=\"anzahl_gemeinde\" \/><\/span>\n\t\t\t<\/p>\n\t\t<\/div>\n\t<\/div>\n\t<div class=\"field-wrapper\">\n\t\t<p><label>Bemerkung<\/label>\n\t\t<\/p>\n\t\t<div class=\"cf7-input-wrapper\">\n\t\t\t<p><span class=\"wpcf7-form-control-wrap\" data-name=\"bemerkung\"><textarea cols=\"40\" rows=\"10\" maxlength=\"2000\" class=\"wpcf7-form-control wpcf7-textarea\" aria-invalid=\"false\" name=\"bemerkung\"><\/textarea><\/span>\n\t\t\t<\/p>\n\t\t<\/div>\n\t<\/div>\n\t<p><input class=\"wpcf7-form-control wpcf7-submit has-spinner button float-right button-blue button-medium button-dark-blue\" type=\"submit\" value=\"Absenden\" \/>\n\t<\/p>\n<\/div><div class=\"wpcf7-response-output\" aria-hidden=\"true\"><\/div>\n<\/form>\n<\/div>\n\n<\/div>\n<\/div><\/div><\/div><\/div><\/div><\/div><\/div><div class=\"section background-image section_full_width\" ><div id=\"pg-107280-3\"  class=\"panel-grid panel-has-style\" ><div id=\"kommit_form\" class=\"panel-row-style panel-row-style-for-107280-3\" ><div id=\"pgc-107280-3-0\"  class=\"panel-grid-cell panel-grid-cell-empty\" ><\/div><\/div><\/div><img decoding=\"async\" class=\"background-image-element\" src=\"https:\/\/devcomp.site\/wp-content\/uploads\/2016\/06\/Sims_ph_web_banner_bottom.jpg\"><\/div><\/div><\/div>","protected":false},"excerpt":{"rendered":"<p>Komm mit in meine Welt Philippinen \u00abWir sind berufen, aber wozu?\u00bb Inhaltsmodule f\u00fcr Sonntagsschulen, Familien und Kleingruppen<\/p>\n","protected":false},"author":8,"featured_media":0,"parent":0,"menu_order":0,"comment_status":"closed","ping_status":"closed","template":"","meta":{"give_campaign_id":0,"footnotes":""},"class_list":["post-107280","page","type-page","status-publish","hentry"],"campaignId":"","_links":{"self":[{"href":"https:\/\/devcomp.site\/de\/wp-json\/wp\/v2\/pages\/107280","targetHints":{"allow":["GET"]}}],"collection":[{"href":"https:\/\/devcomp.site\/de\/wp-json\/wp\/v2\/pages"}],"about":[{"href":"https:\/\/devcomp.site\/de\/wp-json\/wp\/v2\/types\/page"}],"author":[{"embeddable":true,"href":"https:\/\/devcomp.site\/de\/wp-json\/wp\/v2\/users\/8"}],"replies":[{"embeddable":true,"href":"https:\/\/devcomp.site\/de\/wp-json\/wp\/v2\/comments?post=107280"}],"version-history":[{"count":0,"href":"https:\/\/devcomp.site\/de\/wp-json\/wp\/v2\/pages\/107280\/revisions"}],"wp:attachment":[{"href":"https:\/\/devcomp.site\/de\/wp-json\/wp\/v2\/media?parent=107280"}],"curies":[{"name":"wp","href":"https:\/\/api.w.org\/{rel}","templated":true}]}}