{"id":107197,"date":"2019-02-04T12:39:06","date_gmt":"2019-02-04T11:39:06","guid":{"rendered":"https:\/\/compassion.ch\/?page_id=107197"},"modified":"2025-07-03T10:06:13","modified_gmt":"2025-07-03T08:06:13","slug":"reisen","status":"publish","type":"page","link":"https:\/\/devcomp.site\/de\/reisen\/","title":{"rendered":"Reisen"},"content":{"rendered":"<div id=\"pl-107197\"  class=\"panel-layout\" ><div class=\"section section_full_width\" ><div id=\"pg-107197-0\"  class=\"panel-grid panel-has-style\" ><div class=\"iw-med-up panel-row-style panel-row-style-for-107197-0\" ><div id=\"pgc-107197-0-0\"  class=\"panel-grid-cell\" ><div id=\"panel-107197-0-0-0\" class=\"so-panel widget widget_image-slider panel-first-child panel-last-child\" data-index=\"0\" ><div\n\t\t\t\n\t\t\tclass=\"so-widget-image-slider so-widget-image-slider-image-slider-style-d75171398898-107197\"\n\t\t\t\n\t\t>\n<div class=\"slick-slider slick-carousel slick-style-head\" data-slickSlides=\"1\" data-slickScroll=\"1\" data-slickArrows=\"true\" data-slickDots=\"true\">\n\n  \n  <div class=\"slide\">\n    <div class=\"slide-image position-center\" style=\"background-image: url(https:\/\/devcomp.site\/wp-content\/uploads\/2019\/02\/slide_page_voyager.jpg);\"><\/div>\n    <div class=\"slide-content-wrapper\">\n      <div class=\"slide-content\">\n              <\/div>\n    <\/div>\n  <\/div>\n\n  \n<\/div>\n<\/div><\/div><\/div><\/div><\/div><\/div><div class=\"section background-blue\" ><div class=\"row section_row\"><div id=\"pg-107197-1\"  class=\"panel-grid panel-has-style\" ><div class=\"panel-row-style panel-row-style-for-107197-1\" ><div id=\"pgc-107197-1-0\"  class=\"panel-grid-cell\" ><div id=\"panel-107197-1-0-0\" class=\"so-panel widget widget_sow-editor panel-first-child panel-last-child\" data-index=\"1\" ><div\n\t\t\t\n\t\t\tclass=\"so-widget-sow-editor so-widget-sow-editor-base\"\n\t\t\t\n\t\t>\n<div class=\"siteorigin-widget-tinymce textwidget\">\n\t<h2 class=\"text-uppercase\" style=\"text-align: center;\">Reisen mit Compassion<\/h2>\n<h4 class=\"subtitle\" style=\"text-align: center;\">M\u00f6chtest du dein Patenkind treffen, ein Kinderzentrum besuchen oder an einer Impact-Reise teilnehmen? Compassion hilft dir mit den Vorbereitungen f\u00fcr einen Besuch vor Ort.<\/h4>\n<\/div>\n<\/div><\/div><\/div><\/div><\/div><\/div><\/div><div class=\"section background-beige\" ><div class=\"row section_row\"><div id=\"pg-107197-2\"  class=\"panel-grid panel-has-style\" ><div id=\"nomarg_section\" class=\"panel-row-style panel-row-style-for-107197-2\" ><div id=\"pgc-107197-2-0\"  class=\"panel-grid-cell\" ><div id=\"panel-107197-2-0-0\" class=\"so-panel widget widget_sow-editor panel-first-child\" data-index=\"2\" ><div id=\"visite_parrain\" class=\"panel-widget-style panel-widget-style-for-107197-2-0-0\" ><div\n\t\t\t\n\t\t\tclass=\"so-widget-sow-editor so-widget-sow-editor-base\"\n\t\t\t\n\t\t>\n<div class=\"siteorigin-widget-tinymce textwidget\">\n\t<\/div>\n<\/div><\/div><\/div><div id=\"panel-107197-2-0-1\" class=\"so-panel widget widget_siteorigin-panels-builder\" data-index=\"3\" ><div id=\"pl-w5ca482fbc2fa3\"  class=\"panel-layout\" ><div class=\"row section_row\"><div id=\"pg-w5ca482fbc2fa3-0\"  class=\"panel-grid panel-no-style\" ><div id=\"pgc-w5ca482fbc2fa3-0-0\"  class=\"panel-grid-cell\" ><div id=\"panel-w5ca482fbc2fa3-0-0-0\" class=\"so-panel widget widget_sow-editor panel-first-child panel-last-child\" data-index=\"0\" ><div\n\t\t\t\n\t\t\tclass=\"so-widget-sow-editor so-widget-sow-editor-base\"\n\t\t\t\n\t\t>\n<div class=\"siteorigin-widget-tinymce textwidget\">\n\t<h3 style=\"text-align: center;\"><span style=\"color: #0054a6;\">INDIVIDUELLER BESUCH<\/span><\/h3>\n<p style=\"text-align: center;\">Hast du dich schon einmal\u00a0gefragt, wie es w\u00e4re, dein Patenkind zu treffen? Dem Kind, mit dem du schon l\u00e4nger \u00fcber Briefe verbunden bist, pers\u00f6nlich zu begegnen? Und hast du dich je gefragt, welche\u00a0Auswirkungen deine Patenschaft hat?<\/p>\n<p style=\"text-align: center;\">Du kannst dein Patenkind auf eigene Faust besuchen. Wir unterst\u00fctzen dich gerne bei der Planung deines Besuchs. Du wirst dein Patenkind im Kinderzentrum und zu Hause treffen und die Familie und die Mitarbeitenden von Compassion kennenlernen.<\/p>\n<p style=\"text-align: center;\">Auch wenn du kein Patenkind hast, helfen wir dir gerne, einen Besuch in einem Kinderzentrum zu organisieren um die Arbeit von Compassion kennenzulernen.<\/p>\n<\/div>\n<\/div><\/div><\/div><\/div><\/div><\/div><\/div><div id=\"panel-107197-2-0-2\" class=\"so-panel widget widget_widget-button\" data-index=\"4\" ><div\n\t\t\t\n\t\t\tclass=\"so-widget-widget-button so-widget-widget-button-widget-button-style-d75171398898-107197\"\n\t\t\t\n\t\t>\n  <div class=\"button-center-wrapper\">\n\n<a href=\"#form\" class=\"button button-blue button-center button-medium\">Informationen anfordern<\/a>\n\n  <\/div>\n<\/div><\/div><div id=\"panel-107197-2-0-3\" class=\"so-panel widget widget_sow-editor\" data-index=\"5\" ><div id=\"decouverte\" class=\"panel-widget-style panel-widget-style-for-107197-2-0-3\" ><div\n\t\t\t\n\t\t\tclass=\"so-widget-sow-editor so-widget-sow-editor-base\"\n\t\t\t\n\t\t>\n<div class=\"siteorigin-widget-tinymce textwidget\">\n\t<hr \/>\n<\/div>\n<\/div><\/div><\/div><div id=\"panel-107197-2-0-4\" class=\"so-panel widget widget_siteorigin-panels-builder\" data-index=\"6\" ><div id=\"impact\" class=\"panel-widget-style panel-widget-style-for-107197-2-0-4\" ><div id=\"pl-w6375f78f3d8b9\"  class=\"panel-layout\" ><div class=\"row section_row\"><div id=\"pg-w6375f78f3d8b9-0\"  class=\"panel-grid panel-no-style\" ><div id=\"pgc-w6375f78f3d8b9-0-0\"  class=\"panel-grid-cell\" ><div id=\"panel-w6375f78f3d8b9-0-0-0\" class=\"so-panel widget widget_sow-editor panel-first-child panel-last-child\" data-index=\"0\" ><div\n\t\t\t\n\t\t\tclass=\"so-widget-sow-editor so-widget-sow-editor-base\"\n\t\t\t\n\t\t>\n<div class=\"siteorigin-widget-tinymce textwidget\">\n\t<h3 style=\"text-align: center;\"><span style=\"color: #0054a6;\">IMPACT-REISE<\/span><\/h3>\n<p style=\"text-align: center;\"><strong>Compassion organisiert regelm\u00e4ssig Impact-Reisen in L\u00e4nder, in denen wir uns im Kampf gegen extreme Armut engagieren.<\/strong><\/p>\n<\/div>\n<\/div><\/div><\/div><\/div><\/div><\/div><\/div><\/div><div id=\"panel-107197-2-0-5\" class=\"so-panel widget widget_sow-headline\" data-index=\"7\" ><div\n\t\t\t\n\t\t\tclass=\"so-widget-sow-headline so-widget-sow-headline-default-0d9e820be35d-107197\"\n\t\t\t\n\t\t><div class=\"sow-headline-container \">\n\t\t\t\t\t\t\t<h5 class=\"sow-headline\">\n\t\t\t\t\t\tDie Reisen haben zwei Ziele:\t\t\t\t\t\t<\/h5>\n\t\t\t\t\t\t\t\t\t\t\t<div class=\"decoration\">\n\t\t\t\t\t\t<div class=\"decoration-inside\"><\/div>\n\t\t\t\t\t<\/div>\n\t\t\t\t\t<\/div>\n<\/div><\/div><div id=\"panel-107197-2-0-6\" class=\"so-panel widget widget_siteorigin-panels-builder\" data-index=\"8\" ><div id=\"pl-w6375f78f3e05e\"  class=\"panel-layout\" ><div class=\"row section_row\"><div id=\"pg-w6375f78f3e05e-0\"  class=\"panel-grid panel-no-style\" ><div id=\"pgc-w6375f78f3e05e-0-0\"  class=\"panel-grid-cell\" ><div id=\"panel-w6375f78f3e05e-0-0-0\" class=\"so-panel widget widget_teaser-box panel-first-child panel-last-child\" data-index=\"0\" ><div\n\t\t\t\n\t\t\tclass=\"so-widget-teaser-box so-widget-teaser-box-teaser-box-style-d75171398898\"\n\t\t\t\n\t\t><div class=\"teaser-box\">\n  <div class=\"image position-center\" style=\"background-image: url(https:\/\/devcomp.site\/wp-content\/uploads\/2016\/06\/Web_Version-0905TG-0366.jpg);\"><\/div>\n  <h4 class=\"svg-divider\"><\/h4>\n  <p>Begegnungen mit Menschen, die in extremer Armut leben und die grossartige Arbeit der Kinderzentren in den Partnerkirchen von Compassion kennenzulernen.<\/p>\n<\/div>\n<\/div><\/div><\/div><div id=\"pgc-w6375f78f3e05e-0-1\"  class=\"panel-grid-cell\" ><div id=\"panel-w6375f78f3e05e-0-1-0\" class=\"so-panel widget widget_teaser-box panel-first-child panel-last-child\" data-index=\"1\" ><div\n\t\t\t\n\t\t\tclass=\"so-widget-teaser-box so-widget-teaser-box-teaser-box-style-d75171398898\"\n\t\t\t\n\t\t><div class=\"teaser-box\">\n  <div class=\"image position-\" style=\"background-image: url(https:\/\/devcomp.site\/wp-content\/uploads\/2017\/03\/compassion_waterfilter.jpg);\"><\/div>\n  <h4 class=\"svg-divider\"><\/h4>\n  <p>Im Vorfeld der Reise sammeln die Teilnehmenden gemeinsam Spenden f\u00fcr ein konkretes Projekt, welches sie vor Ort kennenlernen werden.<\/p>\n<\/div>\n<\/div><\/div><\/div><\/div><\/div><\/div><\/div><div id=\"panel-107197-2-0-7\" class=\"so-panel widget widget_sow-editor\" data-index=\"9\" ><div id=\"decouverte\" class=\"panel-widget-style panel-widget-style-for-107197-2-0-7\" ><div\n\t\t\t\n\t\t\tclass=\"so-widget-sow-editor so-widget-sow-editor-base\"\n\t\t\t\n\t\t>\n<div class=\"siteorigin-widget-tinymce textwidget\">\n\t<p style=\"text-align: center;\">F\u00fcr die Patinnen und Paten von Kindern in dem besuchten Land ist es grunds\u00e4tzlich m\u00f6glich, ihr Patenkind zu treffen.<\/p>\n<p style=\"text-align: center;\"><strong>Die n\u00e4chste Impact-Reise ist f\u00fcr Oktober 2025 in die Dominikanische Republik geplant.<\/strong><\/p>\n<\/div>\n<\/div><\/div><\/div><div id=\"panel-107197-2-0-8\" class=\"so-panel widget widget_widget-button\" data-index=\"10\" ><div\n\t\t\t\n\t\t\tclass=\"so-widget-widget-button so-widget-widget-button-widget-button-style-d75171398898-107197\"\n\t\t\t\n\t\t>\n  <div class=\"button-center-wrapper\">\n\n<a href=\"https:\/\/devcomp.site\/de\/agenda\/impact-reise-in-die-dominikanische-republik\" class=\"button button-blue button-center button-medium\">Weitere Informationen<\/a>\n\n  <\/div>\n<\/div><\/div><div id=\"panel-107197-2-0-9\" class=\"so-panel widget widget_sow-editor\" data-index=\"11\" ><div id=\"decouverte\" class=\"panel-widget-style panel-widget-style-for-107197-2-0-9\" ><div\n\t\t\t\n\t\t\tclass=\"so-widget-sow-editor so-widget-sow-editor-base\"\n\t\t\t\n\t\t>\n<div class=\"siteorigin-widget-tinymce textwidget\">\n\t<hr \/>\n<\/div>\n<\/div><\/div><\/div><div id=\"panel-107197-2-0-10\" class=\"so-panel widget widget_sow-editor\" data-index=\"12\" ><div id=\"sport\" class=\"panel-widget-style panel-widget-style-for-107197-2-0-10\" ><div\n\t\t\t\n\t\t\tclass=\"so-widget-sow-editor so-widget-sow-editor-base\"\n\t\t\t\n\t\t>\n<div class=\"siteorigin-widget-tinymce textwidget\">\n\t<h3 style=\"text-align: center;\"><span style=\"color: #0054a6;\">EIN EXTREMER EINSATZ GEGEN EXTREME ARMUT<\/span><\/h3>\n<p class=\"p1\" style=\"text-align: center;\">Ob du sportlich bist oder gar nicht: die Teilnahme an einem Muskathlon wird das Leben von Kindern in extremer Armut und auch dein eigenes Leben grundlegend ver\u00e4ndern.<\/p>\n<\/div>\n<\/div><\/div><\/div><div id=\"panel-107197-2-0-11\" class=\"so-panel widget widget_media_image panel-last-child\" data-index=\"13\" ><img fetchpriority=\"high\" decoding=\"async\" width=\"2500\" height=\"790\" src=\"https:\/\/devcomp.site\/wp-content\/uploads\/2023\/10\/muskathlon_2024.jpg\" class=\"image wp-image-485391  attachment-full size-full\" alt=\"Muskathlon Philippines 2025\" style=\"max-width: 100%; height: auto;\" srcset=\"https:\/\/devcomp.site\/wp-content\/uploads\/2023\/10\/muskathlon_2024.jpg 2500w, https:\/\/devcomp.site\/wp-content\/uploads\/2023\/10\/muskathlon_2024-300x95.jpg 300w, https:\/\/devcomp.site\/wp-content\/uploads\/2023\/10\/muskathlon_2024-1024x324.jpg 1024w, https:\/\/devcomp.site\/wp-content\/uploads\/2023\/10\/muskathlon_2024-768x243.jpg 768w, https:\/\/devcomp.site\/wp-content\/uploads\/2023\/10\/muskathlon_2024-1536x485.jpg 1536w, https:\/\/devcomp.site\/wp-content\/uploads\/2023\/10\/muskathlon_2024-2048x647.jpg 2048w\" sizes=\"(max-width: 2500px) 100vw, 2500px\" \/><\/div><\/div><\/div><\/div><\/div><\/div><div class=\"section background-beige\" ><div class=\"row section_row\"><div id=\"pg-107197-3\"  class=\"panel-grid panel-has-style\" ><div id=\"form\" class=\"panel-row-style panel-row-style-for-107197-3\" ><div id=\"pgc-107197-3-0\"  class=\"panel-grid-cell\" ><div id=\"panel-107197-3-0-0\" class=\"so-panel widget widget_sow-editor panel-first-child panel-last-child\" data-index=\"14\" ><div\n\t\t\t\n\t\t\tclass=\"so-widget-sow-editor so-widget-sow-editor-base\"\n\t\t\t\n\t\t>\n<div class=\"siteorigin-widget-tinymce textwidget\">\n\t<h3 style=\"text-align: center;\"><span style=\"color: #215eac;\">INFORMATIONEN ANFORDERN<\/span><\/h3>\n<p>&nbsp;<\/p>\n<div class='fluentform ff-default fluentform_wrapper_14 ffs_default_wrap'><form data-form_id=\"14\" id=\"fluentform_14\" class=\"frm-fluent-form fluent_form_14 ff-el-form-top ff_form_instance_14_1 ff-form-loading ff_has_v3_recptcha ffs_default\" data-form_instance=\"ff_form_instance_14_1\" method=\"POST\" data-recptcha_key=\"6Ldp_TMnAAAAAFt320Fd-85Lj8CLBPiqq5BIJAbY\" ><fieldset  style=\"border: none!important;margin: 0!important;padding: 0!important;background-color: transparent!important;box-shadow: none!important;outline: none!important; min-inline-size: 100%;\">\n                    <legend class=\"ff_screen_reader_title\" style=\"display: block; margin: 0!important;padding: 0!important;height: 0!important;text-indent: -999999px;width: 0!important;overflow:hidden;\">Travel with compassion DE<\/legend>        <div\n                style=\"display: none!important; position: absolute!important; transform: translateX(1000%)!important;\"\n                class=\"ff-el-group ff-hpsf-container\"\n        >\n            <div class=\"ff-el-input--label asterisk-right\">\n                <label for=\"ff_14_item_sf\" aria-label=\"Newsletter\">\n                    Newsletter                <\/label>\n            <\/div>\n            <div class=\"ff-el-input--content\">\n                <input type=\"text\"\n                       name=\"item_14__fluent_sf\"\n                       class=\"ff-el-form-control\"\n                       id=\"ff_14_item_sf\"\n                \/>\n            <\/div>\n        <\/div>\n        <input type='hidden' name='__fluent_form_embded_post_id' value='107197' \/><input type=\"hidden\" id=\"_fluentform_14_fluentformnonce\" name=\"_fluentform_14_fluentformnonce\" value=\"813ff3fab3\" \/><input type=\"hidden\" name=\"_wp_http_referer\" value=\"\/de\/wp-json\/wp\/v2\/pages\/107197\" \/><div data-name=\"ff_cn_id_1\"  class='ff-t-container ff-column-container ff_columns_total_2 '><div class='ff-t-cell ff-t-column-1' style='flex-basis: 50%;'><div data-type=\"name-element\" data-name=\"names\" class=\" ff-field_container ff-name-field-wrapper\" ><div class='ff-t-container'><div class='ff-t-cell '><div class='ff-el-group ff-el-form-top'><div class=\"ff-el-input--label ff-el-is-required asterisk-right\"><label for='ff_14_names_first_name_' id='label_ff_14_names_first_name_' >Vorname, Name<\/label><\/div><div class='ff-el-input--content'><input type=\"text\" name=\"names[first_name]\" id=\"ff_14_names_first_name_\" class=\"ff-el-form-control\" placeholder=\"Vorname, Name\" tabindex=\"1\" aria-invalid=\"false\" aria-required=true><\/div><\/div><\/div><\/div><\/div><div class='ff-el-group'><div class=\"ff-el-input--label ff-el-is-required asterisk-right\"><label for='ff_14_input_tel' id='label_ff_14_input_tel' aria-label=\"Telefon\">Telefon<\/label><\/div><div class='ff-el-input--content'><input type=\"text\" name=\"input_tel\" class=\"ff-el-form-control\" placeholder=\"Telefon\" data-name=\"input_tel\" tabindex=\"2\" id=\"ff_14_input_tel\"  aria-invalid=\"false\" aria-required=true><\/div><\/div><div class='ff-el-group'><div class=\"ff-el-input--label ff-el-is-required asterisk-right\"><label for='ff_14_email' id='label_ff_14_email' aria-label=\"E-Mail\">E-Mail<\/label><\/div><div class='ff-el-input--content'><input type=\"email\" name=\"email\" id=\"ff_14_email\" class=\"ff-el-form-control\" placeholder=\"E-Mail\" data-name=\"email\" tabindex=\"3\"  aria-invalid=\"false\" aria-required=true><\/div><\/div><\/div><div class='ff-t-cell ff-t-column-2' style='flex-basis: 50%;'><div class='ff-el-group'><div class=\"ff-el-input--label ff-el-is-required asterisk-right\"><label for='ff_14_choix_infos' id='label_ff_14_choix_infos' aria-label=\"Ich w\u00fcnsche Informationen \u00fcber\">Ich w\u00fcnsche Informationen \u00fcber<\/label><\/div><div class='ff-el-input--content'><select name=\"choix_infos\" id=\"ff_14_choix_infos\" class=\"ff-el-form-control\" data-name=\"choix_infos\" data-calc_value=\"0\" tabindex=\"4\"  aria-invalid=\"false\" aria-required=\"true\" aria-labelledby=\"label_ff_14_choix_infos\"><option value=\"\">-Ausw\u00e4hlen-<\/option><option value=\"Die n\u00e4chste Impact-Reise\"  >Die n\u00e4chste Impact-Reise<\/option><option value=\"Einen individuellen Besuch bei meinem Patenkind\"  >Einen individuellen Besuch bei meinem Patenkind<\/option><option value=\"Muskathlon\"  >Muskathlon<\/option><option value=\"Andere\"  >Andere<\/option><\/select><\/div><\/div><div class='ff-el-group'><div class=\"ff-el-input--label asterisk-right\"><label for='ff_14_message' id='label_ff_14_message' aria-label=\"Anmerkungen\">Anmerkungen<\/label><\/div><div class='ff-el-input--content'><textarea aria-required=\"false\" aria-labelledby=\"label_ff_14_message\" name=\"message\" id=\"ff_14_message\" class=\"ff-el-form-control\" placeholder=\"Anmerkungen\" rows=\"6\" cols=\"2\" data-name=\"message\" tabindex=\"5\" ><\/textarea><\/div><\/div><\/div><\/div><div class='ff-el-group ff-text-right ff_submit_btn_wrapper'><button type=\"submit\" class=\"ff-btn ff-btn-submit ff-btn-lg button button-blue button-medium ff_btn_no_style\" tabindex=\"6\"  aria-label=\"Senden\">Senden<\/button><\/div><\/fieldset><\/form><div id='fluentform_14_errors' class='ff-errors-in-stack ff_form_instance_14_1 ff-form-loading_errors ff_form_instance_14_1_errors'><\/div><\/div>            <script type=\"text\/javascript\">\n                window.fluent_form_ff_form_instance_14_1 = {\"id\":\"14\",\"settings\":{\"layout\":{\"labelPlacement\":\"top\",\"helpMessagePlacement\":\"with_label\",\"errorMessagePlacement\":\"inline\"},\"restrictions\":{\"denyEmptySubmission\":{\"enabled\":false}}},\"form_instance\":\"ff_form_instance_14_1\",\"form_id_selector\":\"fluentform_14\",\"rules\":{\"names[first_name]\":{\"required\":{\"value\":true,\"message\":\"Das Feld ist erforderlich.\",\"global_message\":\"Ce champ est obligatoire\",\"global\":false}},\"names[middle_name]\":{\"required\":{\"value\":false,\"message\":\"Ce champ est obligatoire\",\"global_message\":\"Ce champ est obligatoire\",\"global\":true}},\"names[last_name]\":{\"required\":{\"value\":false,\"message\":\"Ce champ est obligatoire\",\"global_message\":\"Ce champ est obligatoire\",\"global\":true}},\"input_tel\":{\"required\":{\"value\":true,\"message\":\"Das Feld ist erforderlich.\",\"global_message\":\"Ce champ est obligatoire\",\"global\":false}},\"email\":{\"required\":{\"value\":true,\"message\":\"Das Feld ist erforderlich.\",\"global_message\":\"Ce champ est obligatoire\",\"global\":false},\"email\":{\"value\":true,\"message\":\"Die eingegebene E-Mail-Adresse ist ung\\u00fcltig.\",\"global_message\":\"Ce champ doit contenir un e-mail valide\",\"global\":false}},\"choix_infos\":{\"required\":{\"value\":true,\"message\":\"Das Feld ist erforderlich.\",\"global_message\":\"Ce champ est obligatoire\",\"global\":false}},\"message\":{\"required\":{\"value\":false,\"message\":\"Ce champ est obligatoire\",\"global_message\":\"Ce champ est obligatoire\",\"global\":true}}},\"debounce_time\":300};\n                            <\/script>\n            \n<\/div>\n<\/div><\/div><\/div><\/div><\/div><\/div><\/div><\/div>","protected":false},"excerpt":{"rendered":"<p>Reisen mit Compassion M\u00f6chtest du dein Patenkind treffen, ein Kinderzentrum besuchen oder an einer Impact-Reise teilnehmen? Compassion hilft dir mit den Vorbereitungen f\u00fcr einen Besuch vor Ort.<\/p>\n","protected":false},"author":8,"featured_media":0,"parent":0,"menu_order":0,"comment_status":"closed","ping_status":"closed","template":"","meta":{"give_campaign_id":0,"footnotes":""},"class_list":["post-107197","page","type-page","status-publish","hentry"],"campaignId":"","_links":{"self":[{"href":"https:\/\/devcomp.site\/de\/wp-json\/wp\/v2\/pages\/107197","targetHints":{"allow":["GET"]}}],"collection":[{"href":"https:\/\/devcomp.site\/de\/wp-json\/wp\/v2\/pages"}],"about":[{"href":"https:\/\/devcomp.site\/de\/wp-json\/wp\/v2\/types\/page"}],"author":[{"embeddable":true,"href":"https:\/\/devcomp.site\/de\/wp-json\/wp\/v2\/users\/8"}],"replies":[{"embeddable":true,"href":"https:\/\/devcomp.site\/de\/wp-json\/wp\/v2\/comments?post=107197"}],"version-history":[{"count":11,"href":"https:\/\/devcomp.site\/de\/wp-json\/wp\/v2\/pages\/107197\/revisions"}],"predecessor-version":[{"id":558677,"href":"https:\/\/devcomp.site\/de\/wp-json\/wp\/v2\/pages\/107197\/revisions\/558677"}],"wp:attachment":[{"href":"https:\/\/devcomp.site\/de\/wp-json\/wp\/v2\/media?parent=107197"}],"curies":[{"name":"wp","href":"https:\/\/api.w.org\/{rel}","templated":true}]}}